{"id":2884,"date":"2023-01-20T08:24:16","date_gmt":"2023-01-20T01:24:16","guid":{"rendered":"http:\/\/alumdoor.com\/?post_type=product&#038;p=2884"},"modified":"2025-10-28T14:27:00","modified_gmt":"2025-10-28T07:27:00","slug":"ron-la-day-cua-cuon-khe-thoang","status":"publish","type":"product","link":"https:\/\/alumdoor.com\/km\/product\/ron-la-day-cua-cuon-khe-thoang\/","title":{"rendered":"Ron L\u00e1 \u0110\u00e1y C\u1eeda Cu\u1ed1n Khe Tho\u00e1ng"},"content":{"rendered":"","protected":false},"excerpt":{"rendered":"<h2><strong><span style=\"font-size: 80%;\">Ron L\u00e1 \u0110\u00e1y C\u1eeda Cu\u1ed1n Khe Tho\u00e1ng<\/span><\/strong><\/h2>\n<p>Ron l\u00e1 \u0111\u00e1y <a href=\"https:\/\/alumdoor.com\/km\/san-pham-cua-cuon\/cua-cuon-khe-thoang\/\">c\u1eeda cu\u1ed1n khe tho\u00e1ng<\/a> c\u1ee7a Alumdoor l\u00e0 m\u1ed9t trong nh\u1eefng ph\u1ee5 ki\u1ec7n quan tr\u1ecdng gi\u00fap b\u1ea3o v\u1ec7 c\u1eeda cu\u1ed1n kh\u1ecfi c\u00e1c t\u00e1c \u0111\u1ed9ng b\u00ean ngo\u00e0i, b\u1ee5i b\u1ea9n hay c\u00e1c y\u1ebfu t\u1ed1 kh\u00e1c t\u1eeb m\u00f4i tr\u01b0\u1eddng b\u00ean ngo\u00e0i. V\u1edbi ch\u1ea5t li\u1ec7u nh\u1ef1a d\u1ebbo cao c\u1ea5p v\u00e0 thi\u1ebft k\u1ebf tinh t\u1ebf. S\u1ea3n ph\u1ea9m n\u00e0y l\u00e0 m\u1ed9t ph\u1ea7n kh\u00f4ng th\u1ec3 thi\u1ebfu cho b\u1ed9 c\u1eeda cu\u1ed1n v\u00e0 l\u00e0m cho c\u1eeda cu\u1ed1n khe tho\u00e1ng c\u1ee7a b\u1ea1n an to\u00e0n h\u01a1n bao gi\u1edd h\u1ebft. <strong><a href=\"https:\/\/zalo.me\/0946484889\">Li\u00ean h\u1ec7 \u0111\u1ec3 nh\u1eadn ngay b\u00e1o gi\u00e1<\/a><\/strong>.<\/p>","protected":false},"featured_media":5387,"comment_status":"open","ping_status":"closed","template":"","meta":[],"product_brand":[292],"product_cat":[87],"product_tag":[335,334],"class_list":{"0":"post-2884","1":"product","2":"type-product","3":"status-publish","4":"has-post-thumbnail","6":"product_brand-alumdoor","7":"product_cat-phu-kien-cua-cuon","8":"product_tag-ron-la-day-cua-cuon-duc","9":"product_tag-ron-la-day-cua-cuon-khe-thoang","11":"first","12":"instock","13":"shipping-taxable","14":"product-type-simple"},"blog_post_layout_featured_media_urls":{"thumbnail":["https:\/\/alumdoor.com\/wp-content\/uploads\/2025\/10\/Website-Product-77-280x280.png",280,280,true],"full":["https:\/\/alumdoor.com\/wp-content\/uploads\/2025\/10\/Website-Product-77.png",1182,1182,false]},"categories":["292"],"categories_names":{"292":{"name":"Alumdoor","link":"https:\/\/alumdoor.com\/km\/brand\/alumdoor\/"}},"comments_number":"0","_links":{"self":[{"href":"https:\/\/alumdoor.com\/km\/wp-json\/wp\/v2\/product\/2884","targetHints":{"allow":["GET"]}}],"collection":[{"href":"https:\/\/alumdoor.com\/km\/wp-json\/wp\/v2\/product"}],"about":[{"href":"https:\/\/alumdoor.com\/km\/wp-json\/wp\/v2\/types\/product"}],"replies":[{"embeddable":true,"href":"https:\/\/alumdoor.com\/km\/wp-json\/wp\/v2\/comments?post=2884"}],"wp:featuredmedia":[{"embeddable":true,"href":"https:\/\/alumdoor.com\/km\/wp-json\/wp\/v2\/media\/5387"}],"wp:attachment":[{"href":"https:\/\/alumdoor.com\/km\/wp-json\/wp\/v2\/media?parent=2884"}],"wp:term":[{"taxonomy":"product_brand","embeddable":true,"href":"https:\/\/alumdoor.com\/km\/wp-json\/wp\/v2\/product_brand?post=2884"},{"taxonomy":"product_cat","embeddable":true,"href":"https:\/\/alumdoor.com\/km\/wp-json\/wp\/v2\/product_cat?post=2884"},{"taxonomy":"product_tag","embeddable":true,"href":"https:\/\/alumdoor.com\/km\/wp-json\/wp\/v2\/product_tag?post=2884"}],"curies":[{"name":"wp","href":"https:\/\/api.w.org\/{rel}","templated":true}]}}