{"id":2555,"date":"2023-07-14T09:02:32","date_gmt":"2023-07-14T02:02:32","guid":{"rendered":"http:\/\/alumdoor.com\/?post_type=product&#038;p=2555"},"modified":"2025-10-27T16:35:03","modified_gmt":"2025-10-27T09:35:03","slug":"la-dai-loan-bang-75-hoa-van","status":"publish","type":"product","link":"https:\/\/alumdoor.com\/km\/product\/la-dai-loan-bang-75-hoa-van\/","title":{"rendered":"L\u00e1 \u0110\u00e0i Loan B\u1ea3ng 75 Hoa V\u0103n"},"content":{"rendered":"<h1><strong><span style=\"font-size: 85%;\">Gi\u1edbi thi\u1ec7u v\u1ec1 L\u00e1 \u0110\u00e0i Loan B\u1ea3ng 75 Hoa V\u0103n<\/span><\/strong><\/h1>\n<p>C\u1eeda cu\u1ed1n \u0110\u00e0i Loan l\u00e0 m\u1ed9t trong nh\u1eefng l\u1ef1a ch\u1ecdn ph\u1ed5 bi\u1ebfn cho c\u00e1c c\u00f4ng tr\u00ecnh x\u00e2y d\u1ef1ng hi\u1ec7n \u0111\u1ea1i. V\u1edbi thi\u1ebft k\u1ebf tinh t\u1ebf v\u00e0 ch\u1ea5t l\u01b0\u1ee3ng v\u01b0\u1ee3t tr\u1ed9i, l\u00e1 \u0111\u00e0i loan b\u1ea3ng 75 hoa v\u0103n kh\u00f4ng ch\u1ec9 mang l\u1ea1i s\u1ef1 an to\u00e0n m\u00e0 c\u00f2n t\u0103ng th\u00eam v\u1ebb \u0111\u1eb9p cho ng\u00f4i nh\u00e0 c\u1ee7a b\u1ea1n. Trong b\u00e0i vi\u1ebft n\u00e0y, ch\u00fang ta s\u1ebd t\u00ecm hi\u1ec3u v\u1ec1 c\u1ea5u t\u1ea1o, \u01b0u \u0111i\u1ec3m v\u00e0 c\u00e1ch ch\u1ecdn c\u1eeda cu\u1ed1n \u0110\u00e0i Loan ph\u00f9 h\u1ee3p.<\/p>\n<h2><strong><span style=\"font-size: 80%;\">1. C\u1ea5u t\u1ea1o c\u1eeda cu\u1ed1n \u0110\u00e0i Loan<\/span><\/strong><\/h2>\n<p>C\u1eeda cu\u1ed1n \u0110\u00e0i Loan \u0111\u01b0\u1ee3c c\u1ea5u t\u1ea1o t\u1eeb c\u00e1c v\u1eadt li\u1ec7u ch\u1ea5t l\u01b0\u1ee3ng cao, \u0111\u1ea3m b\u1ea3o \u0111\u1ed9 b\u1ec1n v\u00e0 t\u00ednh th\u1ea9m m\u1ef9. D\u01b0\u1edbi \u0111\u00e2y l\u00e0 chi ti\u1ebft v\u1ec1 c\u1ea5u t\u1ea1o c\u1ee7a l\u00e1 \u0111\u00e0i loan b\u1ea3ng 75 hoa v\u0103n:<\/p>\n<ul>\n<li><strong>Ch\u1ea5t li\u1ec7u<\/strong>: H\u1ee3p kim th\u00e9p m\u1ea1 m\u00e0u ph\u1ee7 polyester ch\u1ed1ng bay m\u00e0u, gi\u00fap c\u1eeda cu\u1ed1n b\u1ec1n b\u1ec9 v\u00e0 gi\u1eef m\u00e0u s\u1eafc l\u00e2u d\u00e0i.<\/li>\n<li><strong>M\u00e0u s\u1eafc m\u1eb7c \u0111\u1ecbnh<\/strong>: Xanh ng\u1ecdc &#8211; v\u00e0ng kem ho\u1eb7c xanh ng\u1ecdc &#8211; x\u00e1m l\u00f4ng chu\u1ed9t (c\u00f3 d\u1eadp hoa v\u0103n)<\/li>\n<li><strong>\u0110\u1ed9 d\u00e0y b\u1ea3ng l\u00e1 7.5cm<\/strong>: C\u00f3 c\u00e1c t\u00f9y ch\u1ecdn \u0111\u1ed9 d\u00e0y 6dem, 7dem, 8dem v\u00e0 1ly, \u0111\u00e1p \u1ee9ng nhu c\u1ea7u s\u1eed d\u1ee5ng \u0111a d\u1ea1ng c\u1ee7a ch\u1ee7 nh\u00e0.<\/li>\n<\/ul>\n<h2><strong><span style=\"font-size: 80%;\">2. \u01afu \u0111i\u1ec3m c\u1ee7a c\u1eeda cu\u1ed1n \u0110\u00e0i Loan<\/span><\/strong><\/h2>\n<p>L\u00e1 \u0111\u00e0i loan b\u1ea3ng 75 hoa v\u0103n\u00a0c\u00f3 nhi\u1ec1u \u01b0u \u0111i\u1ec3m n\u1ed5i b\u1eadt, khi\u1ebfn n\u00f3 tr\u1edf th\u00e0nh l\u1ef1a ch\u1ecdn h\u00e0ng \u0111\u1ea7u cho nhi\u1ec1u gia \u0111\u00ecnh v\u00e0 doanh nghi\u1ec7p:<\/p>\n<ul>\n<li><strong>\u0110\u1ed9 b\u1ec1n v\u00e0 ch\u1ea5t l\u01b0\u1ee3ng<\/strong>: V\u1edbi ch\u1ea5t li\u1ec7u h\u1ee3p kim th\u00e9p m\u1ea1 m\u00e0u ph\u1ee7 polyester, l\u00e1 \u0111\u00e0i loan b\u1ea3ng 75 hoa v\u0103n\u00a0c\u00f3 kh\u1ea3 n\u0103ng ch\u1ed1ng ch\u1ecbu t\u1ed1t v\u1edbi th\u1eddi ti\u1ebft v\u00e0 m\u00f4i tr\u01b0\u1eddng kh\u1eafc nghi\u1ec7t.<\/li>\n<li><strong>T\u00ednh an to\u00e0n v\u00e0 b\u1ea3o m\u1eadt<\/strong>: L\u00e1 \u0111\u00e0i loan b\u1ea3ng 75 hoa v\u0103n\u00a0\u0111\u01b0\u1ee3c thi\u1ebft k\u1ebf ch\u1eafc ch\u1eafn, gi\u00fap b\u1ea3o v\u1ec7 ng\u00f4i nh\u00e0 c\u1ee7a b\u1ea1n kh\u1ecfi c\u00e1c t\u00e1c \u0111\u1ed9ng b\u00ean ngo\u00e0i.<\/li>\n<li><strong>Gi\u00e1 c\u1ea3 h\u1ee3p l\u00fd<\/strong>: So v\u1edbi c\u00e1c lo\u1ea1i c\u1eeda cu\u1ed1n kh\u00e1c, l\u00e1 \u0111\u00e0i loan b\u1ea3ng 75 hoa v\u0103n\u00a0c\u00f3 gi\u00e1 c\u1ea3 ph\u1ea3i ch\u0103ng, ph\u00f9 h\u1ee3p v\u1edbi nhi\u1ec1u \u0111\u1ed1i t\u01b0\u1ee3ng kh\u00e1ch h\u00e0ng.<\/li>\n<\/ul>\n<h2><strong><span style=\"font-size: 80%;\">3. C\u00e1c lo\u1ea1i c\u1eeda cu\u1ed1n \u0110\u00e0i Loan ph\u1ed5 bi\u1ebfn<\/span><\/strong><\/h2>\n<p>Hi\u1ec7n nay, tr\u00ean th\u1ecb tr\u01b0\u1eddng c\u00f3 nhi\u1ec1u lo\u1ea1i c\u1eeda cu\u1ed1n \u0110\u00e0i Loan kh\u00e1c nhau, ph\u00f9 h\u1ee3p v\u1edbi nhu c\u1ea7u v\u00e0 s\u1edf th\u00edch c\u1ee7a t\u1eebng kh\u00e1ch h\u00e0ng:<\/p>\n<ul>\n<li><strong>C\u1eeda cu\u1ed1n \u0110\u00e0i Loan k\u00e9o tay<\/strong>: Lo\u1ea1i c\u1eeda cu\u1ed1n n\u00e0y d\u1ec5 s\u1eed d\u1ee5ng v\u00e0 kh\u00f4ng c\u1ea7n \u0111i\u1ec7n n\u0103ng, ph\u00f9 h\u1ee3p cho c\u00e1c c\u00f4ng tr\u00ecnh nh\u1ecf. L\u00e1 \u0111\u00e0i loan b\u1ea3ng 75 hoa v\u0103n\u00a0c\u0169ng c\u00f3 th\u1ec3 \u0111\u01b0\u1ee3c s\u1eed d\u1ee5ng cho lo\u1ea1i c\u1eeda cu\u1ed1n n\u00e0y.<\/li>\n<li><strong>C\u1eeda cu\u1ed1n \u0110\u00e0i Loan d\u00f9ng motor<\/strong>: \u0110\u01b0\u1ee3c trang b\u1ecb c\u00e1c d\u00f2ng motor nh\u01b0 <a href=\"https:\/\/alumdoor.com\/km\/product\/motor-tanker-400kg\/\">Motor Tanker 400kg<\/a>, <a href=\"https:\/\/alumdoor.com\/km\/product\/motor-tanker-400kg\/\">Motor Tanker 600kg<\/a>, <a href=\"https:\/\/alumdoor.com\/km\/product\/motor-alumax-400kg\/\">Motor Alumax 400kg<\/a>, <a href=\"https:\/\/alumdoor.com\/km\/product\/motor-alumax-600kg\/\">Motor Alumax 600kg<\/a>,&#8230; gi\u00fap vi\u1ec7c m\u1edf v\u00e0 \u0111\u00f3ng c\u1eeda tr\u1edf n\u00ean d\u1ec5 d\u00e0ng v\u00e0 ti\u1ec7n l\u1ee3i h\u01a1n. L\u00e1 \u0111\u00e0i loan b\u1ea3ng 75 hoa v\u0103n c\u0169ng l\u00e0 m\u1ed9t l\u1ef1a ch\u1ecdn t\u1ed1t cho lo\u1ea1i c\u1eeda cu\u1ed1n n\u00e0y.<\/li>\n<li><strong>C\u1eeda cu\u1ed1n \u0110\u00e0i Loan inox 304<\/strong>: Lo\u1ea1i c\u1eeda cu\u1ed1n n\u00e0y c\u00f3 \u0111\u1ed9 b\u1ec1n cao v\u00e0 kh\u1ea3 n\u0103ng ch\u1ed1ng g\u1ec9 s\u00e9t t\u1ed1t, ph\u00f9 h\u1ee3p cho c\u00e1c khu v\u1ef1c c\u00f3 \u0111\u1ed9 \u1ea9m cao.\u00a0L\u00e1 \u0111\u00e0i loan b\u1ea3ng 75 hoa v\u0103n\u00a0c\u0169ng c\u00f3 th\u1ec3 \u0111\u01b0\u1ee3c s\u1eed d\u1ee5ng cho lo\u1ea1i c\u1eeda cu\u1ed1n n\u00e0y.<\/li>\n<\/ul>\n<h2><strong><span style=\"font-size: 80%;\">4. C\u00e1ch ch\u1ecdn c\u1eeda cu\u1ed1n \u0110\u00e0i Loan ph\u00f9 h\u1ee3p<\/span><\/strong><\/h2>\n<p>\u0110\u1ec3 ch\u1ecdn \u0111\u01b0\u1ee3c l\u00e1 \u0111\u00e0i loan ph\u00f9 h\u1ee3p, b\u1ea1n c\u1ea7n l\u01b0u \u00fd m\u1ed9t s\u1ed1 ti\u00eau ch\u00ed sau:<\/p>\n<ul>\n<li><strong>Ti\u00eau ch\u00ed l\u1ef1a ch\u1ecdn c\u1eeda cu\u1ed1n<\/strong>: Xem x\u00e9t nhu c\u1ea7u s\u1eed d\u1ee5ng, v\u1ecb tr\u00ed l\u1eafp \u0111\u1eb7t v\u00e0 ng\u00e2n s\u00e1ch c\u1ee7a b\u1ea1n \u0111\u1ec3 ch\u1ecdn lo\u1ea1i c\u1eeda cu\u1ed1n ph\u00f9 h\u1ee3p. L\u00e1 \u0111\u00e0i loan b\u1ea3ng 75 hoa v\u0103n l\u00e0 m\u1ed9t l\u1ef1a ch\u1ecdn \u0111\u00e1ng c\u00e2n nh\u1eafc.<\/li>\n<li><strong>So s\u00e1nh c\u00e1c lo\u1ea1i c\u1eeda cu\u1ed1n \u0110\u00e0i Loan<\/strong>: \u0110\u00e1nh gi\u00e1 c\u00e1c lo\u1ea1i c\u1eeda cu\u1ed1n kh\u00e1c nhau v\u1ec1 ch\u1ea5t li\u1ec7u, \u0111\u1ed9 b\u1ec1n, t\u00ednh n\u0103ng v\u00e0 gi\u00e1 c\u1ea3 \u0111\u1ec3 \u0111\u01b0a ra quy\u1ebft \u0111\u1ecbnh \u0111\u00fang \u0111\u1eafn. L\u00e1 \u0111\u00e0i loan b\u1ea3ng 75 hoa v\u0103n th\u01b0\u1eddng \u0111\u01b0\u1ee3c \u0111\u00e1nh gi\u00e1 cao v\u1ec1 ch\u1ea5t l\u01b0\u1ee3ng v\u00e0 gi\u00e1 tr\u1ecb s\u1eed d\u1ee5ng.<\/li>\n<\/ul>\n<h2><span style=\"font-size: 80%;\"><strong>5. K\u1ebft lu\u1eadn<\/strong><\/span><\/h2>\n<p>L\u00e1 \u0111\u00e0i loan b\u1ea3ng 75 (hoa v\u0103n\u00a0l\u00e0 m\u1ed9t gi\u1ea3i ph\u00e1p ho\u00e0n h\u1ea3o cho ng\u00f4i nh\u00e0 c\u1ee7a b\u1ea1n, mang l\u1ea1i s\u1ef1 an to\u00e0n, ti\u1ec7n l\u1ee3i v\u00e0 th\u1ea9m m\u1ef9. V\u1edbi c\u00e1c \u01b0u \u0111i\u1ec3m v\u01b0\u1ee3t tr\u1ed9i v\u00e0 gi\u00e1 c\u1ea3 v\u00f4 c\u00f9ng h\u1ee3p l\u00fd, c\u1eeda cu\u1ed1n \u0110\u00e0i Loan x\u1ee9ng \u0111\u00e1ng l\u00e0 l\u1ef1a ch\u1ecdn h\u00e0ng \u0111\u1ea7u cho m\u1ecdi gia \u0111\u00ecnh. Khi ch\u1ecdn mua c\u1eeda cu\u1ed1n, h\u00e3y c\u00e2n nh\u1eafc k\u1ef9 l\u01b0\u1ee1ng c\u00e1c ti\u00eau ch\u00ed v\u00e0 so s\u00e1nh c\u00e1c lo\u1ea1i c\u1eeda cu\u1ed1n \u0111\u1ec3 \u0111\u1ea3m b\u1ea3o b\u1ea1n ch\u1ecdn \u0111\u01b0\u1ee3c s\u1ea3n ph\u1ea9m ph\u00f9 h\u1ee3p nh\u1ea5t. \u0110\u1eb7c bi\u1ec7t,\u00a0l\u00e1 \u0111\u00e0i loan b\u1ea3ng 75 hoa v\u0103n\u00a0t\u1eeb th\u01b0\u01a1ng hi\u1ec7u Alumdoor l\u00e0 m\u1ed9t l\u1ef1a ch\u1ecdn tuy\u1ec7t v\u1eddi cho ng\u00f4i nh\u00e0 c\u1ee7a b\u1ea1n.<\/p>","protected":false},"excerpt":{"rendered":"<p><b>L\u00e1 \u0110\u00e0i Loan B\u1ea3ng 75 (Hoa V\u0103n)<\/b> l\u00e0 m\u1ed9t lo\u1ea1i c\u1eeda c\u00f3 c\u1ea5u t\u1ea1o g\u1ed3m nhi\u1ec1u nan l\u00e1 song song v\u00e0 \u0111\u01b0\u1ee3c n\u1ed1i v\u1edbi nhau m\u1ed9t c\u00e1ch ch\u1eb7t ch\u1ebd. C\u00e1c nan l\u00e1 \u0110\u00e0i Loan b\u1ea3ng 75 (hoa v\u0103n) n\u00e0y th\u01b0\u1eddng c\u00f3 thi\u1ebft k\u1ebf r\u1ed7ng v\u00e0 c\u00f3 th\u1ec3 li\u00ean k\u1ebft cu\u1ed1n l\u1ed3ng v\u00e0o nhau \u0111em \u0111\u1ebfn kh\u1ea3 n\u0103ng cu\u1ed1n c\u1eeda linh ho\u1ea1t. C\u00e1c nan l\u00e1 \u0111\u01b0\u1ee3c <strong>s\u1ea3n xu\u1ea5t theo c\u00f4ng ngh\u1ec7 \u0110\u00e0i Loan<\/strong>. Nh\u1edd \u0111\u00f3, c\u1eeda cu\u1ed1n th\u00e0nh ph\u1ea9m \u0111\u1ea1t \u0111\u01b0\u1ee3c \u0111\u1ed9 b\u1ec1n ch\u1eafc, m\u1ea1nh m\u1ebd v\u00e0 kh\u1ecfe kho\u1eafn. Hi\u1ec7n nay,\u00a0<i>c\u1eeda cu\u1ed1n c\u00f4ng ngh\u1ec7 \u0110\u00e0i Loan<\/i> \u0111\u01b0\u1ee3c \u1ee9ng d\u1ee5ng r\u1ed9ng r\u00e3i cho nhi\u1ec1u c\u00f4ng tr\u00ecnh t\u1eeb nh\u00e0 x\u01b0\u1edfng, c\u1eeda h\u00e0ng \u0111\u1ebfn nh\u00e0 ph\u1ed1. <a href=\"https:\/\/zalo.me\/0946484889\">Li\u00ean h\u1ec7 \u0111\u1ec3 nh\u1eadn ngay b\u00e1o gi\u00e1.<\/a><\/p>\n<table>\n<tbody>\n<tr>\n<td><b>N\u1ed8I DUNG<\/b><\/td>\n<td><b>TH\u00d4NG S\u1ed0 K\u1ef8 THU\u1eacT<\/b><\/td>\n<\/tr>\n<tr>\n<td><strong>K\u00edch th\u01b0\u1edbc t\u1ed1i \u0111a (HxW)\u00a0<\/strong><\/td>\n<td>6m x 10m<\/td>\n<\/tr>\n<tr>\n<td><strong>K\u00edch th\u01b0\u1edbc t\u1ed1i thi\u1ec3u<\/strong><\/td>\n<td>2.5m x 2.5m<\/td>\n<\/tr>\n<tr>\n<td><strong>V\u1eadt li\u1ec7u th\u00e2n c\u1eeda<\/strong><\/td>\n<td>Tonl Vi\u1ec7t \u2013 Nh\u1eadt<\/td>\n<\/tr>\n<tr>\n<td><strong>\u0110\u1ed9 d\u00e0y<\/strong><\/td>\n<td>6 dem \/ 7 dem \/ 8 dem \/ 1.0mm<\/td>\n<\/tr>\n<tr>\n<td><strong>C\u00f4ng ngh\u1ec7 s\u01a1n<\/strong><\/td>\n<td>M\u1ea1 m\u00e0u ph\u1ee7 Polyester ch\u1ed1ng tr\u1ea7y<\/td>\n<\/tr>\n<\/tbody>\n<\/table>\n<p>&nbsp;<\/p>","protected":false},"featured_media":5361,"comment_status":"open","ping_status":"closed","template":"","meta":[],"product_brand":[292],"product_cat":[126],"product_tag":[230,277,295,294],"class_list":{"0":"post-2555","1":"product","2":"type-product","3":"status-publish","4":"has-post-thumbnail","6":"product_brand-alumdoor","7":"product_cat-cua-cuon-dai-loan","8":"product_tag-cua-cuon-dai-loan","9":"product_tag-cua-cuon-dai-loan-hoa-van","10":"product_tag-cua-cuon-nha-xuong","11":"product_tag-cua-cuon-thep","13":"first","14":"instock","15":"shipping-taxable","16":"product-type-simple"},"blog_post_layout_featured_media_urls":{"thumbnail":["https:\/\/alumdoor.com\/wp-content\/uploads\/2025\/10\/Website-Product-51-280x280.png",280,280,true],"full":["https:\/\/alumdoor.com\/wp-content\/uploads\/2025\/10\/Website-Product-51.png",1182,1182,false]},"categories":["292"],"categories_names":{"292":{"name":"Alumdoor","link":"https:\/\/alumdoor.com\/km\/brand\/alumdoor\/"}},"comments_number":"0","_links":{"self":[{"href":"https:\/\/alumdoor.com\/km\/wp-json\/wp\/v2\/product\/2555","targetHints":{"allow":["GET"]}}],"collection":[{"href":"https:\/\/alumdoor.com\/km\/wp-json\/wp\/v2\/product"}],"about":[{"href":"https:\/\/alumdoor.com\/km\/wp-json\/wp\/v2\/types\/product"}],"replies":[{"embeddable":true,"href":"https:\/\/alumdoor.com\/km\/wp-json\/wp\/v2\/comments?post=2555"}],"wp:featuredmedia":[{"embeddable":true,"href":"https:\/\/alumdoor.com\/km\/wp-json\/wp\/v2\/media\/5361"}],"wp:attachment":[{"href":"https:\/\/alumdoor.com\/km\/wp-json\/wp\/v2\/media?parent=2555"}],"wp:term":[{"taxonomy":"product_brand","embeddable":true,"href":"https:\/\/alumdoor.com\/km\/wp-json\/wp\/v2\/product_brand?post=2555"},{"taxonomy":"product_cat","embeddable":true,"href":"https:\/\/alumdoor.com\/km\/wp-json\/wp\/v2\/product_cat?post=2555"},{"taxonomy":"product_tag","embeddable":true,"href":"https:\/\/alumdoor.com\/km\/wp-json\/wp\/v2\/product_tag?post=2555"}],"curies":[{"name":"wp","href":"https:\/\/api.w.org\/{rel}","templated":true}]}}