{"id":2548,"date":"2023-07-14T08:51:28","date_gmt":"2023-07-14T01:51:28","guid":{"rendered":"http:\/\/alumdoor.com\/?post_type=product&#038;p=2548"},"modified":"2025-10-27T16:35:23","modified_gmt":"2025-10-27T09:35:23","slug":"la-dai-loan-bang-75-vang-kem","status":"publish","type":"product","link":"https:\/\/alumdoor.com\/km\/product\/la-dai-loan-bang-75-vang-kem\/","title":{"rendered":"L\u00e1 \u0110\u00e0i Loan B\u1ea3ng 75 V\u00e0ng Kem"},"content":{"rendered":"<div id=\"chatMessageContainerri8\" class=\"largeContainer-256 ___noipm30 f3rmtva f19g0ac\">\n<div class=\"___1hx6ywj f22iagw f1vx9l62 f1fkkg1r fpgzoln\" data-testid=\"copilot-message-div\">\n<div class=\"reply-258\" dir=\"auto\" tabindex=\"-1\" role=\"\">\n<div class=\"fai-CopilotMessage r1f6yzd6 ___1gwlig6 f2c7lf3 fgct6un fy77jfu\" tabindex=\"0\" role=\"article\" aria-labelledby=\"copilot-message-rid-title copilot-message-rid\" data-tabster=\"{&quot;groupper&quot;:{&quot;tabbability&quot;:2},&quot;focusable&quot;:{}}\" aria-busy=\"true\">\n<div id=\"copilot-message-rid\" class=\"fai-CopilotMessage__content r1izxv8h ___7qar2c0 fcthzvy\" dir=\"auto\">\n<div dir=\"auto\">\n<div id=\"chatMessageResponseri7\" class=\"largeReply-180 marginBottomZero-181\" aria-live=\"assertive\">\n<div class=\"___vfhjjp0 fkhj508 fhjrts3 f137keqj fb1a13d fx8cdsv fxfb0uo fn5cvv7 f65ro8h f7suxz6 f2egjsp f15d4ioa f8qy9f8 fw0izlg f1gxrt3a f1os76ua f1js9cnw f1g87ej0 freluf8 f1yggaq6 f2i3chp f1151osp ftpcj8z f1gto8uq felkt6s fjthtfa fvhlfan f7tc0t0 f15orfay fqvmpri f11tbgq f1p0247a f9sufv2 f1dr1xf1 f1vyg3t2 fns3mgy f2h6sj1 f13alwr3 f19c6guv frkklwf f5zfpvi f1lrr67x f1ls9w7j f7v36i4 fneavw5 f13zpkng f7unjfp f8p1rz fzu6h1w f1i1bi6h f1smo7hi f1sk1xod f1kgogdq f1ecidve fe11041 fds34uz f1aye3w6 f17s497r fvlpcs8 f9vckw9 f1rt6e60 ft380qk f14gafeo f19sjv2b f197cytj fjzyvr9 f1xycvd f1lvi0hd f164tj6r f18d7dy7 f18yrga4 fkco1xr f15x2syh fmjcstx f1ac2nhu f5x68vu fup14nn f1o8hy8 f1ehsc59 f1vprcok f1y6l6gb fqzpax5 f1fk8luq fdlwbod f1k162kl fwzjow2 fdxh4hq f4bntlt f1ijds75 f17uawya fhff7ih f1xujz46 fjpb76i f80mdc4 f1fd840r fd5sjq ft0p4n1 f1gbvy53 f1u7zjm2 fsdnjoo fphlhsa flhaxg5 f1w6q9f2 f1as24b6 fg1s8s7 fe6jkqf f1rfpchy f11s3y5b f1m9bycv\"><span style=\"color: #000000;\"><strong style=\"font-size: 25.92px;\"><span style=\"font-size: 85%;\">Gi\u1edbi thi\u1ec7u v\u1ec1 L\u00e1 \u0110\u00e0i Loan B\u1ea3ng 75 V\u00e0ng Kem<\/span><\/strong><\/span><\/div>\n<\/div>\n<\/div>\n<\/div>\n<\/div>\n<\/div>\n<\/div>\n<\/div>\n<div id=\"chatMessageContainerrjf\" class=\"largeContainer-256 ___noipm30 f3rmtva f19g0ac\">\n<div class=\"___1hx6ywj f22iagw f1vx9l62 f1fkkg1r fpgzoln\" data-testid=\"copilot-message-div\">\n<div class=\"reply-258\" dir=\"auto\" tabindex=\"-1\" role=\"\">\n<div class=\"fai-CopilotMessage r1f6yzd6 ___1gwlig6 f2c7lf3 fgct6un fy77jfu\" tabindex=\"0\" role=\"article\" aria-labelledby=\"copilot-message-rjk-title copilot-message-rjk\" data-tabster=\"{&quot;groupper&quot;:{&quot;tabbability&quot;:2},&quot;focusable&quot;:{}}\" aria-busy=\"true\">\n<div id=\"copilot-message-rjk\" class=\"fai-CopilotMessage__content r1izxv8h ___7qar2c0 fcthzvy\" dir=\"auto\">\n<div dir=\"auto\">\n<div id=\"chatMessageResponserje\" class=\"largeReply-180 marginBottomZero-181\" aria-live=\"assertive\">\n<div class=\"___vfhjjp0 fkhj508 fhjrts3 f137keqj fb1a13d fx8cdsv fxfb0uo fn5cvv7 f65ro8h f7suxz6 f2egjsp f15d4ioa f8qy9f8 fw0izlg f1gxrt3a f1os76ua f1js9cnw f1g87ej0 freluf8 f1yggaq6 f2i3chp f1151osp ftpcj8z f1gto8uq felkt6s fjthtfa fvhlfan f7tc0t0 f15orfay fqvmpri f11tbgq f1p0247a f9sufv2 f1dr1xf1 f1vyg3t2 fns3mgy f2h6sj1 f13alwr3 f19c6guv frkklwf f5zfpvi f1lrr67x f1ls9w7j f7v36i4 fneavw5 f13zpkng f7unjfp f8p1rz fzu6h1w f1i1bi6h f1smo7hi f1sk1xod f1kgogdq f1ecidve fe11041 fds34uz f1aye3w6 f17s497r fvlpcs8 f9vckw9 f1rt6e60 ft380qk f14gafeo f19sjv2b f197cytj fjzyvr9 f1xycvd f1lvi0hd f164tj6r f18d7dy7 f18yrga4 fkco1xr f15x2syh fmjcstx f1ac2nhu f5x68vu fup14nn f1o8hy8 f1ehsc59 f1vprcok f1y6l6gb fqzpax5 f1fk8luq fdlwbod f1k162kl fwzjow2 fdxh4hq f4bntlt f1ijds75 f17uawya fhff7ih f1xujz46 fjpb76i f80mdc4 f1fd840r fd5sjq ft0p4n1 f1gbvy53 f1u7zjm2 fsdnjoo fphlhsa flhaxg5 f1w6q9f2 f1as24b6 fg1s8s7 fe6jkqf f1rfpchy f11s3y5b f1m9bycv\">\n<p><span style=\"color: #000000;\">C\u1eeda cu\u1ed1n \u0110\u00e0i Loan l\u00e0 m\u1ed9t trong nh\u1eefng l\u1ef1a ch\u1ecdn ph\u1ed5 bi\u1ebfn cho c\u00e1c c\u00f4ng tr\u00ecnh x\u00e2y d\u1ef1ng hi\u1ec7n \u0111\u1ea1i. V\u1edbi thi\u1ebft k\u1ebf tinh t\u1ebf v\u00e0 ch\u1ea5t l\u01b0\u1ee3ng v\u01b0\u1ee3t tr\u1ed9i, l\u00e1 \u0111\u00e0i loan b\u1ea3ng 75 v\u00e0ng kem ho\u1eb7c <a href=\"https:\/\/alumdoor.com\/km\/product\/la-sieu-truong-vang-kem\/\">l\u00e1 si\u00eau tr\u01b0\u1eddng v\u00e0ng kem<\/a> kh\u00f4ng ch\u1ec9 mang l\u1ea1i s\u1ef1 an to\u00e0n m\u00e0 c\u00f2n t\u0103ng th\u00eam v\u1ebb \u0111\u1eb9p cho ng\u00f4i nh\u00e0 c\u1ee7a b\u1ea1n. Trong b\u00e0i vi\u1ebft n\u00e0y, ch\u00fang ta s\u1ebd t\u00ecm hi\u1ec3u v\u1ec1 c\u1ea5u t\u1ea1o, \u01b0u \u0111i\u1ec3m v\u00e0 c\u00e1ch ch\u1ecdn c\u1eeda cu\u1ed1n \u0110\u00e0i Loan ph\u00f9 h\u1ee3p.<\/span><\/p>\n<h2><span style=\"color: #000000;\"><strong><span style=\"font-size: 80%;\">1. C\u1ea5u t\u1ea1o c\u1eeda cu\u1ed1n \u0110\u00e0i Loan<\/span><\/strong><\/span><\/h2>\n<p><span style=\"color: #000000;\">C\u1eeda cu\u1ed1n \u0110\u00e0i Loan \u0111\u01b0\u1ee3c c\u1ea5u t\u1ea1o t\u1eeb c\u00e1c v\u1eadt li\u1ec7u ch\u1ea5t l\u01b0\u1ee3ng cao, \u0111\u1ea3m b\u1ea3o \u0111\u1ed9 b\u1ec1n v\u00e0 t\u00ednh th\u1ea9m m\u1ef9. D\u01b0\u1edbi \u0111\u00e2y l\u00e0 chi ti\u1ebft v\u1ec1 c\u1ea5u t\u1ea1o c\u1ee7a\u00a0l\u00e1 \u0111\u00e0i loan b\u1ea3ng 75 v\u00e0ng kem:<\/span><\/p>\n<ul>\n<li><span style=\"color: #000000;\"><strong>Ch\u1ea5t li\u1ec7u<\/strong>: H\u1ee3p kim th\u00e9p m\u1ea1 m\u00e0u ph\u1ee7 polyester ch\u1ed1ng bay m\u00e0u, gi\u00fap c\u1eeda cu\u1ed1n b\u1ec1n b\u1ec9 v\u00e0 gi\u1eef m\u00e0u s\u1eafc l\u00e2u d\u00e0i.<\/span><\/li>\n<li><span style=\"color: #000000;\"><strong>M\u00e0u s\u1eafc m\u1eb7c \u0111\u1ecbnh<\/strong>: V\u00e0ng kem<\/span><\/li>\n<li><span style=\"color: #000000;\"><strong>\u0110\u1ed9 d\u00e0y b\u1ea3ng l\u00e1 7.5cm<\/strong>: C\u00f3 c\u00e1c t\u00f9y ch\u1ecdn \u0111\u1ed9 d\u00e0y 6dem, 7dem, 8dem v\u00e0 1ly, \u0111\u00e1p \u1ee9ng nhu c\u1ea7u s\u1eed d\u1ee5ng \u0111a d\u1ea1ng.<\/span><\/li>\n<\/ul>\n<h2><span style=\"color: #000000;\"><strong><span style=\"font-size: 80%;\">2. \u01afu \u0111i\u1ec3m c\u1ee7a c\u1eeda cu\u1ed1n \u0110\u00e0i Loan<\/span><\/strong><\/span><\/h2>\n<p><span style=\"color: #000000;\">L\u00e1<strong> \u0111\u00e0i loan b\u1ea3ng 75 v\u00e0ng kem<\/strong>\u00a0c\u00f3 nhi\u1ec1u \u01b0u \u0111i\u1ec3m n\u1ed5i b\u1eadt, khi\u1ebfn n\u00f3 tr\u1edf th\u00e0nh l\u1ef1a ch\u1ecdn h\u00e0ng \u0111\u1ea7u cho nhi\u1ec1u gia \u0111\u00ecnh v\u00e0 doanh nghi\u1ec7p:<\/span><\/p>\n<ul>\n<li><span style=\"color: #000000;\"><strong>\u0110\u1ed9 b\u1ec1n v\u00e0 ch\u1ea5t l\u01b0\u1ee3ng<\/strong>: V\u1edbi ch\u1ea5t li\u1ec7u h\u1ee3p kim th\u00e9p m\u1ea1 m\u00e0u ph\u1ee7 polyester,\u00a0l\u00e1 \u0111\u00e0i loan b\u1ea3ng 75 v\u00e0ng kem\u00a0c\u00f3 kh\u1ea3 n\u0103ng ch\u1ed1ng ch\u1ecbu t\u1ed1t v\u1edbi th\u1eddi ti\u1ebft v\u00e0 m\u00f4i tr\u01b0\u1eddng kh\u1eafc nghi\u1ec7t.<\/span><\/li>\n<li><span style=\"color: #000000;\"><strong>T\u00ednh an to\u00e0n v\u00e0 b\u1ea3o m\u1eadt<\/strong>:\u00a0L\u00e1 \u0111\u00e0i loan b\u1ea3ng 75 v\u00e0ng kem\u00a0\u0111\u01b0\u1ee3c thi\u1ebft k\u1ebf ch\u1eafc ch\u1eafn, gi\u00fap b\u1ea3o v\u1ec7 ng\u00f4i nh\u00e0 c\u1ee7a b\u1ea1n kh\u1ecfi c\u00e1c t\u00e1c \u0111\u1ed9ng b\u00ean ngo\u00e0i.<\/span><\/li>\n<li><span style=\"color: #000000;\"><strong>Gi\u00e1 c\u1ea3 h\u1ee3p l\u00fd<\/strong>: So v\u1edbi c\u00e1c lo\u1ea1i c\u1eeda cu\u1ed1n kh\u00e1c,\u00a0l\u00e1 \u0111\u00e0i loan b\u1ea3ng 75 v\u00e0ng kem\u00a0c\u00f3 gi\u00e1 c\u1ea3 ph\u1ea3i ch\u0103ng, ph\u00f9 h\u1ee3p v\u1edbi nhi\u1ec1u \u0111\u1ed1i t\u01b0\u1ee3ng kh\u00e1ch h\u00e0ng.<\/span><\/li>\n<\/ul>\n<h2><span style=\"color: #000000;\"><strong><span style=\"font-size: 80%;\">3. C\u00e1c lo\u1ea1i c\u1eeda cu\u1ed1n \u0110\u00e0i Loan ph\u1ed5 bi\u1ebfn<\/span><\/strong><\/span><\/h2>\n<p><span style=\"color: #000000;\">Hi\u1ec7n nay, tr\u00ean th\u1ecb tr\u01b0\u1eddng c\u00f3 nhi\u1ec1u lo\u1ea1i c\u1eeda cu\u1ed1n \u0110\u00e0i Loan kh\u00e1c nhau, ph\u00f9 h\u1ee3p v\u1edbi nhu c\u1ea7u v\u00e0 s\u1edf th\u00edch c\u1ee7a t\u1eebng kh\u00e1ch h\u00e0ng:<\/span><\/p>\n<p><span style=\"color: #000000;\"><strong>C\u1eeda cu\u1ed1n \u0110\u00e0i Loan k\u00e9o tay<\/strong>: Lo\u1ea1i c\u1eeda cu\u1ed1n n\u00e0y d\u1ec5 s\u1eed d\u1ee5ng v\u00e0 kh\u00f4ng c\u1ea7n \u0111i\u1ec7n n\u0103ng, ph\u00f9 h\u1ee3p cho c\u00e1c c\u00f4ng tr\u00ecnh nh\u1ecf.\u00a0L\u00e1 \u0111\u00e0i loan b\u1ea3ng 75 v\u00e0ng kem c\u0169ng c\u00f3 th\u1ec3 \u0111\u01b0\u1ee3c s\u1eed d\u1ee5ng cho lo\u1ea1i c\u1eeda cu\u1ed1n n\u00e0y.<\/span><\/p>\n<ul>\n<li><span style=\"color: #000000;\"><strong>C\u1eeda cu\u1ed1n \u0110\u00e0i Loan d\u00f9ng motor<\/strong>: \u0110\u01b0\u1ee3c trang b\u1ecb motor \u0111i\u1ec7n, gi\u00fap vi\u1ec7c m\u1edf v\u00e0 \u0111\u00f3ng c\u1eeda tr\u1edf n\u00ean d\u1ec5 d\u00e0ng v\u00e0 ti\u1ec7n l\u1ee3i h\u01a1n.\u00a0L\u00e1 \u0111\u00e0i loan b\u1ea3ng 75 v\u00e0ng kem\u00a0c\u0169ng l\u00e0 m\u1ed9t l\u1ef1a ch\u1ecdn t\u1ed1t cho lo\u1ea1i c\u1eeda cu\u1ed1n n\u00e0y.<\/span><\/li>\n<li><span style=\"color: #000000;\"><strong>C\u1eeda cu\u1ed1n \u0110\u00e0i Loan inox 304<\/strong>: Lo\u1ea1i c\u1eeda cu\u1ed1n n\u00e0y c\u00f3 \u0111\u1ed9 b\u1ec1n cao v\u00e0 kh\u1ea3 n\u0103ng ch\u1ed1ng g\u1ec9 s\u00e9t t\u1ed1t, ph\u00f9 h\u1ee3p cho c\u00e1c khu v\u1ef1c c\u00f3 \u0111\u1ed9 \u1ea9m cao.\u00a0L\u00e1 \u0111\u00e0i loan b\u1ea3ng 75 v\u00e0ng kem c\u0169ng c\u00f3 th\u1ec3 \u0111\u01b0\u1ee3c s\u1eed d\u1ee5ng cho lo\u1ea1i c\u1eeda cu\u1ed1n n\u00e0y.<\/span><\/li>\n<\/ul>\n<h2><span style=\"color: #000000;\"><strong><span style=\"font-size: 80%;\">4. C\u00e1ch ch\u1ecdn c\u1eeda cu\u1ed1n \u0110\u00e0i Loan ph\u00f9 h\u1ee3p<\/span><\/strong><\/span><\/h2>\n<p><span style=\"color: #000000;\">\u0110\u1ec3 ch\u1ecdn \u0111\u01b0\u1ee3c\u00a0l\u00e1 \u0111\u00e0i loan b\u1ea3ng 75 v\u00e0ng kem\u00a0ph\u00f9 h\u1ee3p, b\u1ea1n c\u1ea7n l\u01b0u \u00fd m\u1ed9t s\u1ed1 ti\u00eau ch\u00ed sau:<\/span><\/p>\n<ul>\n<li><span style=\"color: #000000;\"><strong>Ti\u00eau ch\u00ed l\u1ef1a ch\u1ecdn c\u1eeda cu\u1ed1n<\/strong>: Xem x\u00e9t nhu c\u1ea7u s\u1eed d\u1ee5ng, v\u1ecb tr\u00ed l\u1eafp \u0111\u1eb7t v\u00e0 ng\u00e2n s\u00e1ch c\u1ee7a b\u1ea1n \u0111\u1ec3 ch\u1ecdn lo\u1ea1i c\u1eeda cu\u1ed1n ph\u00f9 h\u1ee3p. L\u00e1 \u0111\u00e0i loan b\u1ea3ng 75 v\u00e0ng kem l\u00e0 m\u1ed9t l\u1ef1a ch\u1ecdn \u0111\u00e1ng c\u00e2n nh\u1eafc.<\/span><\/li>\n<li><span style=\"color: #000000;\"><strong>So s\u00e1nh c\u00e1c lo\u1ea1i c\u1eeda cu\u1ed1n \u0110\u00e0i Loan<\/strong>: \u0110\u00e1nh gi\u00e1 c\u00e1c lo\u1ea1i c\u1eeda cu\u1ed1n kh\u00e1c nhau v\u1ec1 ch\u1ea5t li\u1ec7u, \u0111\u1ed9 b\u1ec1n, t\u00ednh n\u0103ng v\u00e0 gi\u00e1 c\u1ea3 \u0111\u1ec3 \u0111\u01b0a ra quy\u1ebft \u0111\u1ecbnh \u0111\u00fang \u0111\u1eafn.\u00a0L\u00e1 \u0111\u00e0i loan b\u1ea3ng 75 v\u00e0ng kem\u00a0th\u01b0\u1eddng \u0111\u01b0\u1ee3c \u0111\u00e1nh gi\u00e1 cao v\u1ec1 ch\u1ea5t l\u01b0\u1ee3ng v\u00e0 gi\u00e1 tr\u1ecb s\u1eed d\u1ee5ng.<\/span><\/li>\n<\/ul>\n<h2><span style=\"color: #000000;\"><strong><span style=\"font-size: 80%;\">5. K\u1ebft lu\u1eadn<\/span><\/strong><\/span><\/h2>\n<p><span style=\"color: #000000;\">L\u00e1 \u0111\u00e0i loan b\u1ea3ng 75 v\u00e0ng kem\u00a0l\u00e0 m\u1ed9t gi\u1ea3i ph\u00e1p ho\u00e0n h\u1ea3o cho ng\u00f4i nh\u00e0 c\u1ee7a b\u1ea1n, mang l\u1ea1i s\u1ef1 an to\u00e0n, ti\u1ec7n l\u1ee3i v\u00e0 th\u1ea9m m\u1ef9. V\u1edbi c\u00e1c \u01b0u \u0111i\u1ec3m v\u01b0\u1ee3t tr\u1ed9i v\u00e0 gi\u00e1 c\u1ea3 h\u1ee3p l\u00fd, c\u1eeda cu\u1ed1n \u0110\u00e0i Loan x\u1ee9ng \u0111\u00e1ng l\u00e0 l\u1ef1a ch\u1ecdn h\u00e0ng \u0111\u1ea7u cho m\u1ecdi gia \u0111\u00ecnh. Khi ch\u1ecdn mua c\u1eeda cu\u1ed1n, h\u00e3y c\u00e2n nh\u1eafc k\u1ef9 l\u01b0\u1ee1ng c\u00e1c ti\u00eau ch\u00ed v\u00e0 so s\u00e1nh c\u00e1c lo\u1ea1i c\u1eeda cu\u1ed1n \u0111\u1ec3 \u0111\u1ea3m b\u1ea3o b\u1ea1n ch\u1ecdn \u0111\u01b0\u1ee3c s\u1ea3n ph\u1ea9m ph\u00f9 h\u1ee3p nh\u1ea5t. \u0110\u1eb7c bi\u1ec7t,\u00a0l\u00e1 \u0111\u00e0i loan b\u1ea3ng 75 v\u00e0ng kem\u00a0t\u1eeb th\u01b0\u01a1ng hi\u1ec7u Alumdoor l\u00e0 m\u1ed9t l\u1ef1a ch\u1ecdn tuy\u1ec7t v\u1eddi cho ng\u00f4i nh\u00e0 c\u1ee7a b\u1ea1n.<\/span><\/p>\n<\/div>\n<\/div>\n<\/div>\n<\/div>\n<\/div>\n<\/div>\n<\/div>\n<\/div>","protected":false},"excerpt":{"rendered":"<p><span style=\"color: #000000;\"><b>L\u00e1 \u0110\u00e0i Loan B\u1ea3ng 75 V\u00e0ng Kem<\/b> l\u00e0 m\u1ed9t lo\u1ea1i c\u1eeda c\u00f3 c\u1ea5u t\u1ea1o g\u1ed3m nhi\u1ec1u nan l\u00e1 song song v\u00e0 \u0111\u01b0\u1ee3c n\u1ed1i v\u1edbi nhau m\u1ed9t c\u00e1ch ch\u1eb7t ch\u1ebd. C\u00e1c nan l\u00e1 \u0110\u00e0i Loan b\u1ea3ng 75 v\u00e0ng kem n\u00e0y th\u01b0\u1eddng c\u00f3 thi\u1ebft k\u1ebf r\u1ed7ng v\u00e0 c\u00f3 th\u1ec3 li\u00ean k\u1ebft cu\u1ed1n l\u1ed3ng v\u00e0o nhau \u0111em \u0111\u1ebfn kh\u1ea3 n\u0103ng cu\u1ed1n c\u1eeda linh ho\u1ea1t. C\u00e1c nan l\u00e1 \u0111\u01b0\u1ee3c <strong>s\u1ea3n xu\u1ea5t theo c\u00f4ng ngh\u1ec7 \u0110\u00e0i Loan<\/strong>. Nh\u1edd \u0111\u00f3, c\u1eeda cu\u1ed1n th\u00e0nh ph\u1ea9m \u0111\u1ea1t \u0111\u01b0\u1ee3c \u0111\u1ed9 b\u1ec1n ch\u1eafc, m\u1ea1nh m\u1ebd v\u00e0 kh\u1ecfe kho\u1eafn. Hi\u1ec7n nay,\u00a0<i>c\u1eeda cu\u1ed1n c\u00f4ng ngh\u1ec7 \u0110\u00e0i Loan<\/i> \u0111\u01b0\u1ee3c \u1ee9ng d\u1ee5ng r\u1ed9ng r\u00e3i cho nhi\u1ec1u c\u00f4ng tr\u00ecnh t\u1eeb nh\u00e0 x\u01b0\u1edfng, c\u1eeda h\u00e0ng \u0111\u1ebfn nh\u00e0 ph\u1ed1. <a style=\"color: #000000;\" href=\"https:\/\/zalo.me\/0946484889\">Li\u00ean h\u1ec7 \u0111\u1ec3 nh\u1eadn ngay b\u00e1o gi\u00e1<\/a>.<\/span><\/p>\n<table>\n<tbody>\n<tr>\n<td><span style=\"color: #000000;\"><b>N\u1ed8I DUNG<\/b><\/span><\/td>\n<td><span style=\"color: #000000;\"><b>TH\u00d4NG S\u1ed0 K\u1ef8 THU\u1eacT<\/b><\/span><\/td>\n<\/tr>\n<tr>\n<td><span style=\"color: #000000;\"><strong>K\u00edch th\u01b0\u1edbc t\u1ed1i \u0111a (HxW)\u00a0<\/strong><\/span><\/td>\n<td><span style=\"color: #000000;\">6m x 10m<\/span><\/td>\n<\/tr>\n<tr>\n<td><span style=\"color: #000000;\"><strong>K\u00edch th\u01b0\u1edbc t\u1ed1i thi\u1ec3u<\/strong><\/span><\/td>\n<td><span style=\"color: #000000;\">2.5m x 2.5m<\/span><\/td>\n<\/tr>\n<tr>\n<td><span style=\"color: #000000;\"><strong>V\u1eadt li\u1ec7u th\u00e2n c\u1eeda<\/strong><\/span><\/td>\n<td><span style=\"color: #000000;\">Tonl Vi\u1ec7t \u2013 Nh\u1eadt, Tonl Hoa Sen<\/span><\/td>\n<\/tr>\n<tr>\n<td><span style=\"color: #000000;\"><strong>\u0110\u1ed9 d\u00e0y<\/strong><\/span><\/td>\n<td><span style=\"color: #000000;\">6 dem \/ 7 dem \/ 8 dem \/ 1.0mm<\/span><\/td>\n<\/tr>\n<tr>\n<td><span style=\"color: #000000;\"><strong>C\u00f4ng ngh\u1ec7 s\u01a1n<\/strong><\/span><\/td>\n<td><span style=\"color: #000000;\">M\u1ea1 m\u00e0u ph\u1ee7 Polyester ch\u1ed1ng tr\u1ea7y<\/span><\/td>\n<\/tr>\n<\/tbody>\n<\/table>\n<p>&nbsp;<\/p>","protected":false},"featured_media":5357,"comment_status":"open","ping_status":"closed","template":"","meta":[],"product_brand":[292],"product_cat":[126],"product_tag":[230,300,295,294],"class_list":{"0":"post-2548","1":"product","2":"type-product","3":"status-publish","4":"has-post-thumbnail","6":"product_brand-alumdoor","7":"product_cat-cua-cuon-dai-loan","8":"product_tag-cua-cuon-dai-loan","9":"product_tag-cua-cuon-dai-loan-gia-re","10":"product_tag-cua-cuon-nha-xuong","11":"product_tag-cua-cuon-thep","13":"first","14":"instock","15":"shipping-taxable","16":"product-type-simple"},"blog_post_layout_featured_media_urls":{"thumbnail":["https:\/\/alumdoor.com\/wp-content\/uploads\/2025\/10\/Website-Product-47-280x280.png",280,280,true],"full":["https:\/\/alumdoor.com\/wp-content\/uploads\/2025\/10\/Website-Product-47.png",1182,1182,false]},"categories":["292"],"categories_names":{"292":{"name":"Alumdoor","link":"https:\/\/alumdoor.com\/km\/brand\/alumdoor\/"}},"comments_number":"0","_links":{"self":[{"href":"https:\/\/alumdoor.com\/km\/wp-json\/wp\/v2\/product\/2548","targetHints":{"allow":["GET"]}}],"collection":[{"href":"https:\/\/alumdoor.com\/km\/wp-json\/wp\/v2\/product"}],"about":[{"href":"https:\/\/alumdoor.com\/km\/wp-json\/wp\/v2\/types\/product"}],"replies":[{"embeddable":true,"href":"https:\/\/alumdoor.com\/km\/wp-json\/wp\/v2\/comments?post=2548"}],"wp:featuredmedia":[{"embeddable":true,"href":"https:\/\/alumdoor.com\/km\/wp-json\/wp\/v2\/media\/5357"}],"wp:attachment":[{"href":"https:\/\/alumdoor.com\/km\/wp-json\/wp\/v2\/media?parent=2548"}],"wp:term":[{"taxonomy":"product_brand","embeddable":true,"href":"https:\/\/alumdoor.com\/km\/wp-json\/wp\/v2\/product_brand?post=2548"},{"taxonomy":"product_cat","embeddable":true,"href":"https:\/\/alumdoor.com\/km\/wp-json\/wp\/v2\/product_cat?post=2548"},{"taxonomy":"product_tag","embeddable":true,"href":"https:\/\/alumdoor.com\/km\/wp-json\/wp\/v2\/product_tag?post=2548"}],"curies":[{"name":"wp","href":"https:\/\/api.w.org\/{rel}","templated":true}]}}