{"id":2542,"date":"2023-07-14T08:46:58","date_gmt":"2023-07-14T01:46:58","guid":{"rendered":"http:\/\/alumdoor.com\/?post_type=product&#038;p=2542"},"modified":"2025-10-27T16:36:17","modified_gmt":"2025-10-27T09:36:17","slug":"bo-ba-la-day","status":"publish","type":"product","link":"https:\/\/alumdoor.com\/km\/product\/bo-ba-la-day\/","title":{"rendered":"B\u1ed9 Ba L\u00e1 \u0110\u00e1y"},"content":{"rendered":"","protected":false},"excerpt":{"rendered":"<h2><span style=\"font-size: 80%;\"><strong>B\u1ed9 Ba L\u00e1 \u0110\u00e1y<\/strong><\/span><\/h2>\n<p>B\u1ed9 ba l\u00e1 \u0111\u00e1y c\u1ee7a Alumdoor l\u00e0 m\u1ed9t trong nh\u1eefng s\u1ea3n ph\u1ea9m \u0111\u01b0\u1ee3c thi\u1ebft k\u1ebf \u0111\u1ec3 t\u00edch h\u1ee3p c\u00f4ng ngh\u1ec7 t\u1ef1 d\u1eebng (ch\u1ed1ng x\u00f4) d\u00e0nh ri\u00eang cho d\u00f2ng s\u1ea3n ph\u1ea9m <a href=\"https:\/\/alumdoor.com\/km\/san-pham-cua-cuon\/cua-cuon-khe-thoang\/\">c\u1eeda cu\u1ed1n khe tho\u00e1ng<\/a> mang l\u1ea1i s\u1ef1 an to\u00e0n v\u00e0 ti\u1ec7n l\u1ee3i t\u1ed1i \u0111a cho ng\u01b0\u1eddi s\u1eed d\u1ee5ng. V\u1edbi ch\u1ea5t li\u1ec7u cao c\u1ea5p h\u1ee3p kim nh\u00f4m 6063 ph\u1ee7 s\u01a1n t\u0129nh \u0111i\u1ec7n Akzo Nobel, b\u1ed9 ba n\u00e0y kh\u00f4ng th\u1ec3 t\u00e1ch r\u1eddi nhau v\u00ec mang \u0111\u1ebfn t\u00ednh th\u1ea9m m\u1ef9 cao, ng\u0103n ng\u1eeba b\u1ee5i b\u1ea9n x\u00e2m nh\u1eadp m\u00e0 c\u00f2n mang t\u1edbi tr\u1ea3i nghi\u1ec7m t\u1ed1t h\u01a1n cho ng\u01b0\u1eddi s\u1eed d\u1ee5ng. <a href=\"https:\/\/zalo.me\/0946484889\">Li\u00ean h\u1ec7 \u0111\u1ec3 nh\u1eadn ngay b\u00e1o gi\u00e1<\/a>.<\/p>","protected":false},"featured_media":5389,"comment_status":"open","ping_status":"closed","template":"","meta":[],"product_brand":[292],"product_cat":[87],"product_tag":[235],"class_list":{"0":"post-2542","1":"product","2":"type-product","3":"status-publish","4":"has-post-thumbnail","6":"product_brand-alumdoor","7":"product_cat-phu-kien-cua-cuon","8":"product_tag-bo-ba-la-day","10":"first","11":"instock","12":"shipping-taxable","13":"product-type-simple"},"blog_post_layout_featured_media_urls":{"thumbnail":["https:\/\/alumdoor.com\/wp-content\/uploads\/2025\/10\/Website-Product-79-280x280.png",280,280,true],"full":["https:\/\/alumdoor.com\/wp-content\/uploads\/2025\/10\/Website-Product-79.png",1182,1182,false]},"categories":["292"],"categories_names":{"292":{"name":"Alumdoor","link":"https:\/\/alumdoor.com\/km\/brand\/alumdoor\/"}},"comments_number":"0","_links":{"self":[{"href":"https:\/\/alumdoor.com\/km\/wp-json\/wp\/v2\/product\/2542","targetHints":{"allow":["GET"]}}],"collection":[{"href":"https:\/\/alumdoor.com\/km\/wp-json\/wp\/v2\/product"}],"about":[{"href":"https:\/\/alumdoor.com\/km\/wp-json\/wp\/v2\/types\/product"}],"replies":[{"embeddable":true,"href":"https:\/\/alumdoor.com\/km\/wp-json\/wp\/v2\/comments?post=2542"}],"wp:featuredmedia":[{"embeddable":true,"href":"https:\/\/alumdoor.com\/km\/wp-json\/wp\/v2\/media\/5389"}],"wp:attachment":[{"href":"https:\/\/alumdoor.com\/km\/wp-json\/wp\/v2\/media?parent=2542"}],"wp:term":[{"taxonomy":"product_brand","embeddable":true,"href":"https:\/\/alumdoor.com\/km\/wp-json\/wp\/v2\/product_brand?post=2542"},{"taxonomy":"product_cat","embeddable":true,"href":"https:\/\/alumdoor.com\/km\/wp-json\/wp\/v2\/product_cat?post=2542"},{"taxonomy":"product_tag","embeddable":true,"href":"https:\/\/alumdoor.com\/km\/wp-json\/wp\/v2\/product_tag?post=2542"}],"curies":[{"name":"wp","href":"https:\/\/api.w.org\/{rel}","templated":true}]}}