{"id":1351,"date":"2023-01-20T08:06:32","date_gmt":"2023-01-20T01:06:32","guid":{"rendered":"http:\/\/alumdoor.com\/?post_type=product&#038;p=1351"},"modified":"2025-10-28T16:06:48","modified_gmt":"2025-10-28T09:06:48","slug":"binh-tich-dien-alumax-e800i","status":"publish","type":"product","link":"https:\/\/alumdoor.com\/km\/product\/binh-tich-dien-alumax-e800i\/","title":{"rendered":"B\u00ecnh t\u00edch \u0111i\u1ec7n Alumax E-800i"},"content":{"rendered":"<h1><strong><span style=\"font-size: 85%;\">Gi\u1edbi Thi\u1ec7u S\u1ea3n Ph\u1ea9m &#8220;B\u00ecnh T\u00edch \u0110i\u1ec7n Alumax E-800i&#8221; c\u1ee7a Alumdoor<\/span><\/strong><\/h1>\n<h2><strong><span style=\"font-size: 80%;\">1. T\u00ednh N\u0103ng N\u1ed5i B\u1eadt<\/span><\/strong><\/h2>\n<ul>\n<li><strong>Dung L\u01b0\u1ee3ng L\u01b0u Tr\u1eef L\u1edbn<\/strong>: B\u00ecnh t\u00edch \u0111i\u1ec7n Alumax E-800i c\u00f3 dung t\u00edch 9AH x 2 cell, \u0111\u1ea3m b\u1ea3o c\u1eeda cu\u1ed1n ho\u1ea1t \u0111\u1ed9ng li\u00ean t\u1ee5c trong th\u1eddi gian d\u00e0i.<\/li>\n<li><strong>Thi\u1ebft K\u1ebf Hi\u1ec7n \u0110\u1ea1i<\/strong>: S\u1ea3n ph\u1ea9m c\u00f3 thi\u1ebft k\u1ebf tinh t\u1ebf, ph\u00f9 h\u1ee3p v\u1edbi nhi\u1ec1u lo\u1ea1i c\u1eeda cu\u1ed1n nh\u01b0 <span style=\"color: #000000;\"><a style=\"color: #000000;\" href=\"https:\/\/alumdoor.com\/km\/san-pham-cua-cuon\/cua-cuon-khe-thoang\/\">c\u1eeda cu\u1ed1n khe tho\u00e1ng<\/a>,\u00a0<a style=\"color: #000000;\" href=\"https:\/\/alumdoor.com\/km\/san-pham-cua-cuon\/cua-cuon-tam-lien\/\">c\u1eeda cu\u1ed1n t\u1ea5m li\u1ec1n<\/a>,\u00a0<a style=\"color: #000000;\" href=\"https:\/\/alumdoor.com\/km\/san-pham-cua-cuon\/cua-cuon-dai-loan\/\">c\u1eeda cu\u1ed1n \u0110\u00e0i Loan<\/a>,\u00a0<a style=\"color: #000000;\" href=\"https:\/\/alumdoor.com\/km\/san-pham-cua-cuon\/cua-cuon-sieu-truong-sieu-tr%E1%BB%8Dng\/\">c\u1eeda cu\u1ed1n si\u00eau tr\u01b0\u1eddng si\u00eau tr\u1ecdng<\/a>, v\u00e0\u00a0<a style=\"color: #000000;\" href=\"https:\/\/alumdoor.com\/km\/san-pham-cua-cuon\/cua-cuon-luoi-mat-cao-song-ngang\/\">c\u1eeda cu\u1ed1n l\u01b0\u1edbi m\u1eaft c\u00e1o song ngang<\/a><\/span>.<\/li>\n<li><strong>D\u1ec5 D\u00e0ng L\u1eafp \u0110\u1eb7t<\/strong>: B\u00ecnh t\u00edch \u0111i\u1ec7n Alumax E-800i c\u1ee7a Alumdoor d\u1ec5 d\u00e0ng l\u1eafp \u0111\u1eb7t v\u00e0 t\u00edch h\u1ee3p v\u1edbi c\u00e1c h\u1ec7 th\u1ed1ng c\u1eeda cu\u1ed1n hi\u1ec7n c\u00f3.<\/li>\n<li><strong>Ph\u00f9 H\u1ee3p V\u1edbi Motor D\u01b0\u1edbi 600kg<\/strong>: B\u00ecnh t\u00edch \u0111i\u1ec7n Alumax E-800i \u0111\u01b0\u1ee3c thi\u1ebft k\u1ebf \u0111\u1ec3 s\u1eed d\u1ee5ng cho motor c\u1eeda cu\u1ed1n d\u01b0\u1edbi 600kg, \u0111\u1ea3m b\u1ea3o hi\u1ec7u su\u1ea5t ho\u1ea1t \u0111\u1ed9ng t\u1ed1i \u01b0u.<\/li>\n<\/ul>\n<h2><strong><span style=\"font-size: 80%;\">2. L\u1ee3i \u00cdch Khi S\u1eed D\u1ee5ng B\u00ecnh T\u00edch \u0110i\u1ec7n Alumax E-800i<\/span><\/strong><\/h2>\n<ul>\n<li><strong>Ho\u1ea1t \u0110\u1ed9ng Li\u00ean T\u1ee5c<\/strong>: B\u00ecnh t\u00edch \u0111i\u1ec7n Alumax E-800i \u0111\u1ea3m b\u1ea3o c\u1eeda cu\u1ed1n c\u1ee7a b\u1ea1n lu\u00f4n ho\u1ea1t \u0111\u1ed9ng m\u01b0\u1ee3t m\u00e0 ngay c\u1ea3 khi m\u1ea5t \u0111i\u1ec7n.<\/li>\n<li><strong>An To\u00e0n Tuy\u1ec7t \u0110\u1ed1i<\/strong>: V\u1edbi b\u1ed9 \u0111i\u1ec1u khi\u1ec3n c\u1eeda cu\u1ed1n b\u1eb1ng \u0111i\u1ec7n tho\u1ea1i, b\u1ea1n c\u00f3 th\u1ec3 d\u1ec5 d\u00e0ng ki\u1ec3m so\u00e1t c\u1eeda cu\u1ed1n t\u1eeb xa, \u0111\u1ea3m b\u1ea3o an to\u00e0n cho ng\u00f4i nh\u00e0 c\u1ee7a m\u00ecnh.<\/li>\n<li><strong>Ti\u1ebft Ki\u1ec7m Th\u1eddi Gian<\/strong>: S\u1ea3n ph\u1ea9m gi\u00fap b\u1ea1n ti\u1ebft ki\u1ec7m th\u1eddi gian v\u00e0 c\u00f4ng s\u1ee9c khi kh\u00f4ng ph\u1ea3i lo l\u1eafng v\u1ec1 vi\u1ec7c c\u1eeda cu\u1ed1n b\u1ecb gi\u00e1n \u0111o\u1ea1n do m\u1ea5t \u0111i\u1ec7n.<\/li>\n<li><strong>T\u0103ng T\u00ednh Th\u1ea9m M\u1ef9<\/strong>: B\u00ecnh t\u00edch \u0111i\u1ec7n Alumax E-800i c\u00f3 thi\u1ebft k\u1ebf \u0111\u1eb9p m\u1eaft, gi\u00fap t\u0103ng t\u00ednh th\u1ea9m m\u1ef9 cho ng\u00f4i nh\u00e0 c\u1ee7a b\u1ea1n.<\/li>\n<\/ul>\n<h2><strong><span style=\"font-size: 80%;\">3. K\u1ebft Lu\u1eadn<\/span><\/strong><\/h2>\n<p>B\u00ecnh t\u00edch \u0111i\u1ec7n Alumax E-800i c\u1ee7a Alumdoor l\u00e0 s\u1ef1 l\u1ef1a ch\u1ecdn ho\u00e0n h\u1ea3o cho nh\u1eefng ai \u0111ang t\u00ecm ki\u1ebfm m\u1ed9t gi\u1ea3i ph\u00e1p \u0111\u1ea3m b\u1ea3o c\u1eeda cu\u1ed1n ho\u1ea1t \u0111\u1ed9ng li\u00ean t\u1ee5c v\u00e0 an to\u00e0n. V\u1edbi b\u1ed9 \u0111i\u1ec1u khi\u1ec3n c\u1eeda cu\u1ed1n b\u1eb1ng \u0111i\u1ec7n tho\u1ea1i, b\u1ea1n s\u1ebd d\u1ec5 d\u00e0ng ki\u1ec3m so\u00e1t v\u00e0 b\u1ea3o v\u1ec7 ng\u00f4i nh\u00e0 c\u1ee7a m\u00ecnh m\u1ed9t c\u00e1ch hi\u1ec7u qu\u1ea3. H\u00e3y li\u00ean h\u1ec7 v\u1edbi Alumdoor ngay h\u00f4m nay \u0111\u1ec3 \u0111\u01b0\u1ee3c t\u01b0 v\u1ea5n v\u00e0 tr\u1ea3i nghi\u1ec7m s\u1ea3n ph\u1ea9m tuy\u1ec7t v\u1eddi n\u00e0y.<\/p>","protected":false},"excerpt":{"rendered":"<p>B\u00ecnh t\u00edch \u0111i\u1ec7n Alumax E-800i c\u1ee7a Alumdoor l\u00e0 m\u1ed9t trong nh\u1eefng s\u1ea3n ph\u1ea9m ti\u00ean ti\u1ebfn nh\u1ea5t tr\u00ean th\u1ecb tr\u01b0\u1eddng hi\u1ec7n nay, \u0111\u01b0\u1ee3c thi\u1ebft k\u1ebf \u0111\u1ec3 \u0111\u1ea3m b\u1ea3o c\u1eeda cu\u1ed1n c\u1ee7a b\u1ea1n lu\u00f4n ho\u1ea1t \u0111\u1ed9ng m\u01b0\u1ee3t m\u00e0 ngay c\u1ea3 khi m\u1ea5t \u0111i\u1ec7n. V\u1edbi dung l\u01b0\u1ee3ng l\u01b0u tr\u1eef l\u1edbn v\u00e0 c\u00f4ng ngh\u1ec7 hi\u1ec7n \u0111\u1ea1i, s\u1ea3n ph\u1ea9m n\u00e0y kh\u00f4ng ch\u1ec9 b\u1ec1n b\u1ec9 m\u00e0 c\u00f2n mang l\u1ea1i s\u1ef1 ti\u1ec7n l\u1ee3i t\u1ed1i \u0111a cho ng\u01b0\u1eddi s\u1eed d\u1ee5ng. <strong><a href=\"https:\/\/zalo.me\/0946484889\">Li\u00ean h\u1ec7 \u0111\u1ec3 nh\u1eadn ngay b\u00e1o gi\u00e1.<\/a><\/strong><\/p>","protected":false},"featured_media":4580,"comment_status":"open","ping_status":"closed","template":"","meta":[],"product_brand":[302],"product_cat":[87],"product_tag":[106,424,206,425],"class_list":{"0":"post-1351","1":"product","2":"type-product","3":"status-publish","4":"has-post-thumbnail","6":"product_brand-alumax","7":"product_cat-phu-kien-cua-cuon","8":"product_tag-binh-luu-dien","9":"product_tag-binh-luu-dien-alumax-e800i","10":"product_tag-binh-tich-dien","11":"product_tag-binh-tich-dien-alumax-e800i","13":"first","14":"instock","15":"shipping-taxable","16":"product-type-simple"},"blog_post_layout_featured_media_urls":{"thumbnail":["https:\/\/alumdoor.com\/wp-content\/uploads\/2025\/02\/Alumdoor-Product-Binh-luu-dien-Alumax-E800I-1-280x280.png",280,280,true],"full":["https:\/\/alumdoor.com\/wp-content\/uploads\/2025\/02\/Alumdoor-Product-Binh-luu-dien-Alumax-E800I-1.png",1182,1182,false]},"categories":["302"],"categories_names":{"302":{"name":"Alumax","link":"https:\/\/alumdoor.com\/km\/brand\/alumdoor\/alumax\/"}},"comments_number":"0","_links":{"self":[{"href":"https:\/\/alumdoor.com\/km\/wp-json\/wp\/v2\/product\/1351","targetHints":{"allow":["GET"]}}],"collection":[{"href":"https:\/\/alumdoor.com\/km\/wp-json\/wp\/v2\/product"}],"about":[{"href":"https:\/\/alumdoor.com\/km\/wp-json\/wp\/v2\/types\/product"}],"replies":[{"embeddable":true,"href":"https:\/\/alumdoor.com\/km\/wp-json\/wp\/v2\/comments?post=1351"}],"wp:featuredmedia":[{"embeddable":true,"href":"https:\/\/alumdoor.com\/km\/wp-json\/wp\/v2\/media\/4580"}],"wp:attachment":[{"href":"https:\/\/alumdoor.com\/km\/wp-json\/wp\/v2\/media?parent=1351"}],"wp:term":[{"taxonomy":"product_brand","embeddable":true,"href":"https:\/\/alumdoor.com\/km\/wp-json\/wp\/v2\/product_brand?post=1351"},{"taxonomy":"product_cat","embeddable":true,"href":"https:\/\/alumdoor.com\/km\/wp-json\/wp\/v2\/product_cat?post=1351"},{"taxonomy":"product_tag","embeddable":true,"href":"https:\/\/alumdoor.com\/km\/wp-json\/wp\/v2\/product_tag?post=1351"}],"curies":[{"name":"wp","href":"https:\/\/api.w.org\/{rel}","templated":true}]}}