{"id":2419,"date":"2025-02-23T15:03:31","date_gmt":"2025-02-23T08:03:31","guid":{"rendered":"http:\/\/alumdoor.com\/?page_id=2419"},"modified":"2025-02-23T16:11:41","modified_gmt":"2025-02-23T09:11:41","slug":"chinh-sach-giao-hang","status":"publish","type":"page","link":"https:\/\/alumdoor.com\/km\/chinh-sach-giao-hang\/","title":{"rendered":"Ch\u00ednh s\u00e1ch giao h\u00e0ng"},"content":{"rendered":"<section class=\"section\" id=\"section_1136645546\">\n\t\t<div class=\"section-bg fill\" >\n\t\t\t\t\t\t\t\t\t\n\t\t\t\n\n\t\t<\/div>\n\n\t\t\n\n\t\t<div class=\"section-content relative\">\n\t\t\t\n<div class=\"container section-title-container\" ><h1 class=\"section-title section-title-normal\"><b aria-hidden=\"true\"><\/b><span class=\"section-title-main\" >CH\u00cdNH S\u00c1CH GIAO H\u00c0NG C\u1ee6A ALUMDOOR<\/span><b aria-hidden=\"true\"><\/b><\/h1><\/div>\n<p>Ch\u00ednh s\u00e1ch giao h\u00e0ng l\u00e0 m\u1ed9t ph\u1ea7n quan tr\u1ecdng trong vi\u1ec7c mua s\u1eafm tr\u1ef1c tuy\u1ebfn. T\u1ea1i Alumdoor, ch\u00fang t\u00f4i cam k\u1ebft cung c\u1ea5p d\u1ecbch v\u1ee5 giao h\u00e0ng nhanh ch\u00f3ng v\u00e0 hi\u1ec7u qu\u1ea3 \u0111\u1ec3 \u0111\u1ea3m b\u1ea3o s\u1ef1 h\u00e0i l\u00f2ng c\u1ee7a kh\u00e1ch h\u00e0ng. Ch\u00ednh s\u00e1ch giao h\u00e0ng r\u00f5 r\u00e0ng v\u00e0 minh b\u1ea1ch gi\u00fap b\u1ea1n y\u00ean t\u00e2m khi mua s\u1eafm c\u00e1c s\u1ea3n ph\u1ea9m c\u1eeda cu\u1ed1n c\u1ee7a ch\u00fang t\u00f4i.<\/p>\n<h2><span style=\"font-size: 80%;\">1. PH\u1ea0M VI V\u00c0 TH\u1edcI GIAN GIAO H\u00c0NG<\/span><\/h2>\n<p>Ch\u00ednh s\u00e1ch giao h\u00e0ng c\u1ee7a Alumdoor \u00e1p d\u1ee5ng cho to\u00e0n qu\u1ed1c, bao g\u1ed3m c\u1ea3 n\u1ed9i th\u00e0nh v\u00e0 ngo\u1ea1i th\u00e0nh. Th\u1eddi gian d\u1ef1 ki\u1ebfn giao h\u00e0ng cho t\u1eebng khu v\u1ef1c nh\u01b0 sau:<\/p>\n<ul>\n<li><strong>C\u1eeda cu\u1ed1n t\u1ea5m li\u1ec1n<\/strong>: Nay \u0111\u1eb7t mai giao.<\/li>\n<li><strong>C\u1eeda cu\u1ed1n khe tho\u00e1ng<\/strong>: N\u1ebfu c\u00f3 s\u1eb5n nh\u00f4m m\u00e0u nay \u0111\u1eb7t mai giao ho\u1eb7c kh\u00e1ch t\u1ef1 l\u1ea5y trong ng\u00e0y. N\u1ebfu kh\u00f4ng c\u00f3 s\u1eb5n nh\u00f4m m\u00e0u, nay \u0111\u1eb7t ng\u00e0y m\u1ed1t giao.<\/li>\n<li><strong>C\u1eeda cu\u1ed1n \u0111\u00e0i loan<\/strong>: Nay \u0111\u1eb7t mai giao.<\/li>\n<li><strong>C\u1eeda cu\u1ed1n si\u00eau tr\u01b0\u1eddng si\u00eau tr\u1ecdng<\/strong>: Nay \u0111\u1eb7t ng\u00e0y m\u1ed1t giao.<\/li>\n<li><strong>C\u1eeda l\u01b0\u1edbi m\u1eaft v\u00f5ng song ngang<\/strong>: Nay \u0111\u1eb7t, 3-5 ng\u00e0y sau giao h\u00e0ng.<\/li>\n<\/ul>\n<p><strong>L\u01b0u \u00fd:<\/strong> th\u1eddi gian giao h\u00e0ng kh\u00f4ng t\u00ednh ch\u1ee7 nh\u1eadt v\u00e0 c\u00f3 th\u1ec3 b\u1ecb \u1ea3nh h\u01b0\u1edfng b\u1edfi c\u00e1c y\u1ebfu t\u1ed1 nh\u01b0 th\u1eddi ti\u1ebft ho\u1eb7c \u0111\u1ecba \u0111i\u1ec3m xa.<\/p>\n<h2><span style=\"font-size: 80%;\">2. V\u1eacN CHUY\u1ec2N<\/span><\/h2>\n<p>Ch\u00ednh s\u00e1ch giao h\u00e0ng c\u1ee7a Alumdoor mi\u1ec5n ph\u00ed v\u1eadn chuy\u1ec3n trong khu v\u1ef1c TP.HCM, B\u00ecnh D\u01b0\u01a1ng, \u0110\u1ed3ng Nai v\u00e0 mi\u1ec5n ph\u00ed v\u1eadn chuy\u1ec3n ra ch\u00e0nh. \u0110\u1ed1i v\u1edbi c\u00e1c tr\u01b0\u1eddng h\u1ee3p \u0111\u1ed5i tr\u1ea3 h\u00e0ng, ph\u00ed v\u1eadn chuy\u1ec3n s\u1ebd \u0111\u01b0\u1ee3c t\u00ednh theo ch\u00ednh s\u00e1ch c\u1ee5 th\u1ec3 c\u1ee7a t\u1eebng tr\u01b0\u1eddng h\u1ee3p.<\/p>\n<h2><span style=\"font-size: 80%;\">3. QUY TR\u00ccNH GIAO H\u00c0NG<\/span><\/h2>\n<p>Quy tr\u00ecnh giao h\u00e0ng c\u1ee7a Alumdoor bao g\u1ed3m c\u00e1c b\u01b0\u1edbc sau:<\/p>\n<ul>\n<li><strong>X\u00e1c nh\u1eadn \u0111\u01a1n h\u00e0ng<\/strong>: Ch\u00fang t\u00f4i s\u1ebd x\u00e1c nh\u1eadn \u0111\u01a1n h\u00e0ng qua zalo.<\/li>\n<li><strong>Chu\u1ea9n b\u1ecb h\u00e0ng h\u00f3a<\/strong>: S\u1ea3n ph\u1ea9m s\u1ebd \u0111\u01b0\u1ee3c ki\u1ec3m tra v\u00e0 \u0111\u00f3ng g\u00f3i c\u1ea9n th\u1eadn \u0111\u1ec3 \u0111\u1ea3m b\u1ea3o an to\u00e0n trong qu\u00e1 tr\u00ecnh v\u1eadn chuy\u1ec3n.<\/li>\n<li><strong>Giao h\u00e0ng<\/strong>: H\u00e0ng h\u00f3a s\u1ebd \u0111\u01b0\u1ee3c giao \u0111\u1ebfn \u0111\u1ecba ch\u1ec9 theo th\u1eddi gian d\u1ef1 ki\u1ebfn.<\/li>\n<li><strong>Nh\u1eadn h\u00e0ng<\/strong>: B\u1ea1n ki\u1ec3m tra h\u00e0ng h\u00f3a v\u00e0 k\u00fd nh\u1eadn.<\/li>\n<\/ul>\n<p>B\u1ea1n c\u00f3 th\u1ec3 ki\u1ec3m tra t\u00ecnh tr\u1ea1ng \u0111\u01a1n h\u00e0ng qua website ho\u1eb7c li\u00ean h\u1ec7 v\u1edbi b\u1ed9 ph\u1eadn ch\u0103m s\u00f3c kh\u00e1ch h\u00e0ng c\u1ee7a ch\u00fang t\u00f4i. N\u1ebfu c\u00f3 s\u1ef1 c\u1ed1 trong qu\u00e1 tr\u00ecnh giao h\u00e0ng, ch\u00fang t\u00f4i s\u1ebd x\u1eed l\u00fd k\u1ecbp th\u1eddi \u0111\u1ec3 \u0111\u1ea3m b\u1ea3o quy\u1ec1n l\u1ee3i c\u1ee7a b\u1ea1n.<\/p>\n<h2><span style=\"font-size: 80%;\">4. H\u00ccNH TH\u1ee8C GIAO H\u00c0NG<\/span><\/h2>\n<p>Ch\u00ednh s\u00e1ch giao h\u00e0ng c\u1ee7a Alumdoor cung c\u1ea5p nhi\u1ec1u h\u00ecnh th\u1ee9c giao h\u00e0ng kh\u00e1c nhau \u0111\u1ec3 ph\u00f9 h\u1ee3p v\u1edbi nhu c\u1ea7u c\u1ee7a kh\u00e1ch h\u00e0ng:<\/p>\n<ul>\n<li><strong>Giao h\u00e0ng nhanh<\/strong>: Th\u1eddi gian giao h\u00e0ng ng\u1eafn, ph\u00f9 h\u1ee3p v\u1edbi c\u00e1c \u0111\u01a1n h\u00e0ng c\u1ea7n g\u1ea5p.<\/li>\n<li><strong>Giao h\u00e0ng ti\u00eau chu\u1ea9n<\/strong>: Th\u1eddi gian giao h\u00e0ng trung b\u00ecnh, ph\u00f9 h\u1ee3p v\u1edbi c\u00e1c \u0111\u01a1n h\u00e0ng kh\u00f4ng qu\u00e1 g\u1ea5p.<\/li>\n<li><strong>Giao h\u00e0ng h\u1ecfa t\u1ed1c<\/strong>: Th\u1eddi gian giao h\u00e0ng r\u1ea5t ng\u1eafn, ph\u00f9 h\u1ee3p v\u1edbi c\u00e1c \u0111\u01a1n h\u00e0ng c\u1ea7n ngay l\u1eadp t\u1ee9c.<\/li>\n<\/ul>\n<p>M\u1ed7i h\u00ecnh th\u1ee9c giao h\u00e0ng c\u00f3 l\u1ee3i \u00edch v\u00e0 h\u1ea1n ch\u1ebf ri\u00eang, b\u1ea1n c\u00f3 th\u1ec3 l\u1ef1a ch\u1ecdn h\u00ecnh th\u1ee9c ph\u00f9 h\u1ee3p nh\u1ea5t v\u1edbi nhu c\u1ea7u c\u1ee7a m\u00ecnh.<\/p>\n<h2><span style=\"font-size: 80%;\">5. TR\u00c1CH NHI\u1ec6M C\u1eecA NG\u01af\u1edcI GIAO H\u00c0NG V\u00c0 NH\u1eacN H\u00c0NG<\/span><\/h2>\n<p>Ch\u00ednh s\u00e1ch giao h\u00e0ng c\u1ee7a Alumdoor quy \u0111\u1ecbnh r\u00f5 tr\u00e1ch nhi\u1ec7m c\u1ee7a ng\u01b0\u1eddi giao h\u00e0ng v\u00e0 ng\u01b0\u1eddi nh\u1eadn h\u00e0ng:<\/p>\n<ul>\n<li><strong>Ng\u01b0\u1eddi giao h\u00e0ng<\/strong>: \u0110\u1ea3m b\u1ea3o an to\u00e0n v\u00e0 ch\u1ea5t l\u01b0\u1ee3ng h\u00e0ng h\u00f3a trong qu\u00e1 tr\u00ecnh v\u1eadn chuy\u1ec3n t\u1edbi c\u00f4ng tr\u00ecnh ho\u1eb7c t\u1edbi ch\u00e0nh. N\u1ebfu c\u00f3 s\u1ef1 c\u1ed1, ng\u01b0\u1eddi giao h\u00e0ng ph\u1ea3i b\u00e1o c\u00e1o ngay l\u1eadp t\u1ee9c \u0111\u1ec3 \u0111\u01b0\u1ee3c x\u1eed l\u00fd.<\/li>\n<li><strong>Ng\u01b0\u1eddi nh\u1eadn h\u00e0ng<\/strong>: Ki\u1ec3m tra h\u00e0ng h\u00f3a khi nh\u1eadn v\u00e0 k\u00fd nh\u1eadn. N\u1ebfu ph\u00e1t hi\u1ec7n h\u00e0ng h\u00f3a kh\u00f4ng \u0111\u00fang nh\u01b0 \u0111\u01a1n \u0111\u1eb7t h\u00e0ng, b\u1ea1n c\u00f3 quy\u1ec1n t\u1eeb ch\u1ed1i nh\u1eadn h\u00e0ng v\u00e0 li\u00ean h\u1ec7 v\u1edbi ch\u00fang t\u00f4i \u0111\u1ec3 \u0111\u01b0\u1ee3c h\u1ed7 tr\u1ee3.<\/li>\n<\/ul>\n<h2><span style=\"font-size: 80%;\">6. CH\u00cdNH S\u00c1CH \u0110\u1ed4I TR\u1ea2 H\u00c0NG<\/span><\/h2>\n<p>Ch\u00ednh s\u00e1ch giao h\u00e0ng c\u1ee7a Alumdoor c\u0169ng bao g\u1ed3m quy \u0111\u1ecbnh v\u1ec1 \u0111\u1ed5i tr\u1ea3 h\u00e0ng:<\/p>\n<ul>\n<li><strong>\u0110i\u1ec1u ki\u1ec7n \u0111\u1ed5i tr\u1ea3<\/strong>: H\u00e0ng h\u00f3a b\u1ecb l\u1ed7i t\u1eeb ph\u00eda nh\u00e0 cung c\u1ea5p ho\u1eb7c kh\u00f4ng \u0111\u00fang nh\u01b0 m\u00f4 t\u1ea3.<\/li>\n<li><strong>Quy tr\u00ecnh \u0111\u1ed5i tr\u1ea3<\/strong>: Li\u00ean h\u1ec7 v\u1edbi nh\u00e2n vi\u00ean b\u00e1n h\u00e0ng \u0111\u1ec3 \u0111\u01b0\u1ee3c h\u01b0\u1edbng d\u1eabn chi ti\u1ebft v\u1ec1 quy tr\u00ecnh \u0111\u1ed5i tr\u1ea3.<\/li>\n<li><strong>Th\u1eddi gian v\u00e0 chi ph\u00ed<\/strong>: Th\u1eddi gian \u0111\u1ed5i tr\u1ea3 h\u00e0ng trong v\u00f2ng 7 ng\u00e0y k\u1ec3 t\u1eeb ng\u00e0y nh\u1eadn h\u00e0ng. Chi ph\u00ed \u0111\u1ed5i tr\u1ea3 s\u1ebd \u0111\u01b0\u1ee3c t\u00ednh theo t\u1eebng tr\u01b0\u1eddng h\u1ee3p c\u1ee5 th\u1ec3.<\/li>\n<\/ul>\n<h2><span style=\"font-size: 80%;\">7. LI\u00caN H\u1ec6 V\u00c0 H\u1ed6 TR\u1ee2<\/span><\/h2>\n<p>N\u1ebfu b\u1ea1n c\u00f3 b\u1ea5t k\u1ef3 th\u1eafc m\u1eafc n\u00e0o v\u1ec1 ch\u00ednh s\u00e1ch giao h\u00e0ng c\u1ee7a Alumdoor, vui l\u00f2ng li\u00ean h\u1ec7 v\u1edbi ch\u00fang t\u00f4i qua email ho\u1eb7c s\u1ed1 \u0111i\u1ec7n tho\u1ea1i h\u1ed7 tr\u1ee3 kh\u00e1ch h\u00e0ng. Ch\u00fang t\u00f4i lu\u00f4n s\u1eb5n s\u00e0ng gi\u1ea3i \u0111\u00e1p m\u1ecdi th\u1eafc m\u1eafc v\u00e0 h\u1ed7 tr\u1ee3 b\u1ea1n trong qu\u00e1 tr\u00ecnh mua s\u1eafm. Ch\u00ednh s\u00e1ch giao h\u00e0ng c\u1ee7a ch\u00fang t\u00f4i \u0111\u1ea3m b\u1ea3o r\u1eb1ng m\u1ecdi y\u00eau c\u1ea7u c\u1ee7a b\u1ea1n s\u1ebd \u0111\u01b0\u1ee3c x\u1eed l\u00fd nhanh ch\u00f3ng v\u00e0 hi\u1ec7u qu\u1ea3.<\/p>\n<h2><span style=\"font-size: 80%;\">8. C\u1eacP NH\u1eacT V\u00c0 THAY \u0110\u1ed4I CH\u00cdNH S\u00c1CH<\/span><\/h2>\n<p>Alumdoor cam k\u1ebft c\u1eadp nh\u1eadt v\u00e0 thay \u0111\u1ed5i ch\u00ednh s\u00e1ch giao h\u00e0ng \u0111\u1ec3 ph\u00f9 h\u1ee3p v\u1edbi nhu c\u1ea7u c\u1ee7a kh\u00e1ch h\u00e0ng. M\u1ecdi thay \u0111\u1ed5i trong ch\u00ednh s\u00e1ch giao h\u00e0ng s\u1ebd \u0111\u01b0\u1ee3c th\u00f4ng b\u00e1o tr\u00ean website c\u1ee7a ch\u00fang t\u00f4i. Ch\u00fang t\u00f4i khuy\u1ebfn kh\u00edch kh\u00e1ch h\u00e0ng th\u01b0\u1eddng xuy\u00ean ki\u1ec3m tra \u0111\u1ec3 n\u1eafm b\u1eaft c\u00e1c th\u00f4ng tin m\u1edbi nh\u1ea5t.<\/p>\n<h2><span style=\"font-size: 80%;\">K\u1ebeT LU\u1eacN<\/span><\/h2>\n<p>Ch\u00ednh s\u00e1ch giao h\u00e0ng l\u00e0 m\u1ed9t ph\u1ea7n kh\u00f4ng th\u1ec3 thi\u1ebfu trong vi\u1ec7c \u0111\u1ea3m b\u1ea3o s\u1ef1 h\u00e0i l\u00f2ng c\u1ee7a kh\u00e1ch h\u00e0ng. T\u1ea1i Alumdoor, ch\u00fang t\u00f4i cam k\u1ebft cung c\u1ea5p d\u1ecbch v\u1ee5 giao h\u00e0ng nhanh ch\u00f3ng, an to\u00e0n v\u00e0 hi\u1ec7u qu\u1ea3. H\u00e3y \u0111\u1ecdc k\u1ef9 v\u00e0 tu\u00e2n th\u1ee7 ch\u00ednh s\u00e1ch giao h\u00e0ng c\u1ee7a ch\u00fang t\u00f4i \u0111\u1ec3 \u0111\u1ea3m b\u1ea3o r\u1eb1ng b\u1ea1n lu\u00f4n nh\u1eadn \u0111\u01b0\u1ee3c s\u1ea3n ph\u1ea9m \u0111\u00fang h\u1eb9n v\u00e0 ch\u1ea5t l\u01b0\u1ee3ng.<\/p>\n\t\t<\/div>\n\n\t\t\n<style>\n#section_1136645546 {\n  padding-top: 30px;\n  padding-bottom: 30px;\n}\n<\/style>\n\t<\/section>\n\t\n\n\t<section class=\"section\" id=\"section_1095274519\">\n\t\t<div class=\"section-bg fill\" >\n\t\t\t\t\t\t\t\t\t<div class=\"section-bg-overlay absolute fill\"><\/div>\n\t\t\t\n\n\t\t<\/div>\n\n\t\t\n\n\t\t<div class=\"section-content relative\">\n\t\t\t\n<div class=\"container section-title-container\" ><h2 class=\"section-title section-title-normal\"><b aria-hidden=\"true\"><\/b><span class=\"section-title-main\" >LI\u00caN H\u1ec6 TR\u1ede TH\u00c0NH \u0110\u1ea0I L\u00dd NGAY!<\/span><b aria-hidden=\"true\"><\/b><\/h2><\/div>\n<p>N\u1ebfu b\u1ea1n c\u00f3 b\u1ea5t k\u1ef3 c\u00e2u h\u1ecfi n\u00e0o ho\u1eb7c c\u1ea7n h\u1ed7 tr\u1ee3 th\u00eam ho\u1eb7c c\u00f3 nhu c\u1ea7u ph\u00e2n ph\u1ed1i s\u1ea3n ph\u1ea9m. Vui l\u00f2ng <a href=\"https:\/\/alumdoor.com\/km\/lien-he\/\">li\u00ean h\u1ec7<\/a> v\u1ec1 ch\u00fang t\u00f4i qua c\u00e1c k\u00eanh sau:<\/p>\n<ul>\n<li><strong>\u0110\u1ecba ch\u1ec9<\/strong>: <a href=\"https:\/\/maps.app.goo.gl\/1dx7C1SXdiTd4ZZPA\" target=\"_blank\" rel=\"noopener\">C\u00f4ng ty TNHH International Aluminum Application (IAA)<\/a>, s\u1ed1 12B, \u0110\u01b0\u1eddng B\u00ecnh H\u01b0ng H\u00f2a, Qu\u1eadn B\u00ecnh T\u00e2n, TP.HCM.<\/li>\n<li><strong>\u0110i\u1ec7n tho\u1ea1i<\/strong>: <a href=\"https:\/\/zalo.me\/0946484889\" target=\"_blank\" rel=\"noopener\">0946.48.48.89<\/a> (Mr. \u0110\u00f4n)<\/li>\n<li><strong>Fanpage:<\/strong> <a href=\"https:\/\/www.facebook.com\/cuacuonalumdoor\" target=\"_blank\" rel=\"noopener\">C\u1eeda cu\u1ed1n Alumdoor<\/a><\/li>\n<li><strong>Website<\/strong>: www.alumdoor.com<\/li>\n<\/ul>\n<p>V\u1ec1 ch\u00fang t\u00f4i Alumdoor lu\u00f4n s\u1eb5n s\u00e0ng l\u1eafng nghe v\u00e0 h\u1ed7 tr\u1ee3 b\u1ea1n. C\u1ea3m \u01a1n b\u1ea1n \u0111\u00e3 tin t\u01b0\u1edfng v\u00e0 l\u1ef1a ch\u1ecdn Alumdoor!<\/p>\n\t\t<\/div>\n\n\t\t\n<style>\n#section_1095274519 {\n  padding-top: 30px;\n  padding-bottom: 30px;\n  background-color: rgb(193, 193, 193);\n}\n#section_1095274519 .section-bg-overlay {\n  background-color: rgba(255, 255, 255, 0.85);\n}\n<\/style>\n\t<\/section>","protected":false},"excerpt":{"rendered":"","protected":false},"author":5,"featured_media":4762,"parent":0,"menu_order":0,"comment_status":"closed","ping_status":"closed","template":"","meta":{"footnotes":""},"class_list":["post-2419","page","type-page","status-publish","has-post-thumbnail","hentry"],"blog_post_layout_featured_media_urls":{"thumbnail":["https:\/\/alumdoor.com\/wp-content\/uploads\/2025\/02\/IMG_6566-280x280.jpg",280,280,true],"full":["https:\/\/alumdoor.com\/wp-content\/uploads\/2025\/02\/IMG_6566-scaled.jpg",1437,2560,false]},"categories_names":null,"comments_number":"0","_links":{"self":[{"href":"https:\/\/alumdoor.com\/km\/wp-json\/wp\/v2\/pages\/2419","targetHints":{"allow":["GET"]}}],"collection":[{"href":"https:\/\/alumdoor.com\/km\/wp-json\/wp\/v2\/pages"}],"about":[{"href":"https:\/\/alumdoor.com\/km\/wp-json\/wp\/v2\/types\/page"}],"author":[{"embeddable":true,"href":"https:\/\/alumdoor.com\/km\/wp-json\/wp\/v2\/users\/5"}],"replies":[{"embeddable":true,"href":"https:\/\/alumdoor.com\/km\/wp-json\/wp\/v2\/comments?post=2419"}],"version-history":[{"count":0,"href":"https:\/\/alumdoor.com\/km\/wp-json\/wp\/v2\/pages\/2419\/revisions"}],"wp:featuredmedia":[{"embeddable":true,"href":"https:\/\/alumdoor.com\/km\/wp-json\/wp\/v2\/media\/4762"}],"wp:attachment":[{"href":"https:\/\/alumdoor.com\/km\/wp-json\/wp\/v2\/media?parent=2419"}],"curies":[{"name":"wp","href":"https:\/\/api.w.org\/{rel}","templated":true}]}}