{"id":2413,"date":"2025-02-23T15:01:00","date_gmt":"2025-02-23T08:01:00","guid":{"rendered":"http:\/\/alumdoor.com\/?page_id=2413"},"modified":"2025-02-23T15:47:20","modified_gmt":"2025-02-23T08:47:20","slug":"quy-trinh-dat-hang-04-buoc","status":"publish","type":"page","link":"https:\/\/alumdoor.com\/km\/quy-trinh-dat-hang-04-buoc\/","title":{"rendered":"Quy Tr\u00ecnh \u0110\u1eb7t H\u00e0ng 04 B\u01b0\u1edbc"},"content":{"rendered":"<section class=\"section\" id=\"section_762531890\">\n\t\t<div class=\"section-bg fill\" >\n\t\t\t\t\t\t\t\t\t\n\t\t\t\n\n\t\t<\/div>\n\n\t\t\n\n\t\t<div class=\"section-content relative\">\n\t\t\t\n<div class=\"container section-title-container\" ><h1 class=\"section-title section-title-normal\"><b aria-hidden=\"true\"><\/b><span class=\"section-title-main\" style=\"font-size:90%;\">QUY TR\u00ccNH \u0110\u1eb6T H\u00c0NG 04 B\u01af\u1edaC T\u1ea0I ALUMDOOR<\/span><b aria-hidden=\"true\"><\/b><\/h1><\/div>\n\t<div class=\"img has-hover x md-x lg-x y md-y lg-y\" id=\"image_692664024\">\n\t\t\t\t\t\t\t\t<div class=\"img-inner image-cover dark\" style=\"padding-top:50%;\">\n\t\t\t<img decoding=\"async\" width=\"1020\" height=\"573\" src=\"https:\/\/alumdoor.com\/wp-content\/uploads\/2025\/02\/IMG_6555-1400x786.jpg\" class=\"attachment-large size-large\" alt=\"Quy tr\u00ecnh \u0111\u1eb7t h\u00e0ng 04 b\u01b0\u1edbc\" srcset=\"https:\/\/alumdoor.com\/wp-content\/uploads\/2025\/02\/IMG_6555-1400x786.jpg 1400w, https:\/\/alumdoor.com\/wp-content\/uploads\/2025\/02\/IMG_6555-scaled-510x286.jpg 510w, https:\/\/alumdoor.com\/wp-content\/uploads\/2025\/02\/IMG_6555-713x400.jpg 713w, https:\/\/alumdoor.com\/wp-content\/uploads\/2025\/02\/IMG_6555-768x431.jpg 768w, https:\/\/alumdoor.com\/wp-content\/uploads\/2025\/02\/IMG_6555-1536x862.jpg 1536w, https:\/\/alumdoor.com\/wp-content\/uploads\/2025\/02\/IMG_6555-2048x1150.jpg 2048w\" sizes=\"(max-width: 1020px) 100vw, 1020px\" \/>\t\t\t\t\t\t\n\t\t\t\t\t<\/div>\n\t\t\t\t\t\t\t\t\n<style>\n#image_692664024 {\n  width: 100%;\n}\n<\/style>\n\t<\/div>\n\t\n\t<div id=\"gap-2115193271\" class=\"gap-element clearfix\" style=\"display:block; height:auto;\">\n\t\t\n<style>\n#gap-2115193271 {\n  padding-top: 15px;\n}\n@media (min-width:550px) {\n  #gap-2115193271 {\n    padding-top: 30px;\n  }\n}\n<\/style>\n\t<\/div>\n\t\n\t<div id=\"text-1351199128\" class=\"text\">\n\t\t\n<p><span style=\"font-size: 100%;\"><strong>QUY TR\u00ccNH \u0110\u1eb6T H\u00c0NG 04 B\u01af\u1edaC<\/strong> l\u00e0 m\u1ed9t ph\u1ea7n quan tr\u1ecdng trong vi\u1ec7c mua s\u1eafm tr\u1ef1c tuy\u1ebfn. M\u1ed9t quy tr\u00ecnh \u0111\u1eb7t h\u00e0ng 04 b\u01b0\u1edbc r\u00f5 r\u00e0ng v\u00e0 hi\u1ec7u qu\u1ea3 kh\u00f4ng ch\u1ec9 gi\u00fap ti\u1ebft ki\u1ec7m th\u1eddi gian m\u00e0 c\u00f2n \u0111\u1ea3m b\u1ea3o s\u1ef1 h\u00e0i l\u00f2ng c\u1ee7a kh\u00e1ch h\u00e0ng. D\u01b0\u1edbi \u0111\u00e2y l\u00e0 <strong>QUY TR\u00ccNH \u0110\u1eb6T H\u00c0NG 04 B\u01af\u1edaC<\/strong>\u00a0gi\u00fap b\u1ea1n d\u1ec5 d\u00e0ng mua s\u1eafm t\u1ea1i Alumdoor.<\/span><\/p>\n\t\t\n<style>\n#text-1351199128 {\n  font-size: 1rem;\n}\n<\/style>\n\t<\/div>\n\t\n\t<div id=\"gap-1777168077\" class=\"gap-element clearfix\" style=\"display:block; height:auto;\">\n\t\t\n<style>\n#gap-1777168077 {\n  padding-top: 15px;\n}\n@media (min-width:550px) {\n  #gap-1777168077 {\n    padding-top: 30px;\n  }\n}\n<\/style>\n\t<\/div>\n\t\n<div class=\"container section-title-container\" ><h2 class=\"section-title section-title-normal\"><b aria-hidden=\"true\"><\/b><span class=\"section-title-main\" style=\"font-size:90%;\">B\u01b0\u1edbc 1: T\u00ecm ki\u1ebfm th\u00f4ng tin v\u1ec1 Alumdoor<\/span><b aria-hidden=\"true\"><\/b><\/h2><\/div>\n<p>\u0110\u1ec3 b\u1eaft \u0111\u1ea7u\u00a0<strong>QUY TR\u00ccNH \u0110\u1eb6T H\u00c0NG 04 B\u01af\u1edaC<\/strong>, b\u1ea1n c\u1ea7n t\u00ecm ki\u1ebfm s\u1ea3n ph\u1ea9m tr\u00ean website: <a href=\"https:\/\/alumdoor.com\/km\/\">alumdoor.com <\/a>ho\u1eb7c facebook: <a href=\"https:\/\/www.facebook.com\/cuacuonalumdoor\" target=\"_blank\" rel=\"noopener\">c\u1eeda cu\u1ed1n Alumdoor<\/a> ho\u1eb7c li\u00ean h\u1ec7 s\u1ed1 \u0111i\u1ec7n tho\u1ea1i\/zalo: <a href=\"https:\/\/zalo.me\/0946484889\" target=\"_blank\" rel=\"noopener\">0946.48.48.89<\/a> (Mr.\u0110\u00f4n). B\u1ea1n c\u00f3 th\u1ec3 g\u1ecdi v\u00e0 k\u1ebft b\u1ea1n Zalo \u0111\u1ec3 \u0111\u01b0\u1ee3c t\u01b0 v\u1ea5n v\u00e0 cung c\u1ea5p th\u00f4ng tin s\u1ea3n ph\u1ea9m\/ d\u1ecbch v\u1ee5 m\u1ed9t c\u00e1ch chi ti\u1ebft.<\/p>\n<p>Tr\u00ean website Alumdoor, b\u1ea1n c\u00f3 th\u1ec3 s\u1eed d\u1ee5ng thanh t\u00ecm ki\u1ebfm \u0111\u1ec3 nh\u1eadp t\u1eeb kh\u00f3a li\u00ean quan \u0111\u1ebfn s\u1ea3n ph\u1ea9m b\u1ea1n c\u1ea7n. H\u1ec7 th\u1ed1ng s\u1ebd hi\u1ec3n th\u1ecb danh s\u00e1ch c\u00e1c s\u1ea3n ph\u1ea9m ph\u00f9 h\u1ee3p v\u1edbi t\u1eeb kh\u00f3a c\u1ee7a b\u1ea1n. B\u1ea1n c\u0169ng c\u00f3 th\u1ec3 s\u1eed d\u1ee5ng c\u00e1c b\u1ed9 l\u1ecdc \u0111\u1ec3 thu h\u1eb9p ph\u1ea1m vi t\u00ecm ki\u1ebfm, ch\u1eb3ng h\u1ea1n nh\u01b0 l\u1ecdc theo gi\u00e1, lo\u1ea1i s\u1ea3n ph\u1ea9m, ho\u1eb7c t\u00ednh n\u0103ng \u0111\u1eb7c bi\u1ec7t.<\/p>\n<p>N\u1ebfu b\u1ea1n s\u1eed d\u1ee5ng Facebook, h\u00e3y truy c\u1eadp trang c\u1eeda cu\u1ed1n Alumdoor v\u00e0 t\u00ecm ki\u1ebfm s\u1ea3n ph\u1ea9m qua c\u00e1c b\u00e0i \u0111\u0103ng ho\u1eb7c album \u1ea3nh. B\u1ea1n c\u00f3 th\u1ec3 \u0111\u1ec3 l\u1ea1i b\u00ecnh lu\u1eadn ho\u1eb7c g\u1eedi tin nh\u1eafn tr\u1ef1c ti\u1ebfp \u0111\u1ec3 \u0111\u01b0\u1ee3c t\u01b0 v\u1ea5n th\u00eam.<\/p>\n<p>B\u1ea1n c\u00f3 th\u1ec3 g\u1ecdi \u0111i\u1ec7n ho\u1eb7c nh\u1eafn tin zalo \u0111\u1ec3 h\u1ecfi v\u1ec1 s\u1ea3n ph\u1ea9m, gi\u00e1 c\u1ea3, v\u00e0 c\u00e1c ch\u01b0\u01a1ng tr\u00ecnh khuy\u1ebfn m\u00e3i hi\u1ec7n c\u00f3 \u0111\u00ea \u0111\u01b0\u1ee3c ph\u1ea3n h\u1ed3i nhanh ch\u00f3ng h\u01a1n.<\/p>\n<div class=\"container section-title-container\" ><h2 class=\"section-title section-title-normal\"><b aria-hidden=\"true\"><\/b><span class=\"section-title-main\" style=\"font-size:90%;\">B\u01b0\u1edbc 2: Cung c\u1ea5p th\u00f4ng tin \u0111\u1ec3 \u0111\u01b0\u1ee3c gi\u1ea3i \u0111\u00e1p<\/span><b aria-hidden=\"true\"><\/b><\/h2><\/div>\n<p>Trong\u00a0<strong>QUY TR\u00ccNH \u0110\u1eb6T H\u00c0NG 04 B\u01af\u1edaC<\/strong>, b\u01b0\u1edbc ti\u1ebfp theo l\u00e0 cung c\u1ea5p th\u00f4ng tin s\u1ea3n ph\u1ea9m ho\u1eb7c th\u1eafc m\u1eafc \u0111\u1ec3 \u0111\u01b0\u1ee3c t\u01b0 v\u1ea5n t\u1eeb nh\u00e2n vi\u00ean b\u00e1n h\u00e0ng. B\u1ea1n s\u1ebd trao \u0111\u1ed5i v\u1edbi nh\u00e2n vi\u00ean v\u1ec1 gi\u00e1 c\u1ea3, ch\u1ea5t l\u01b0\u1ee3ng s\u1ea3n ph\u1ea9m\/d\u1ecbch v\u1ee5, khuy\u1ebfn m\u00e3i v\u00e0 ch\u00ednh s\u00e1ch b\u1ea3o h\u00e0nh. \u0110i\u1ec1u n\u00e0y gi\u00fap b\u1ea1n hi\u1ec3u r\u00f5 h\u01a1n v\u1ec1 s\u1ea3n ph\u1ea9m tr\u01b0\u1edbc khi quy\u1ebft \u0111\u1ecbnh mua.<\/p>\n<p>Ngo\u00e0i ra, b\u1ea1n c\u0169ng c\u00f3 th\u1ec3 y\u00eau c\u1ea7u nh\u00e2n vi\u00ean b\u00e1n h\u00e0ng cung c\u1ea5p th\u00eam h\u00ecnh \u1ea3nh ho\u1eb7c video v\u1ec1 s\u1ea3n ph\u1ea9m \u0111\u1ec3 c\u00f3 c\u00e1i nh\u00ecn tr\u1ef1c quan h\u01a1n. N\u1ebfu c\u00f3 b\u1ea5t k\u1ef3 c\u00e2u h\u1ecfi n\u00e0o v\u1ec1 c\u00e1ch s\u1eed d\u1ee5ng s\u1ea3n ph\u1ea9m, \u0111\u1eebng ng\u1ea7n ng\u1ea1i h\u1ecfi \u0111\u1ec3 \u0111\u01b0\u1ee3c gi\u1ea3i \u0111\u00e1p chi ti\u1ebft. Vi\u1ec7c n\u00e0y gi\u00fap b\u1ea1n c\u00f3 \u0111\u1ea7y \u0111\u1ee7 th\u00f4ng tin v\u00e0 t\u1ef1 tin h\u01a1n khi \u0111\u01b0a ra quy\u1ebft \u0111\u1ecbnh mua h\u00e0ng.<\/p>\n<div class=\"container section-title-container\" ><h2 class=\"section-title section-title-normal\"><b aria-hidden=\"true\"><\/b><span class=\"section-title-main\" style=\"font-size:90%;\">B\u01b0\u1edbc 3: Y\u00eau c\u1ea7u b\u00e1o gi\u00e1<\/span><b aria-hidden=\"true\"><\/b><\/h2><\/div>\n<p>B\u01b0\u1edbc th\u1ee9 ba trong\u00a0<strong>QUY TR\u00ccNH \u0110\u1eb6T H\u00c0NG 04 B\u01af\u1edaC<\/strong> l\u00e0 y\u00eau c\u1ea7u nh\u00e2n vi\u00ean l\u00ean b\u00e1o gi\u00e1 \u0111\u01a1n h\u00e0ng. B\u1ea1n c\u1ea7n th\u1ed1ng nh\u1ea5t \u0111\u1ecba \u0111i\u1ec3m giao h\u00e0ng v\u00e0 th\u1eddi gian giao h\u00e0ng v\u1edbi nh\u00e2n vi\u00ean b\u00e1n h\u00e0ng. H\u00e3y ki\u1ec3m tra l\u1ea1i th\u00f4ng tin \u0111\u00e3 ghi trong b\u00e1o gi\u00e1 tr\u01b0\u1edbc khi ti\u1ebfn h\u00e0nh thanh to\u00e1n \u0111\u1ec3 \u0111\u1ea3m b\u1ea3o m\u1ecdi th\u1ee9 \u0111\u1ec1u ch\u00ednh x\u00e1c.\u00a0<\/p>\n<p>Trong qu\u00e1 tr\u00ecnh y\u00eau c\u1ea7u b\u00e1o gi\u00e1, Qu\u00fd \u0111\u1ea1i l\u00fd n\u00ean l\u01b0u \u00fd v\u00e0 x\u00e1c nh\u1eadn l\u1ea1i c\u00e1c y\u1ebfu t\u1ed1 sau:<\/p>\n<ul>\n<li><strong>Chi ti\u1ebft s\u1ea3n ph\u1ea9m<\/strong>: \u0110\u1ea3m b\u1ea3o r\u1eb1ng b\u00e1o gi\u00e1 bao g\u1ed3m t\u1ea5t c\u1ea3 c\u00e1c chi ti\u1ebft v\u1ec1 s\u1ea3n ph\u1ea9m nh\u01b0 k\u00edch th\u01b0\u1edbc, m\u00e0u s\u1eafc, ch\u1ea5t li\u1ec7u v\u00e0 s\u1ed1 l\u01b0\u1ee3ng.<\/li>\n<li><strong>Chi ph\u00ed v\u1eadn chuy\u1ec3n<\/strong>: Ki\u1ec3m tra xem chi ph\u00ed v\u1eadn chuy\u1ec3n \u0111\u00e3 \u0111\u01b0\u1ee3c bao g\u1ed3m trong b\u00e1o gi\u00e1 hay ch\u01b0a. N\u1ebfu ch\u01b0a, h\u00e3y y\u00eau c\u1ea7u nh\u00e2n vi\u00ean cung c\u1ea5p th\u00f4ng tin chi ti\u1ebft v\u1ec1 chi ph\u00ed n\u00e0y.<\/li>\n<li><strong>Th\u1eddi gian giao h\u00e0ng<\/strong>: X\u00e1c \u0111\u1ecbnh r\u00f5 th\u1eddi gian giao h\u00e0ng d\u1ef1 ki\u1ebfn \u0111\u1ec3 b\u1ea1n c\u00f3 th\u1ec3 s\u1eafp x\u1ebfp nh\u1eadn h\u00e0ng m\u1ed9t c\u00e1ch thu\u1eadn ti\u1ec7n.<\/li>\n<li><strong>Ch\u00ednh s\u00e1ch \u0111\u1ed5i tr\u1ea3<\/strong>: H\u1ecfi r\u00f5 v\u1ec1 ch\u00ednh s\u00e1ch \u0111\u1ed5i tr\u1ea3 h\u00e0ng h\u00f3a trong tr\u01b0\u1eddng h\u1ee3p s\u1ea3n ph\u1ea9m kh\u00f4ng \u0111\u00fang nh\u01b0 m\u00f4 t\u1ea3 ho\u1eb7c b\u1ecb h\u01b0 h\u1ecfng.<\/li>\n<\/ul>\n<div class=\"container section-title-container\" ><h2 class=\"section-title section-title-normal\"><b aria-hidden=\"true\"><\/b><span class=\"section-title-main\" style=\"font-size:90%;\">B\u01b0\u1edbc 4: Ti\u1ebfn h\u00e0nh thanh to\u00e1n<\/span><b aria-hidden=\"true\"><\/b><\/h2><\/div>\n<p>Cu\u1ed1i c\u00f9ng, trong\u00a0<strong>QUY TR\u00ccNH \u0110\u1eb6T H\u00c0NG 04 B\u01af\u1edaC<\/strong>, b\u1ea1n s\u1ebd ti\u1ebfn h\u00e0nh thanh to\u00e1n. B\u1ea1n c\u00f3 th\u1ec3 ch\u1ecdn chuy\u1ec3n kho\u1ea3n ho\u1eb7c thanh to\u00e1n ti\u1ec1n m\u1eb7t. Th\u00f4ng th\u01b0\u1eddng, b\u1ea1n s\u1ebd c\u1ea7n c\u1ecdc 30% \u0111\u1ec3 \u0111\u1eb7t h\u00e0ng v\u00e0 thanh to\u00e1n 70% ph\u1ea7n c\u00f2n l\u1ea1i tr\u01b0\u1edbc khi giao h\u00e0ng. \u0110i\u1ec1u n\u00e0y gi\u00fap \u0111\u1ea3m b\u1ea3o r\u1eb1ng \u0111\u01a1n h\u00e0ng c\u1ee7a b\u1ea1n s\u1ebd \u0111\u01b0\u1ee3c x\u1eed l\u00fd nhanh ch\u00f3ng v\u00e0 ch\u00ednh x\u00e1c.<\/p>\n<p>Khi ti\u1ebfn h\u00e0nh thanh to\u00e1n, b\u1ea1n c\u1ea7n l\u01b0u \u00fd c\u00e1c \u0111i\u1ec3m sau:<\/p>\n<ul>\n<li><strong>Ph\u01b0\u01a1ng th\u1ee9c thanh to\u00e1n<\/strong>: Alumdoor ch\u1ea5p nh\u1eadn nhi\u1ec1u ph\u01b0\u01a1ng th\u1ee9c thanh to\u00e1n kh\u00e1c nhau nh\u01b0 chuy\u1ec3n kho\u1ea3n ng\u00e2n h\u00e0ng, thanh to\u00e1n qua v\u00ed \u0111i\u1ec7n t\u1eed ho\u1eb7c ti\u1ec1n m\u1eb7t. H\u00e3y ch\u1ecdn ph\u01b0\u01a1ng th\u1ee9c ph\u00f9 h\u1ee3p nh\u1ea5t v\u1edbi b\u1ea1n.<\/li>\n<li><strong>X\u00e1c nh\u1eadn thanh to\u00e1n<\/strong>: Sau khi thanh to\u00e1n, b\u1ea1n n\u00ean ch\u1ee5p l\u1ea1i bi\u00ean lai ho\u1eb7c x\u00e1c nh\u1eadn giao d\u1ecbch qua tin n\u1eafhn \u0111\u1ec3 \u0111\u1ed1i chi\u1ebfu n\u1ebfu c\u1ea7n thi\u1ebft. \u0110i\u1ec1u n\u00e0y gi\u00fap b\u1ea1n tr\u00e1nh \u0111\u01b0\u1ee3c c\u00e1c r\u1eafc r\u1ed1i kh\u00f4ng mong mu\u1ed1n trong qu\u00e1 tr\u00ecnh x\u1eed l\u00fd \u0111\u01a1n h\u00e0ng.<\/li>\n<li><strong>Ki\u1ec3m tra l\u1ea1i th\u00f4ng tin<\/strong>: Tr\u01b0\u1edbc khi ho\u00e0n t\u1ea5t thanh to\u00e1n, h\u00e3y ki\u1ec3m tra l\u1ea1i t\u1ea5t c\u1ea3 c\u00e1c th\u00f4ng tin v\u1ec1 \u0111\u01a1n h\u00e0ng, bao g\u1ed3m s\u1ea3n ph\u1ea9m, s\u1ed1 l\u01b0\u1ee3ng, gi\u00e1 c\u1ea3 v\u00e0 \u0111\u1ecba ch\u1ec9 giao h\u00e0ng. \u0110i\u1ec1u n\u00e0y gi\u00fap \u0111\u1ea3m b\u1ea3o r\u1eb1ng <strong>QUY TR\u00ccNH \u0110\u1eb6T H\u00c0NG 04 B\u01af\u1edaC<\/strong> ch\u00ednh x\u00e1c v\u00e0 tr\u00e1nh \u0111\u01b0\u1ee3c c\u00e1c sai s\u00f3t kh\u00f4ng \u0111\u00e1ng c\u00f3.<\/li>\n<\/ul>\n<div class=\"container section-title-container\" ><h2 class=\"section-title section-title-normal\"><b aria-hidden=\"true\"><\/b><span class=\"section-title-main\" style=\"font-size:90%;\">K\u1ebft lu\u1eadn<\/span><b aria-hidden=\"true\"><\/b><\/h2><\/div>\n<p>Tr\u00ean \u0111\u00e2y l\u00e0\u00a0<strong>QUY TR\u00ccNH \u0110\u1eb6T H\u00c0NG 04 B\u01af\u1edaC<\/strong>\u00a0t\u1ea1i Alumdoor. Vi\u1ec7c tu\u00e2n th\u1ee7 quy tr\u00ecnh n\u00e0y s\u1ebd gi\u00fap b\u1ea1n mua s\u1eafm m\u1ed9t c\u00e1ch an to\u00e0n v\u00e0 hi\u1ec7u qu\u1ea3. H\u00e3y b\u1eaft \u0111\u1ea7u\u00a0<strong>QUY TR\u00ccNH \u0110\u1eb6T H\u00c0NG 04 B\u01af\u1edaC<\/strong>\u00a0ngay h\u00f4m nay \u0111\u1ec3 tr\u1ea3i nghi\u1ec7m d\u1ecbch v\u1ee5 t\u1ed1t nh\u1ea5t t\u1eeb Alumdoor.<\/p>\n\t\t<\/div>\n\n\t\t\n<style>\n#section_762531890 {\n  padding-top: 30px;\n  padding-bottom: 30px;\n}\n<\/style>\n\t<\/section>\n\t\n\n\t<section class=\"section\" id=\"section_1924991304\">\n\t\t<div class=\"section-bg fill\" >\n\t\t\t\t\t\t\t\t\t<div class=\"section-bg-overlay absolute fill\"><\/div>\n\t\t\t\n\n\t\t<\/div>\n\n\t\t\n\n\t\t<div class=\"section-content relative\">\n\t\t\t\n<div class=\"container section-title-container\" ><h2 class=\"section-title section-title-normal\"><b aria-hidden=\"true\"><\/b><span class=\"section-title-main\" >LI\u00caN H\u1ec6 TR\u1ede TH\u00c0NH \u0110\u1ea0I L\u00dd NGAY!<\/span><b aria-hidden=\"true\"><\/b><\/h2><\/div>\n<p>N\u1ebfu b\u1ea1n c\u00f3 b\u1ea5t k\u1ef3 c\u00e2u h\u1ecfi n\u00e0o ho\u1eb7c c\u1ea7n h\u1ed7 tr\u1ee3 th\u00eam ho\u1eb7c c\u00f3 nhu c\u1ea7u ph\u00e2n ph\u1ed1i s\u1ea3n ph\u1ea9m. Vui l\u00f2ng <a href=\"https:\/\/alumdoor.com\/km\/lien-he\/\">li\u00ean h\u1ec7<\/a> v\u1ec1 ch\u00fang t\u00f4i qua c\u00e1c k\u00eanh sau:<\/p>\n<ul>\n<li><strong>\u0110\u1ecba ch\u1ec9<\/strong>: <a href=\"https:\/\/maps.app.goo.gl\/1dx7C1SXdiTd4ZZPA\" target=\"_blank\" rel=\"noopener\">C\u00f4ng ty TNHH International Aluminum Application (IAA)<\/a>, s\u1ed1 12B, \u0110\u01b0\u1eddng B\u00ecnh H\u01b0ng H\u00f2a, Qu\u1eadn B\u00ecnh T\u00e2n, TP.HCM.<\/li>\n<li><strong>\u0110i\u1ec7n tho\u1ea1i<\/strong>: <a href=\"https:\/\/zalo.me\/0946484889\" target=\"_blank\" rel=\"noopener\">0946.48.48.89<\/a> (Mr. \u0110\u00f4n)<\/li>\n<li><strong>Fanpage:<\/strong> <a href=\"https:\/\/www.facebook.com\/cuacuonalumdoor\" target=\"_blank\" rel=\"noopener\">C\u1eeda cu\u1ed1n Alumdoor<\/a><\/li>\n<li><strong>Website<\/strong>: www.alumdoor.com<\/li>\n<\/ul>\n<p>V\u1ec1 ch\u00fang t\u00f4i Alumdoor lu\u00f4n s\u1eb5n s\u00e0ng l\u1eafng nghe v\u00e0 h\u1ed7 tr\u1ee3 b\u1ea1n. C\u1ea3m \u01a1n b\u1ea1n \u0111\u00e3 tin t\u01b0\u1edfng v\u00e0 l\u1ef1a ch\u1ecdn Alumdoor!<\/p>\n\t\t<\/div>\n\n\t\t\n<style>\n#section_1924991304 {\n  padding-top: 30px;\n  padding-bottom: 30px;\n  background-color: rgb(193, 193, 193);\n}\n#section_1924991304 .section-bg-overlay {\n  background-color: rgba(255, 255, 255, 0.85);\n}\n<\/style>\n\t<\/section>","protected":false},"excerpt":{"rendered":"","protected":false},"author":5,"featured_media":4742,"parent":0,"menu_order":0,"comment_status":"closed","ping_status":"closed","template":"","meta":{"footnotes":""},"class_list":["post-2413","page","type-page","status-publish","has-post-thumbnail","hentry"],"blog_post_layout_featured_media_urls":{"thumbnail":["https:\/\/alumdoor.com\/wp-content\/uploads\/2025\/02\/IMG_6555-280x280.jpg",280,280,true],"full":["https:\/\/alumdoor.com\/wp-content\/uploads\/2025\/02\/IMG_6555-scaled.jpg",2560,1437,false]},"categories_names":null,"comments_number":"0","_links":{"self":[{"href":"https:\/\/alumdoor.com\/km\/wp-json\/wp\/v2\/pages\/2413","targetHints":{"allow":["GET"]}}],"collection":[{"href":"https:\/\/alumdoor.com\/km\/wp-json\/wp\/v2\/pages"}],"about":[{"href":"https:\/\/alumdoor.com\/km\/wp-json\/wp\/v2\/types\/page"}],"author":[{"embeddable":true,"href":"https:\/\/alumdoor.com\/km\/wp-json\/wp\/v2\/users\/5"}],"replies":[{"embeddable":true,"href":"https:\/\/alumdoor.com\/km\/wp-json\/wp\/v2\/comments?post=2413"}],"version-history":[{"count":0,"href":"https:\/\/alumdoor.com\/km\/wp-json\/wp\/v2\/pages\/2413\/revisions"}],"wp:featuredmedia":[{"embeddable":true,"href":"https:\/\/alumdoor.com\/km\/wp-json\/wp\/v2\/media\/4742"}],"wp:attachment":[{"href":"https:\/\/alumdoor.com\/km\/wp-json\/wp\/v2\/media?parent=2413"}],"curies":[{"name":"wp","href":"https:\/\/api.w.org\/{rel}","templated":true}]}}