{"id":4211,"date":"2023-07-14T08:47:25","date_gmt":"2023-07-14T01:47:25","guid":{"rendered":"http:\/\/alumdoor.com\/?post_type=product&#038;p=4211"},"modified":"2025-10-27T16:35:38","modified_gmt":"2025-10-27T09:35:38","slug":"bo-dieu-khien-cua-cuon-bang-dien-thoai","status":"publish","type":"product","link":"https:\/\/alumdoor.com\/en\/product\/bo-dieu-khien-cua-cuon-bang-dien-thoai\/","title":{"rendered":"B\u1ed9 \u0110i\u1ec1u Khi\u1ec3n C\u1eeda Cu\u1ed1n B\u1eb1ng \u0110i\u1ec7n Tho\u1ea1i"},"content":{"rendered":"<h1><strong><span style=\"font-size: 85%;\">Gi\u1edbi thi\u1ec7u v\u1ec1 B\u1ed9 \u0110i\u1ec1u Khi\u1ec3n C\u1eeda Cu\u1ed1n B\u1eb1ng \u0110i\u1ec7n Tho\u1ea1i<\/span><\/strong><\/h1>\n<h2><strong><span style=\"font-size: 80%;\">1. C\u1ea5u t\u1ea1o v\u00e0 t\u00ednh n\u0103ng c\u1ee7a B\u1ed9 \u0110i\u1ec1u Khi\u1ec3n C\u1eeda Cu\u1ed1n B\u1eb1ng \u0110i\u1ec7n Tho\u1ea1i<\/span><\/strong><\/h2>\n<p>B\u1ed9 \u0110i\u1ec1u Khi\u1ec3n C\u1eeda Cu\u1ed1n B\u1eb1ng \u0110i\u1ec7n Tho\u1ea1i\u00a0\u0111\u01b0\u1ee3c thi\u1ebft k\u1ebf v\u1edbi c\u00f4ng ngh\u1ec7 hi\u1ec7n \u0111\u1ea1i, cho ph\u00e9p ng\u01b0\u1eddi d\u00f9ng \u0111i\u1ec1u khi\u1ec3n c\u1eeda cu\u1ed1n t\u1eeb xa th\u00f4ng qua \u0111i\u1ec7n tho\u1ea1i th\u00f4ng minh. D\u01b0\u1edbi \u0111\u00e2y l\u00e0 m\u1ed9t s\u1ed1 t\u00ednh n\u0103ng n\u1ed5i b\u1eadt c\u1ee7a s\u1ea3n ph\u1ea9m:<\/p>\n<ul>\n<li><strong>K\u1ebft n\u1ed1i d\u1ec5 d\u00e0ng<\/strong>: S\u1ea3n ph\u1ea9m c\u00f3 th\u1ec3 k\u1ebft n\u1ed1i v\u1edbi h\u1ea7u h\u1ebft c\u00e1c lo\u1ea1i c\u1eeda cu\u1ed1n nh\u01b0 c\u1eeda cu\u1ed1n khe tho\u00e1ng, c\u1eeda cu\u1ed1n t\u1ea5m li\u1ec1n, c\u1eeda cu\u1ed1n \u0111\u00e0i loan, c\u1eeda cu\u1ed1n si\u00eau tr\u01b0\u1eddng si\u00eau tr\u1ecdng, c\u1eeda cu\u1ed1n l\u01b0\u1edbi m\u1eaft c\u00e1o song ngang.<\/li>\n<li><strong>An to\u00e0n v\u00e0 b\u1ea3o m\u1eadt<\/strong>: B\u1ed9 \u0111i\u1ec1u khi\u1ec3n \u0111\u01b0\u1ee3c trang b\u1ecb c\u00e1c t\u00ednh n\u0103ng b\u1ea3o m\u1eadt cao, gi\u00fap ng\u0103n ch\u1eb7n vi\u1ec7c truy c\u1eadp tr\u00e1i ph\u00e9p.<\/li>\n<li><strong>D\u1ec5 d\u00e0ng c\u00e0i \u0111\u1eb7t v\u00e0 s\u1eed d\u1ee5ng<\/strong>: Ng\u01b0\u1eddi d\u00f9ng c\u00f3 th\u1ec3 d\u1ec5 d\u00e0ng c\u00e0i \u0111\u1eb7t v\u00e0 s\u1eed d\u1ee5ng s\u1ea3n ph\u1ea9m m\u00e0 kh\u00f4ng c\u1ea7n \u0111\u1ebfn s\u1ef1 h\u1ed7 tr\u1ee3 c\u1ee7a k\u1ef9 thu\u1eadt vi\u00ean.<\/li>\n<\/ul>\n<h2><strong><span style=\"font-size: 80%;\">2. \u01afu \u0111i\u1ec3m c\u1ee7a B\u1ed9 \u0110i\u1ec1u Khi\u1ec3n C\u1eeda Cu\u1ed1n B\u1eb1ng \u0110i\u1ec7n Tho\u1ea1i<\/span><\/strong><\/h2>\n<p><strong>B\u1ed9 \u0110i\u1ec1u Khi\u1ec3n C\u1eeda Cu\u1ed1n B\u1eb1ng \u0110i\u1ec7n Tho\u1ea1i<\/strong>\u00a0mang l\u1ea1i nhi\u1ec1u \u01b0u \u0111i\u1ec3m v\u01b0\u1ee3t tr\u1ed9i, gi\u00fap n\u00e2ng cao tr\u1ea3i nghi\u1ec7m s\u1eed d\u1ee5ng c\u1eeda cu\u1ed1n c\u1ee7a b\u1ea1n:<\/p>\n<ul>\n<li><strong>Ti\u1ec7n l\u1ee3i v\u00e0 linh ho\u1ea1t<\/strong>: B\u1ea1n c\u00f3 th\u1ec3 \u0111i\u1ec1u khi\u1ec3n c\u1eeda cu\u1ed1n t\u1eeb b\u1ea5t k\u1ef3 \u0111\u00e2u ch\u1ec9 v\u1edbi m\u1ed9t chi\u1ebfc \u0111i\u1ec7n tho\u1ea1i th\u00f4ng minh.<\/li>\n<li><strong>Ti\u1ebft ki\u1ec7m th\u1eddi gian<\/strong>: Kh\u00f4ng c\u1ea7n ph\u1ea3i ra kh\u1ecfi xe hay r\u1eddi kh\u1ecfi nh\u00e0 \u0111\u1ec3 m\u1edf ho\u1eb7c \u0111\u00f3ng c\u1eeda cu\u1ed1n.<\/li>\n<li><strong>T\u0103ng c\u01b0\u1eddng an ninh<\/strong>: V\u1edbi t\u00ednh n\u0103ng b\u1ea3o m\u1eadt cao,\u00a0B\u1ed9 \u0110i\u1ec1u Khi\u1ec3n C\u1eeda Cu\u1ed1n B\u1eb1ng \u0110i\u1ec7n Tho\u1ea1i\u00a0gi\u00fap b\u1ea3o v\u1ec7 ng\u00f4i nh\u00e0 c\u1ee7a b\u1ea1n kh\u1ecfi c\u00e1c nguy c\u01a1 x\u00e2m nh\u1eadp.<\/li>\n<\/ul>\n<h2><strong><span style=\"font-size: 80%;\">3. C\u00e1ch ch\u1ecdn B\u1ed9 \u0110i\u1ec1u Khi\u1ec3n C\u1eeda Cu\u1ed1n B\u1eb1ng \u0110i\u1ec7n Tho\u1ea1i ph\u00f9 h\u1ee3p<\/span><\/strong><\/h2>\n<p>\u0110\u1ec3 ch\u1ecdn \u0111\u01b0\u1ee3c\u00a0B\u1ed9 \u0110i\u1ec1u Khi\u1ec3n C\u1eeda Cu\u1ed1n B\u1eb1ng \u0110i\u1ec7n Tho\u1ea1i\u00a0ph\u00f9 h\u1ee3p, b\u1ea1n c\u1ea7n l\u01b0u \u00fd m\u1ed9t s\u1ed1 ti\u00eau ch\u00ed sau:<\/p>\n<ul>\n<li><strong>T\u01b0\u01a1ng th\u00edch v\u1edbi c\u1eeda cu\u1ed1n<\/strong>: \u0110\u1ea3m b\u1ea3o s\u1ea3n ph\u1ea9m t\u01b0\u01a1ng th\u00edch v\u1edbi lo\u1ea1i c\u1eeda cu\u1ed1n b\u1ea1n \u0111ang s\u1eed d\u1ee5ng, ch\u1eb3ng h\u1ea1n nh\u01b0<span style=\"color: #000000;\"> <a style=\"color: #000000;\" href=\"https:\/\/alumdoor.com\/en\/san-pham-cua-cuon\/cua-cuon-khe-thoang\/\">c\u1eeda cu\u1ed1n khe tho\u00e1ng<\/a>, <a style=\"color: #000000;\" href=\"https:\/\/alumdoor.com\/en\/san-pham-cua-cuon\/cua-cuon-tam-lien\/\">c\u1eeda cu\u1ed1n t\u1ea5m li\u1ec1n<\/a>, <a style=\"color: #000000;\" href=\"https:\/\/alumdoor.com\/en\/san-pham-cua-cuon\/cua-cuon-dai-loan\/\">c\u1eeda cu\u1ed1n \u0111\u00e0i loan<\/a>, <a style=\"color: #000000;\" href=\"https:\/\/alumdoor.com\/en\/san-pham-cua-cuon\/cua-cuon-sieu-truong-sieu-trong\/\">c\u1eeda cu\u1ed1n si\u00eau tr\u01b0\u1eddng si\u00eau tr\u1ecdng<\/a>, <a style=\"color: #000000;\" href=\"https:\/\/alumdoor.com\/en\/san-pham-cua-cuon\/cua-cuon-luoi-mat-cao-song-ngang\/\">c\u1eeda cu\u1ed1n l\u01b0\u1edbi m\u1eaft c\u00e1o song ngang<\/a>.<\/span><\/li>\n<li><strong>T\u00ednh n\u0103ng b\u1ea3o m\u1eadt<\/strong>: Ch\u1ecdn s\u1ea3n ph\u1ea9m c\u00f3 t\u00ednh n\u0103ng b\u1ea3o m\u1eadt cao \u0111\u1ec3 \u0111\u1ea3m b\u1ea3o an to\u00e0n cho ng\u00f4i nh\u00e0 c\u1ee7a b\u1ea1n.<\/li>\n<li><strong>Th\u01b0\u01a1ng hi\u1ec7u uy t\u00edn<\/strong>: L\u1ef1a ch\u1ecdn s\u1ea3n ph\u1ea9m t\u1eeb c\u00e1c th\u01b0\u01a1ng hi\u1ec7u uy t\u00edn nh\u01b0 Alumdoor \u0111\u1ec3 \u0111\u1ea3m b\u1ea3o ch\u1ea5t l\u01b0\u1ee3ng v\u00e0 d\u1ecbch v\u1ee5 h\u1eadu m\u00e3i t\u1ed1t.<\/li>\n<\/ul>\n<h2><strong><span style=\"font-size: 80%;\">4. K\u1ebft lu\u1eadn<\/span><\/strong><\/h2>\n<p>B\u1ed9 \u0110i\u1ec1u Khi\u1ec3n C\u1eeda Cu\u1ed1n B\u1eb1ng \u0110i\u1ec7n Tho\u1ea1i\u00a0l\u00e0 m\u1ed9t gi\u1ea3i ph\u00e1p ho\u00e0n h\u1ea3o cho ng\u00f4i nh\u00e0 hi\u1ec7n \u0111\u1ea1i, mang l\u1ea1i s\u1ef1 ti\u1ec7n l\u1ee3i, an to\u00e0n v\u00e0 b\u1ea3o m\u1eadt. V\u1edbi c\u00e1c \u01b0u \u0111i\u1ec3m v\u01b0\u1ee3t tr\u1ed9i v\u00e0 t\u00ednh n\u0103ng hi\u1ec7n \u0111\u1ea1i, s\u1ea3n ph\u1ea9m n\u00e0y x\u1ee9ng \u0111\u00e1ng l\u00e0 l\u1ef1a ch\u1ecdn h\u00e0ng \u0111\u1ea7u cho m\u1ecdi gia \u0111\u00ecnh. Khi ch\u1ecdn mua\u00a0B\u1ed9 \u0110i\u1ec1u Khi\u1ec3n C\u1eeda Cu\u1ed1n B\u1eb1ng \u0110i\u1ec7n Tho\u1ea1i, h\u00e3y c\u00e2n nh\u1eafc k\u1ef9 l\u01b0\u1ee1ng c\u00e1c ti\u00eau ch\u00ed v\u00e0 so s\u00e1nh c\u00e1c s\u1ea3n ph\u1ea9m \u0111\u1ec3 \u0111\u1ea3m b\u1ea3o b\u1ea1n ch\u1ecdn \u0111\u01b0\u1ee3c s\u1ea3n ph\u1ea9m ph\u00f9 h\u1ee3p nh\u1ea5t. \u0110\u1eb7c bi\u1ec7t, s\u1ea3n ph\u1ea9m t\u1eeb th\u01b0\u01a1ng hi\u1ec7u Alumdoor lu\u00f4n l\u00e0 m\u1ed9t l\u1ef1a ch\u1ecdn \u0111\u00e1ng tin c\u1eady.<\/p>","protected":false},"excerpt":{"rendered":"<p>Trong th\u1eddi \u0111\u1ea1i c\u00f4ng ngh\u1ec7 hi\u1ec7n nay, vi\u1ec7c s\u1eed d\u1ee5ng\u00a0B\u1ed9 \u0110i\u1ec1u Khi\u1ec3n C\u1eeda Cu\u1ed1n B\u1eb1ng \u0110i\u1ec7n Tho\u1ea1i \u0111\u00e3 tr\u1edf n\u00ean ph\u1ed5 bi\u1ebfn v\u00e0 ti\u1ec7n l\u1ee3i h\u01a1n bao gi\u1edd h\u1ebft. S\u1ea3n ph\u1ea9m n\u00e0y kh\u00f4ng ch\u1ec9 mang l\u1ea1i s\u1ef1 ti\u1ec7n \u00edch m\u00e0 c\u00f2n n\u00e2ng cao t\u00ednh an to\u00e0n, kh\u00f4ng gi\u1edbi h\u1ea1n l\u01b0\u1ee3t chia s\u1ebb ng\u01b0\u1eddi d\u00f9ng v\u00e0 \u0111\u1ea7y \u0111\u1ee7 t\u00ednh b\u1ea3o m\u1eadt cho ng\u00f4i nh\u00e0 c\u1ee7a b\u1ea1n. Trong b\u00e0i vi\u1ebft n\u00e0y, ch\u00fang ta s\u1ebd t\u00ecm hi\u1ec3u v\u1ec1 c\u1ea5u t\u1ea1o, \u01b0u \u0111i\u1ec3m v\u00e0 c\u00e1ch ch\u1ecdn B\u1ed9 \u0110i\u1ec1u Khi\u1ec3n C\u1eeda Cu\u1ed1n B\u1eb1ng \u0110i\u1ec7n Tho\u1ea1i ph\u00f9 h\u1ee3p. <a href=\"https:\/\/zalo.me\/0946484889\">Li\u00ean h\u1ec7 \u0111\u1ec3 nh\u1eadn ngay b\u00e1o gi\u00e1<\/a>.<\/p>","protected":false},"featured_media":5394,"comment_status":"open","ping_status":"closed","template":"","meta":[],"product_brand":[292],"product_cat":[87],"product_tag":[258,259],"class_list":{"0":"post-4211","1":"product","2":"type-product","3":"status-publish","4":"has-post-thumbnail","6":"product_brand-alumdoor","7":"product_cat-phu-kien-cua-cuon","8":"product_tag-bo-dieu-khien-cua-cuon-bang-dien-thoai","9":"product_tag-bo-dieu-khien-cua-cuon-qua-dien-thoai","11":"first","12":"instock","13":"shipping-taxable","14":"product-type-simple"},"blog_post_layout_featured_media_urls":{"thumbnail":["https:\/\/alumdoor.com\/wp-content\/uploads\/2025\/10\/Website-Product-84-280x280.png",280,280,true],"full":["https:\/\/alumdoor.com\/wp-content\/uploads\/2025\/10\/Website-Product-84.png",1182,1182,false]},"categories":["292"],"categories_names":{"292":{"name":"Alumdoor","link":"https:\/\/alumdoor.com\/en\/brand\/alumdoor\/"}},"comments_number":"0","_links":{"self":[{"href":"https:\/\/alumdoor.com\/en\/wp-json\/wp\/v2\/product\/4211","targetHints":{"allow":["GET"]}}],"collection":[{"href":"https:\/\/alumdoor.com\/en\/wp-json\/wp\/v2\/product"}],"about":[{"href":"https:\/\/alumdoor.com\/en\/wp-json\/wp\/v2\/types\/product"}],"replies":[{"embeddable":true,"href":"https:\/\/alumdoor.com\/en\/wp-json\/wp\/v2\/comments?post=4211"}],"wp:featuredmedia":[{"embeddable":true,"href":"https:\/\/alumdoor.com\/en\/wp-json\/wp\/v2\/media\/5394"}],"wp:attachment":[{"href":"https:\/\/alumdoor.com\/en\/wp-json\/wp\/v2\/media?parent=4211"}],"wp:term":[{"taxonomy":"product_brand","embeddable":true,"href":"https:\/\/alumdoor.com\/en\/wp-json\/wp\/v2\/product_brand?post=4211"},{"taxonomy":"product_cat","embeddable":true,"href":"https:\/\/alumdoor.com\/en\/wp-json\/wp\/v2\/product_cat?post=4211"},{"taxonomy":"product_tag","embeddable":true,"href":"https:\/\/alumdoor.com\/en\/wp-json\/wp\/v2\/product_tag?post=4211"}],"curies":[{"name":"wp","href":"https:\/\/api.w.org\/{rel}","templated":true}]}}