{"id":2939,"date":"2023-09-23T15:30:58","date_gmt":"2023-09-23T08:30:58","guid":{"rendered":"http:\/\/alumdoor.com\/?post_type=product&#038;p=2939"},"modified":"2025-10-27T16:33:47","modified_gmt":"2025-10-27T09:33:47","slug":"la-sieu-truong-ghi-san","status":"publish","type":"product","link":"https:\/\/alumdoor.com\/en\/product\/la-sieu-truong-ghi-san\/","title":{"rendered":"L\u00e1 Si\u00eau Tr\u01b0\u1eddng Ghi S\u1ea7n"},"content":{"rendered":"<h1><span style=\"font-size: 85%;\"><strong>L\u00e1 Si\u00eau Tr\u01b0\u1eddng Ghi S\u1ea7n &#8211; Gi\u1ea3i Ph\u00e1p T\u1ed1i \u01afu Cho Kh\u00f4ng Gian L\u1edbn<\/strong><\/span><\/h1>\n<h2><strong><span style=\"font-size: 80%;\">1. Gi\u1edbi thi\u1ec7u<\/span><\/strong><\/h2>\n<p>C\u1eeda cu\u1ed1n si\u00eau tr\u01b0\u1eddng l\u00e0 lo\u1ea1i c\u1eeda cu\u1ed1n c\u00f3 k\u00edch th\u01b0\u1edbc l\u1edbn gi\u1ed1ng nh\u01b0 c\u00e1c d\u00f2ng s\u1ea3n ph\u1ea9m <a href=\"https:\/\/alumdoor.com\/en\/san-pham-cua-cuon\/cua-cuon-khe-thoang\/\">c\u1eeda cu\u1ed1n khe tho\u00e1ng<\/a>, th\u01b0\u1eddng \u0111\u01b0\u1ee3c s\u1eed d\u1ee5ng trong c\u00e1c c\u00f4ng tr\u00ecnh nh\u00e0 x\u01b0\u1edfng, kho b\u00e3i v\u00e0 c\u00e1c t\u00f2a nh\u00e0 cao t\u1ea7ng. L\u00e1 si\u00eau tr\u01b0\u1eddng ghi s\u1ea7n v\u1edbi kh\u1ea3 n\u0103ng ch\u1ecbu l\u1ef1c t\u1ed1t v\u00e0 \u0111\u1ed9 b\u1ec1n cao, c\u1eeda cu\u1ed1n si\u00eau tr\u01b0\u1eddng \u0111ang tr\u1edf th\u00e0nh l\u1ef1a ch\u1ecdn h\u00e0ng \u0111\u1ea7u cho c\u00e1c c\u00f4ng tr\u00ecnh l\u1edbn. C\u1eeda cu\u1ed1n si\u00eau tr\u01b0\u1eddng kh\u00f4ng ch\u1ec9 mang l\u1ea1i s\u1ef1 an to\u00e0n m\u00e0 c\u00f2n gi\u00fap ti\u1ebft ki\u1ec7m kh\u00f4ng gian v\u00e0 t\u0103ng t\u00ednh th\u1ea9m m\u1ef9 cho c\u00f4ng tr\u00ecnh.<\/p>\n<h2><strong><span style=\"font-size: 80%;\">2. \u0110\u1eb7c \u0111i\u1ec3m n\u1ed5i b\u1eadt c\u1ee7a l\u00e1 si\u00eau tr\u01b0\u1eddng ghi s\u1ea7n<\/span><\/strong><\/h2>\n<ul>\n<li><strong>K\u00edch th\u01b0\u1edbc l\u1edbn<\/strong>: C\u1eeda cu\u1ed1n si\u00eau tr\u01b0\u1eddng c\u00f3 th\u1ec3 l\u1eafp \u0111\u1eb7t cho c\u00e1c c\u1eeda c\u00f3 chi\u1ec1u ngang tr\u00ean 6m, \u0111\u00e1p \u1ee9ng nhu c\u1ea7u s\u1eed d\u1ee5ng trong c\u00e1c c\u00f4ng tr\u00ecnh c\u00f3 k\u00edch th\u01b0\u1edbc l\u1edbn.\u00a0\u0110i\u1ec1u n\u00e0y gi\u00fap t\u1ed1i \u01b0u h\u00f3a kh\u00f4ng gian s\u1eed d\u1ee5ng v\u00e0 t\u1ea1o s\u1ef1 thu\u1eadn ti\u1ec7n trong vi\u1ec7c di chuy\u1ec3n h\u00e0ng h\u00f3a v\u00e0 thi\u1ebft b\u1ecb.<\/li>\n<li><strong>\u0110\u1ed9 b\u1ec1n cao<\/strong>: L\u00e1 si\u00eau tr\u01b0\u1eddng ghi s\u1ea7n \u0111\u01b0\u1ee3c l\u00e0m t\u1eeb v\u1eadt li\u1ec7u th\u00e9p m\u1ea1 k\u1ebdm v\u00e0 s\u01a1n t\u0129nh \u0111i\u1ec7n Akzo Nobel, c\u1eeda cu\u1ed1n si\u00eau tr\u01b0\u1eddng c\u00f3 kh\u1ea3 n\u0103ng ch\u1ed1ng ch\u1ecbu th\u1eddi ti\u1ebft v\u00e0 va \u0111\u1eadp, \u0111\u1ea3m b\u1ea3o tu\u1ed5i th\u1ecd l\u00e2u d\u00e0i. V\u1eadt li\u1ec7u ch\u1ea5t l\u01b0\u1ee3ng cao gi\u00fap c\u1eeda cu\u1ed1n kh\u00f4ng b\u1ecb \u0103n m\u00f2n, g\u1ec9 s\u00e9t, duy tr\u00ec v\u1ebb \u0111\u1eb9p v\u00e0 ch\u1ee9c n\u0103ng qua th\u1eddi gian.<\/li>\n<li><strong>\u0110\u1ed9 d\u00e0y s\u1eb5n c\u00f3<\/strong>: L\u00e1 si\u00eau tr\u01b0\u1eddng ghi s\u1ea7n c\u00f3 c\u00e1c \u0111\u1ed9 d\u00e0y ph\u1ed5 bi\u1ebfn nh\u01b0 1.2mm v\u00e0 1.4mm, ph\u00f9 h\u1ee3p v\u1edbi nhi\u1ec1u nhu c\u1ea7u s\u1eed d\u1ee5ng kh\u00e1c nhau.<\/li>\n<li><strong>An to\u00e0n<\/strong>: H\u1ec7 th\u1ed1ng ch\u1ed1ng sao ch\u00e9p m\u00e3 s\u1ed1 m\u1edf c\u1eeda gi\u00fap t\u0103ng c\u01b0\u1eddng an ninh, b\u1ea3o v\u1ec7 t\u00e0i s\u1ea3n b\u00ean trong.\u00a0Ngo\u00e0i ra, c\u1eeda cu\u1ed1n si\u00eau tr\u01b0\u1eddng c\u00f2n \u0111\u01b0\u1ee3c trang b\u1ecb c\u00e1c c\u1ea3m bi\u1ebfn an to\u00e0n, t\u1ef1 \u0111\u1ed9ng d\u1eebng khi g\u1eb7p v\u1eadt c\u1ea3n, \u0111\u1ea3m b\u1ea3o an to\u00e0n cho ng\u01b0\u1eddi s\u1eed d\u1ee5ng.<\/li>\n<li><strong>Ti\u1ec7n l\u1ee3i<\/strong>: C\u1eeda cu\u1ed1n si\u00eau tr\u01b0\u1eddng \u0111\u01b0\u1ee3c trang b\u1ecb \u0111i\u1ec1u khi\u1ec3n t\u1eeb xa, gi\u00fap ng\u01b0\u1eddi d\u00f9ng d\u1ec5 d\u00e0ng v\u1eadn h\u00e0nh m\u00e0 kh\u00f4ng c\u1ea7n ti\u1ebfp x\u00fac tr\u1ef1c ti\u1ebfp.\u00a0\u0110i\u1ec1u n\u00e0y \u0111\u1eb7c bi\u1ec7t h\u1eefu \u00edch trong c\u00e1c nh\u00e0 x\u01b0\u1edfng l\u1edbn, n\u01a1i vi\u1ec7c di chuy\u1ec3n \u0111\u1ebfn c\u1eeda \u0111\u1ec3 m\u1edf ho\u1eb7c \u0111\u00f3ng c\u00f3 th\u1ec3 m\u1ea5t nhi\u1ec1u th\u1eddi gian v\u00e0 c\u00f4ng s\u1ee9c.<\/li>\n<\/ul>\n<h2><strong><span style=\"font-size: 80%;\">3. \u1ee8ng d\u1ee5ng c\u1ee7a l\u00e1 si\u00eau tr\u01b0\u1eddng ghi s\u1ea7n<\/span><\/strong><\/h2>\n<p>L\u00e1 si\u00eau tr\u01b0\u1eddng ghi s\u1ea7n \u0111\u01b0\u1ee3c \u1ee9ng d\u1ee5ng r\u1ed9ng r\u00e3i trong nhi\u1ec1u c\u00f4ng tr\u00ecnh kh\u00e1c nhau:<\/p>\n<ul>\n<li><strong>Nh\u00e0 x\u01b0\u1edfng v\u00e0 kho b\u00e3i<\/strong>: S\u1eed d\u1ee5ng \u0111\u1ec3 b\u1ea3o v\u1ec7 v\u00e0 qu\u1ea3n l\u00fd h\u00e0ng h\u00f3a, thi\u1ebft b\u1ecb trong c\u00e1c nh\u00e0 x\u01b0\u1edfng v\u00e0 kho b\u00e3i l\u1edbn.\u00a0C\u1eeda cu\u1ed1n si\u00eau tr\u01b0\u1eddng gi\u00fap b\u1ea3o v\u1ec7 h\u00e0ng h\u00f3a kh\u1ecfi c\u00e1c y\u1ebfu t\u1ed1 b\u00ean ngo\u00e0i nh\u01b0 m\u01b0a, gi\u00f3, b\u1ee5i b\u1ea9n v\u00e0 \u0111\u1ea3m b\u1ea3o an ninh cho nh\u00e0 x\u01b0\u1edfng.<\/li>\n<li><strong>T\u00f2a nh\u00e0 cao t\u1ea7ng<\/strong>: \u0110\u01b0\u1ee3c l\u1eafp \u0111\u1eb7t t\u1ea1i c\u00e1c t\u1ea7ng h\u1ea7m, gara \u00f4 t\u00f4 c\u1ee7a c\u00e1c t\u00f2a nh\u00e0 cao t\u1ea7ng, trung t\u00e2m th\u01b0\u01a1ng m\u1ea1i.\u00a0C\u1eeda cu\u1ed1n si\u00eau tr\u01b0\u1eddng kh\u00f4ng ch\u1ec9 gi\u00fap ti\u1ebft ki\u1ec7m kh\u00f4ng gian m\u00e0 c\u00f2n t\u1ea1o n\u00ean v\u1ebb \u0111\u1eb9p hi\u1ec7n \u0111\u1ea1i, sang tr\u1ecdng cho c\u00f4ng tr\u00ecnh.<\/li>\n<li><strong>C\u1eeda h\u00e0ng v\u00e0 gara<\/strong>: \u1ee8ng d\u1ee5ng trong c\u00e1c c\u1eeda h\u00e0ng l\u1edbn v\u00e0 gara \u00f4 t\u00f4, gi\u00fap ti\u1ebft ki\u1ec7m kh\u00f4ng gian v\u00e0 t\u0103ng t\u00ednh th\u1ea9m m\u1ef9.\u00a0C\u1eeda cu\u1ed1n si\u00eau tr\u01b0\u1eddng gi\u00fap vi\u1ec7c ra v\u00e0o c\u1ee7a c\u00e1c ph\u01b0\u01a1ng ti\u1ec7n tr\u1edf n\u00ean d\u1ec5 d\u00e0ng h\u01a1n, \u0111\u1ed3ng th\u1eddi b\u1ea3o v\u1ec7 t\u00e0i s\u1ea3n b\u00ean trong kh\u1ecfi c\u00e1c y\u1ebfu t\u1ed1 b\u00ean ngo\u00e0i.<\/li>\n<\/ul>\n<h2><strong><span style=\"font-size: 80%;\">4. K\u1ebft lu\u1eadn<\/span><\/strong><\/h2>\n<p>C\u1eeda cu\u1ed1n si\u00eau tr\u01b0\u1eddng l\u00e0 gi\u1ea3i ph\u00e1p ho\u00e0n h\u1ea3o cho c\u00e1c c\u00f4ng tr\u00ecnh l\u1edbn nh\u1edd v\u00e0o k\u00edch th\u01b0\u1edbc l\u1edbn, \u0111\u1ed9 b\u1ec1n cao, t\u00ednh an to\u00e0n v\u00e0 ti\u1ec7n l\u1ee3i. V\u1edbi nhi\u1ec1u \u1ee9ng d\u1ee5ng th\u1ef1c t\u1ebf, c\u1eeda cu\u1ed1n si\u00eau tr\u01b0\u1eddng kh\u00f4ng ch\u1ec9 b\u1ea3o v\u1ec7 t\u00e0i s\u1ea3n m\u00e0 c\u00f2n mang l\u1ea1i s\u1ef1 ti\u1ec7n nghi v\u00e0 th\u1ea9m m\u1ef9 cho c\u00f4ng tr\u00ecnh. Vi\u1ec7c l\u1ef1a ch\u1ecdn l\u00e1 si\u00eau tr\u01b0\u1eddng (ghi s\u1ea7n) ph\u00f9 h\u1ee3p s\u1ebd gi\u00fap b\u1ea1n t\u1ed1i \u01b0u h\u00f3a kh\u00f4ng gian, \u0111\u1ea3m b\u1ea3o an ninh v\u00e0 n\u00e2ng cao gi\u00e1 tr\u1ecb th\u1ea9m m\u1ef9 cho c\u00f4ng tr\u00ecnh c\u1ee7a m\u00ecnh.<\/p>","protected":false},"excerpt":{"rendered":"<p>L\u00e1 si\u00eau tr\u01b0\u1eddng ghi s\u1ea7n l\u00e0 lo\u1ea1i c\u1eeda th\u01b0\u1eddng d\u00f9ng cho nh\u1eefng \u00f4 tho\u00e1ng c\u00f3 k\u00edch th\u01b0\u1edbc qu\u00e1 kh\u1ed5, b\u1ec1 m\u1eb7t c\u1eeda ph\u1ea3i che l\u1eafp di\u1ec7n t\u00edch l\u1ed1i \u0111i l\u1edbn c\u00f3 chi\u1ec1u r\u1ed9ng l\u00ean \u0111\u1ebfn 6m \u2013 10m. \u0110\u00e2y l\u00e0 lo\u1ea1i c\u1eeda chuy\u00ean d\u1ee5ng cho c\u00e1c c\u00f4ng tr\u01b0\u1eddng, nh\u00e0 x\u01b0\u1edfng v\u00e0 r\u1ea5t \u00edt khi d\u00f9ng trong d\u00e2n d\u1ee5ng. V\u1ec1 c\u01a1 b\u1ea3n th\u00ec l\u00e1 si\u00eau tr\u01b0\u1eddng ghi s\u1ea7n\u00a0kh\u00f4ng c\u00f3 qu\u00e1 nhi\u1ec1u s\u1ef1 kh\u00e1c bi\u1ec7t v\u1edbi c\u00e1c d\u00f2ng c\u1eeda cu\u1ed1n th\u00f4ng th\u01b0\u1eddng, ch\u1ec9 c\u00f3 \u0111i\u1ec1u s\u1ea3n ph\u1ea9m c\u00f3 di\u1ec7n t\u00edch l\u1edbn n\u00ean nan c\u1eeda \u0111\u01b0\u1ee3c l\u00e0m d\u00e0y h\u01a1n \u0111\u1ec3 \u0111\u1ea3m b\u1ea3o \u0111\u01b0\u1ee3c \u0111\u1ed9 ch\u1eafc ch\u1eafn v\u00e0 v\u1eefng ch\u00e3i, ch\u1ed1ng ch\u1ecbu t\u1ed1t khi c\u00f3 gi\u00f3 l\u1edbn, b\u00e3o. <strong><a href=\"https:\/\/zalo.me\/0946484889\">Li\u00ean h\u1ec7 \u0111\u1ec3 nh\u1eadn ngay b\u00e1o gi\u00e1<\/a><\/strong> l\u00e1 si\u00eau tr\u01b0\u1eddng si\u00eau tr\u1ecdng.<\/p>\n<p>\u1ee8ng d\u1ee5ng ph\u1ed5 bi\u1ebfn c\u1ee7a <b>c\u1eeda cu\u1ed1n si\u00eau tr\u01b0\u1eddng<\/b> ch\u1ee7 y\u1ebfu cho c\u00e1c kho logistic, kho ch\u1ee9a h\u00e0ng, nh\u00e0 x\u01b0\u1edfng, nh\u00e0 m\u00e1y,\u2026 v\u1edbi nhi\u1ec7m v\u1ee5 \u0111\u1ea3m b\u1ea3o an ninh v\u00e0 b\u1ea3o v\u1ec7 t\u00e0i s\u1ea3n. Th\u00f4ng s\u1ed1 k\u1ef9 thu\u1eadt c\u1ee7a l\u00e1 si\u00eau tr\u01b0\u1eddng ghi s\u1ea7n c\u00f3 th\u1ec3 kh\u00e1c nhau t\u00f9y thu\u1ed9c v\u00e0o nh\u00e0 s\u1ea3n xu\u1ea5t, m\u00f4 h\u00ecnh c\u1ee5 th\u1ec3 v\u00e0 y\u00eau c\u1ea7u \u1ee9ng d\u1ee5ng. D\u01b0\u1edbi \u0111\u00e2y l\u00e0 m\u1ed9t s\u1ed1 th\u00f4ng s\u1ed1 k\u1ef9 thu\u1eadt ph\u1ed5 bi\u1ebfn m\u00e0 c\u00e1c\u00a0<b>c\u1eeda cu\u1ed1n si\u00eau tr\u01b0\u1eddng<\/b>\u00a0th\u01b0\u1eddng c\u00f3:<\/p>\n<table>\n<tbody>\n<tr>\n<td><b>N\u1ed8I DUNG<\/b><\/td>\n<td><b>TH\u00d4NG S\u1ed0 K\u1ef8 THU\u1eacT<\/b><\/td>\n<\/tr>\n<tr>\n<td><strong>K\u00edch th\u01b0\u1edbc t\u1ed1i \u0111a (HxW)\u00a0<\/strong><\/td>\n<td>8.5m x 10m<\/td>\n<\/tr>\n<tr>\n<td><strong>K\u00edch th\u01b0\u1edbc t\u1ed1i thi\u1ec3u<\/strong><\/td>\n<td>2.5m x 2.5m<\/td>\n<\/tr>\n<tr>\n<td><strong>V\u1eadt li\u1ec7u th\u00e2n c\u1eeda<\/strong><\/td>\n<td>H\u1ee3p kim th\u00e9p s\u01a1n t\u0129nh \u0111i\u1ec7n Akzo Nobel<\/td>\n<\/tr>\n<tr>\n<td><strong>\u0110\u1ed9 d\u00e0y<\/strong><\/td>\n<td>1.1mm \/ 1.2mm \/ 1.3mm \/ 1.4mm \/ 1.5mm \/ 1.6mm<\/td>\n<\/tr>\n<tr>\n<td><strong>C\u00f4ng ngh\u1ec7 s\u01a1n<\/strong><\/td>\n<td>S\u01a1n t\u0129nh \u0111i\u1ec7n ngo\u00e0i tr\u1eddi cao c\u1ea5p<\/td>\n<\/tr>\n<\/tbody>\n<\/table>","protected":false},"featured_media":5362,"comment_status":"open","ping_status":"closed","template":"","meta":[],"product_brand":[292],"product_cat":[171],"product_tag":[295,293,225,294,296],"class_list":{"0":"post-2939","1":"product","2":"type-product","3":"status-publish","4":"has-post-thumbnail","6":"product_brand-alumdoor","7":"product_cat-cua-cuon-sieu-truong-sieu-trong","8":"product_tag-cua-cuon-nha-xuong","9":"product_tag-cua-cuon-sieu-trong","10":"product_tag-cua-cuon-sieu-truong","11":"product_tag-cua-cuon-thep","12":"product_tag-la-sieu-truong-mau-ghi-san","14":"first","15":"instock","16":"shipping-taxable","17":"product-type-simple"},"blog_post_layout_featured_media_urls":{"thumbnail":["https:\/\/alumdoor.com\/wp-content\/uploads\/2025\/10\/Website-Product-52-280x280.png",280,280,true],"full":["https:\/\/alumdoor.com\/wp-content\/uploads\/2025\/10\/Website-Product-52.png",1182,1182,false]},"categories":["292"],"categories_names":{"292":{"name":"Alumdoor","link":"https:\/\/alumdoor.com\/en\/brand\/alumdoor\/"}},"comments_number":"0","_links":{"self":[{"href":"https:\/\/alumdoor.com\/en\/wp-json\/wp\/v2\/product\/2939","targetHints":{"allow":["GET"]}}],"collection":[{"href":"https:\/\/alumdoor.com\/en\/wp-json\/wp\/v2\/product"}],"about":[{"href":"https:\/\/alumdoor.com\/en\/wp-json\/wp\/v2\/types\/product"}],"replies":[{"embeddable":true,"href":"https:\/\/alumdoor.com\/en\/wp-json\/wp\/v2\/comments?post=2939"}],"wp:featuredmedia":[{"embeddable":true,"href":"https:\/\/alumdoor.com\/en\/wp-json\/wp\/v2\/media\/5362"}],"wp:attachment":[{"href":"https:\/\/alumdoor.com\/en\/wp-json\/wp\/v2\/media?parent=2939"}],"wp:term":[{"taxonomy":"product_brand","embeddable":true,"href":"https:\/\/alumdoor.com\/en\/wp-json\/wp\/v2\/product_brand?post=2939"},{"taxonomy":"product_cat","embeddable":true,"href":"https:\/\/alumdoor.com\/en\/wp-json\/wp\/v2\/product_cat?post=2939"},{"taxonomy":"product_tag","embeddable":true,"href":"https:\/\/alumdoor.com\/en\/wp-json\/wp\/v2\/product_tag?post=2939"}],"curies":[{"name":"wp","href":"https:\/\/api.w.org\/{rel}","templated":true}]}}