{"id":2885,"date":"2023-01-20T08:24:38","date_gmt":"2023-01-20T01:24:38","guid":{"rendered":"http:\/\/alumdoor.com\/?post_type=product&#038;p=2885"},"modified":"2025-10-28T14:25:44","modified_gmt":"2025-10-28T07:25:44","slug":"cay-keo-cua-cuon","status":"publish","type":"product","link":"https:\/\/alumdoor.com\/en\/product\/cay-keo-cua-cuon\/","title":{"rendered":"C\u00e2y k\u00e9o c\u1eeda cu\u1ed1n"},"content":{"rendered":"<h1><strong><span style=\"font-size: 85%;\">C\u00e2y k\u00e9o c\u1eeda cu\u1ed1n &#8211; Gi\u1ea3i ph\u00e1p ti\u1ec7n l\u1ee3i cho c\u1eeda cu\u1ed1n k\u00e9o tay<\/span><\/strong><\/h1>\n<h2><strong><span style=\"font-size: 80%;\">1. \u0110\u1eb7c \u0111i\u1ec3m n\u1ed5i b\u1eadt c\u1ee7a C\u00e2y k\u00e9o c\u1eeda cu\u1ed1n<\/span><\/strong><\/h2>\n<p>C\u00e2y k\u00e9o c\u1eeda cu\u1ed1n \u0111\u01b0\u1ee3c thi\u1ebft k\u1ebf \u0111\u1ec3 t\u01b0\u01a1ng th\u00edch v\u1edbi c\u00e1c d\u00f2ng c\u1eeda cu\u1ed1n kh\u00f4ng s\u1eed d\u1ee5ng motor nh\u01b0 c\u1eeda cu\u1ed1n nan nh\u00f4m <a href=\"https:\/\/alumdoor.com\/en\/product\/al70\/\">AL70 k\u00e9o tay<\/a>, <a href=\"https:\/\/alumdoor.com\/en\/san-pham-cua-cuon\/cua-cuon-tam-lien\/\">c\u1eeda cu\u1ed1n t\u1ea5m li\u1ec1n k\u00e9o tay<\/a> v\u00e0 <a href=\"https:\/\/alumdoor.com\/en\/san-pham-cua-cuon\/cua-cuon-dai-loan\/\">c\u1eeda cu\u1ed1n \u0110\u00e0i Loan k\u00e9o tay<\/a>. \u0110i\u1ec1u n\u00e0y gi\u00fap ng\u01b0\u1eddi d\u00f9ng d\u1ec5 d\u00e0ng l\u1eafp \u0111\u1eb7t v\u00e0 s\u1eed d\u1ee5ng c\u00e2y k\u00e9o c\u1eeda cu\u1ed1n m\u1ed9t c\u00e1ch hi\u1ec7u qu\u1ea3.<\/p>\n<h2><strong><span style=\"font-size: 80%;\">2. T\u00ednh n\u0103ng c\u1ee7a C\u00e2y k\u00e9o c\u1eeda cu\u1ed1n<\/span><\/strong><\/h2>\n<ul>\n<li><strong>Ch\u1ea5t li\u1ec7u inox 304:<\/strong>\u00a0C\u00e2y k\u00e9o tay c\u1eeda cu\u1ed1n \u0111\u01b0\u1ee3c l\u00e0m t\u1eeb ch\u1ea5t li\u1ec7u inox 304, \u0111\u1ea3m b\u1ea3o \u0111\u1ed9 b\u1ec1n v\u00e0 tu\u1ed5i th\u1ecd cao. Inox 304 c\u00f3 kh\u1ea3 n\u0103ng ch\u1ed1ng g\u1ec9 s\u00e9t v\u00e0 ch\u1ecbu \u0111\u01b0\u1ee3c c\u00e1c \u0111i\u1ec1u ki\u1ec7n m\u00f4i tr\u01b0\u1eddng kh\u1eafc nghi\u1ec7t, t\u1eeb nhi\u1ec7t \u0111\u1ed9 cao \u0111\u1ebfn \u0111\u1ed9 \u1ea9m l\u1edbn.<\/li>\n<li><strong>Thi\u1ebft k\u1ebf \u0111\u01a1n gi\u1ea3n v\u00e0 ti\u1ec7n l\u1ee3i:<\/strong> C\u00e2y k\u00e9o tay c\u1eeda cu\u1ed1n c\u00f3 thi\u1ebft k\u1ebf \u0111\u01a1n gi\u1ea3n, d\u1ec5 d\u00e0ng s\u1eed d\u1ee5ng cho m\u1ecdi \u0111\u1ed1i t\u01b0\u1ee3ng, bao g\u1ed3m ph\u1ee5 n\u1eef v\u00e0 ng\u01b0\u1eddi gi\u00e0 y\u1ebfu khi d\u00f9ng s\u1ee9c \u0111\u1ec3 k\u00e9o c\u1eeda xu\u1ed1ng.<\/li>\n<li><strong>D\u1ec5 d\u00e0ng s\u1eed d\u1ee5ng:<\/strong> Ng\u01b0\u1eddi d\u00f9ng c\u00f3 th\u1ec3 d\u1ec5 d\u00e0ng s\u1eed d\u1ee5ng c\u00e2y k\u00e9o tay c\u1eeda cu\u1ed1n m\u00e0 kh\u00f4ng c\u1ea7n \u0111\u1ebfn s\u1ef1 h\u1ed7 tr\u1ee3 c\u1ee7a k\u1ef9 thu\u1eadt vi\u00ean. \u0110i\u1ec1u n\u00e0y gi\u00fap ti\u1ebft ki\u1ec7m th\u1eddi gian v\u00e0 chi ph\u00ed cho ng\u01b0\u1eddi s\u1eed d\u1ee5ng.<\/li>\n<\/ul>\n<h2><span style=\"font-size: 80%;\"><strong>3. \u1ee8ng d\u1ee5ng c\u1ee7a C\u00e2y k\u00e9o c\u1eeda cu\u1ed1n<\/strong><\/span><\/h2>\n<p>C\u00e2y k\u00e9o c\u1eeda cu\u1ed1n c\u1ee7a Alumdoor kh\u00f4ng ch\u1ec9 ph\u00f9 h\u1ee3p v\u1edbi c\u00e1c lo\u1ea1i c\u1eeda cu\u1ed1n nan nh\u00f4m AL70 k\u00e9o tay, c\u1eeda cu\u1ed1n t\u1ea5m li\u1ec1n k\u00e9o tay v\u00e0 c\u1eeda cu\u1ed1n \u0110\u00e0i Loan k\u00e9o tay, m\u00e0 c\u00f2n c\u00f3 th\u1ec3 s\u1eed d\u1ee5ng cho nhi\u1ec1u lo\u1ea1i ph\u1ee5 ki\u1ec7n kh\u00e1c. \u0110i\u1ec1u n\u00e0y gi\u00fap ng\u01b0\u1eddi d\u00f9ng c\u00f3 th\u1ec3 b\u1ea3o v\u1ec7 v\u00e0 v\u1eadn h\u00e0nh nhi\u1ec1u thi\u1ebft b\u1ecb kh\u00e1c nhau ch\u1ec9 v\u1edbi m\u1ed9t chi\u1ebfc c\u00e2y k\u00e9o c\u1eeda cu\u1ed1n duy nh\u1ea5t.<\/p>\n<h2><strong><span style=\"font-size: 80%;\">4, L\u1ee3i \u00edch khi s\u1eed d\u1ee5ng C\u00e2y k\u00e9o c\u1eeda cu\u1ed1n c\u1ee7a Alumdoor<\/span><\/strong><\/h2>\n<ul>\n<li><strong>Ti\u1ec7n l\u1ee3i:<\/strong>\u00a0C\u00e2y k\u00e9o tay c\u1eeda cu\u1ed1n gi\u00fap ng\u01b0\u1eddi d\u00f9ng m\u1edf v\u00e0 \u0111\u00f3ng c\u1eeda cu\u1ed1n m\u1ed9t c\u00e1ch d\u1ec5 d\u00e0ng v\u00e0 nhanh ch\u00f3ng. B\u1ea1n kh\u00f4ng c\u1ea7n ph\u1ea3i d\u00f9ng nhi\u1ec1u l\u1ef1c \u0111\u1ec3 v\u1eadn h\u00e0nh c\u1eeda cu\u1ed1n.<\/li>\n<li><strong>D\u1ec5 d\u00e0ng s\u1eed d\u1ee5ng:<\/strong>\u00a0S\u1ea3n ph\u1ea9m \u0111\u01b0\u1ee3c thi\u1ebft k\u1ebf \u0111\u1ec3 d\u1ec5 d\u00e0ng s\u1eed d\u1ee5ng cho m\u1ecdi \u0111\u1ed1i t\u01b0\u1ee3ng, bao g\u1ed3m ph\u1ee5 n\u1eef v\u00e0 ng\u01b0\u1eddi gi\u00e0 y\u1ebfu khi d\u00f9ng s\u1ee9c \u0111\u1ec3 k\u00e9o c\u1eeda xu\u1ed1ng.<\/li>\n<li><strong>Ti\u1ebft ki\u1ec7m th\u1eddi gian:<\/strong>\u00a0V\u1edbi c\u00e2y k\u00e9o c\u1eeda cu\u1ed1n, ng\u01b0\u1eddi d\u00f9ng kh\u00f4ng c\u1ea7n ph\u1ea3i lo l\u1eafng v\u1ec1 vi\u1ec7c m\u1edf v\u00e0 \u0111\u00f3ng c\u1eeda cu\u1ed1n m\u1ed9t c\u00e1ch th\u1ee7 c\u00f4ng, gi\u00fap ti\u1ebft ki\u1ec7m th\u1eddi gian v\u00e0 c\u00f4ng s\u1ee9c.<\/li>\n<\/ul>\n<h4>So s\u00e1nh v\u1edbi c\u00e1c s\u1ea3n ph\u1ea9m kh\u00e1c<\/h4>\n<p>C\u00e2y k\u00e9o tay c\u1eeda cu\u1ed1n c\u1ee7a Alumdoor c\u00f3 nhi\u1ec1u \u01b0u \u0111i\u1ec3m v\u01b0\u1ee3t tr\u1ed9i so v\u1edbi c\u00e1c s\u1ea3n ph\u1ea9m kh\u00e1c tr\u00ean th\u1ecb tr\u01b0\u1eddng. V\u1edbi thi\u1ebft k\u1ebf \u0111\u01a1n gi\u1ea3n v\u00e0 ch\u1ea5t li\u1ec7u inox 304 b\u1ec1n b\u1ec9, c\u00e2y k\u00e9o c\u1eeda cu\u1ed1n c\u1ee7a Alumdoor mang l\u1ea1i s\u1ef1 ti\u1ec7n l\u1ee3i v\u00e0 an to\u00e0n cho ng\u01b0\u1eddi s\u1eed d\u1ee5ng. Trong khi \u0111\u00f3, c\u00e1c s\u1ea3n ph\u1ea9m kh\u00e1c c\u00f3 th\u1ec3 kh\u00f4ng c\u00f3 t\u00ednh n\u0103ng ti\u1ec7n l\u1ee3i v\u00e0 an to\u00e0n nh\u01b0 c\u00e2y k\u00e9o c\u1eeda cu\u1ed1n c\u1ee7a Alumdoor.<\/p>\n<h2><strong><span style=\"font-size: 80%;\">5. K\u1ebft lu\u1eadn<\/span><\/strong><\/h2>\n<p>C\u00e2y k\u00e9o tay c\u1eeda cu\u1ed1n c\u1ee7a th\u01b0\u01a1ng hi\u1ec7u Alumdoor l\u00e0 s\u1ef1 l\u1ef1a ch\u1ecdn ho\u00e0n h\u1ea3o cho h\u1ec7 th\u1ed1ng c\u1eeda cu\u1ed1n kh\u00f4ng s\u1eed d\u1ee5ng motor. V\u1edbi nh\u1eefng t\u00ednh n\u0103ng v\u01b0\u1ee3t tr\u1ed9i v\u00e0 thi\u1ebft k\u1ebf ti\u1ec7n l\u1ee3i, s\u1ea3n ph\u1ea9m n\u00e0y ch\u1eafc ch\u1eafn s\u1ebd mang l\u1ea1i s\u1ef1 h\u00e0i l\u00f2ng cho ng\u01b0\u1eddi s\u1eed d\u1ee5ng. H\u00e3y li\u00ean h\u1ec7 ngay v\u1edbi Alumdoor \u0111\u1ec3 \u0111\u01b0\u1ee3c t\u01b0 v\u1ea5n v\u00e0 mua s\u1ea3n ph\u1ea9m ch\u1ea5t l\u01b0\u1ee3ng cao n\u00e0y.<\/p>\n<p>C\u00e2y k\u00e9o c\u1eeda cu\u1ed1n kh\u00f4ng ch\u1ec9 l\u00e0 m\u1ed9t thi\u1ebft b\u1ecb h\u1ed7 tr\u1ee3, m\u00e0 c\u00f2n l\u00e0 m\u1ed9t gi\u1ea3i ph\u00e1p to\u00e0n di\u1ec7n cho h\u1ec7 th\u1ed1ng c\u1eeda cu\u1ed1n k\u00e9o tay c\u1ee7a b\u1ea1n. V\u1edbi kh\u1ea3 n\u0103ng t\u01b0\u01a1ng th\u00edch cao v\u00e0 t\u00ednh n\u0103ng \u01b0u vi\u1ec7t, c\u00e2y k\u00e9o c\u1eeda cu\u1ed1n c\u1ee7a Alumdoor s\u1ebd gi\u00fap b\u1ea1n qu\u1ea3n l\u00fd v\u00e0 v\u1eadn h\u00e0nh c\u00e1c thi\u1ebft b\u1ecb c\u1eeda cu\u1ed1n m\u1ed9t c\u00e1ch hi\u1ec7u qu\u1ea3 v\u00e0 an to\u00e0n.<\/p>","protected":false},"excerpt":{"rendered":"<p>C\u00e2y k\u00e9o c\u1eeda cu\u1ed1n c\u1ee7a th\u01b0\u01a1ng hi\u1ec7u Alumdoor l\u00e0 s\u1ea3n ph\u1ea9m kh\u00f4ng th\u1ec3 thi\u1ebfu cho h\u1ec7 th\u1ed1ng c\u1eeda cu\u1ed1n kh\u00f4ng s\u1eed d\u1ee5ng motor. V\u1edbi thi\u1ebft k\u1ebf \u0111\u01a1n gi\u1ea3n v\u00e0 hi\u1ec7u qu\u1ea3, c\u00e2y k\u00e9o c\u1eeda cu\u1ed1n mang l\u1ea1i s\u1ef1 ti\u1ec7n l\u1ee3i v\u00e0 an to\u00e0n cho ng\u01b0\u1eddi s\u1eed d\u1ee5ng. <strong><a href=\"https:\/\/zalo.me\/0946484889\">Li\u00ean h\u1ec7 \u0111\u1ec3 nh\u1eadn ngay b\u00e1o gi\u00e1<\/a><\/strong>\u00a0c\u00e2y k\u00e9o c\u1eeda cu\u1ed1n.<\/p>","protected":false},"featured_media":5391,"comment_status":"open","ping_status":"closed","template":"","meta":[],"product_brand":[292],"product_cat":[87],"product_tag":[331,333,332,419],"class_list":{"0":"post-2885","1":"product","2":"type-product","3":"status-publish","4":"has-post-thumbnail","6":"product_brand-alumdoor","7":"product_cat-phu-kien-cua-cuon","8":"product_tag-cay-keo-cua-cuon","9":"product_tag-cay-keo-tay-cua-cuon","10":"product_tag-gay-keo-cua-cuon","11":"product_tag-moc-keo-cua-cuon","13":"first","14":"instock","15":"shipping-taxable","16":"product-type-simple"},"blog_post_layout_featured_media_urls":{"thumbnail":["https:\/\/alumdoor.com\/wp-content\/uploads\/2025\/10\/Website-Product-81-280x280.png",280,280,true],"full":["https:\/\/alumdoor.com\/wp-content\/uploads\/2025\/10\/Website-Product-81.png",1182,1182,false]},"categories":["292"],"categories_names":{"292":{"name":"Alumdoor","link":"https:\/\/alumdoor.com\/en\/brand\/alumdoor\/"}},"comments_number":"0","_links":{"self":[{"href":"https:\/\/alumdoor.com\/en\/wp-json\/wp\/v2\/product\/2885","targetHints":{"allow":["GET"]}}],"collection":[{"href":"https:\/\/alumdoor.com\/en\/wp-json\/wp\/v2\/product"}],"about":[{"href":"https:\/\/alumdoor.com\/en\/wp-json\/wp\/v2\/types\/product"}],"replies":[{"embeddable":true,"href":"https:\/\/alumdoor.com\/en\/wp-json\/wp\/v2\/comments?post=2885"}],"wp:featuredmedia":[{"embeddable":true,"href":"https:\/\/alumdoor.com\/en\/wp-json\/wp\/v2\/media\/5391"}],"wp:attachment":[{"href":"https:\/\/alumdoor.com\/en\/wp-json\/wp\/v2\/media?parent=2885"}],"wp:term":[{"taxonomy":"product_brand","embeddable":true,"href":"https:\/\/alumdoor.com\/en\/wp-json\/wp\/v2\/product_brand?post=2885"},{"taxonomy":"product_cat","embeddable":true,"href":"https:\/\/alumdoor.com\/en\/wp-json\/wp\/v2\/product_cat?post=2885"},{"taxonomy":"product_tag","embeddable":true,"href":"https:\/\/alumdoor.com\/en\/wp-json\/wp\/v2\/product_tag?post=2885"}],"curies":[{"name":"wp","href":"https:\/\/api.w.org\/{rel}","templated":true}]}}