{"id":2874,"date":"2023-01-20T08:27:36","date_gmt":"2023-01-20T01:27:36","guid":{"rendered":"http:\/\/alumdoor.com\/?post_type=product&#038;p=2874"},"modified":"2025-10-28T14:22:39","modified_gmt":"2025-10-28T07:22:39","slug":"remote-ma-song-310mhz","status":"publish","type":"product","link":"https:\/\/alumdoor.com\/en\/product\/remote-ma-song-310mhz\/","title":{"rendered":"Remote m\u00e3 s\u00f3ng 310Mhz"},"content":{"rendered":"<h1><span style=\"font-size: 85%;\"><strong>Remote m\u00e3 s\u00f3ng 310Mhz &#8211; Gi\u1ea3i ph\u00e1p \u0111i\u1ec1u khi\u1ec3n an to\u00e0n v\u00e0 b\u1ea3o m\u1eadt<\/strong><\/span><\/h1>\n<h2><strong><span style=\"font-size: 80%;\">1. \u0110\u1eb7c \u0111i\u1ec3m n\u1ed5i b\u1eadt c\u1ee7a Remote m\u00e3 s\u00f3ng 310Mhz<\/span><\/strong><\/h2>\n<p>Remote m\u00e3 s\u00f3ng 310Mhz \u0111\u01b0\u1ee3c thi\u1ebft k\u1ebf \u0111\u1ec3 t\u01b0\u01a1ng th\u00edch v\u1edbi c\u00e1c d\u00f2ng motor J&amp;G tr\u00ean th\u1ecb tr\u01b0\u1eddng, bao g\u1ed3m <a href=\"https:\/\/alumdoor.com\/en\/product\/motor-jg-300kg\/\">Motor J&amp;G 300kg<\/a>, <a href=\"https:\/\/alumdoor.com\/en\/product\/motor-jg-400kg\/\">Motor J&amp;G 400kg<\/a>, <a href=\"https:\/\/alumdoor.com\/en\/product\/motor-jg-600kg\/\">Motor J&amp;G 600kg<\/a>, <a href=\"https:\/\/alumdoor.com\/en\/product\/motor-jg-800kg\/\">Motor J&amp;G 800kg<\/a>, <a href=\"https:\/\/alumdoor.com\/en\/product\/motor-jg-1000kg\/\">Motor J&amp;G 1000kg<\/a> v\u00e0 <a href=\"https:\/\/alumdoor.com\/en\/product\/motor-jg-1500kg\/\">Motor J&amp;G 1500kg<\/a>. \u0110i\u1ec1u n\u00e0y gi\u00fap ng\u01b0\u1eddi d\u00f9ng d\u1ec5 d\u00e0ng \u0111i\u1ec1u khi\u1ec3n motor t\u1eeb xa m\u1ed9t c\u00e1ch hi\u1ec7u qu\u1ea3.<\/p>\n<h2><span style=\"font-size: 80%;\"><strong>2. T\u00ednh n\u0103ng v\u01b0\u1ee3t tr\u1ed9i c\u1ee7a Remote m\u00e3 s\u00f3ng 310Mhz<\/strong><\/span><\/h2>\n<ul>\n<li><strong>M\u00e3 s\u00f3ng b\u1ea3o m\u1eadt cao:<\/strong>\u00a0Remote m\u00e3 s\u00f3ng 310Mhz s\u1eed d\u1ee5ng m\u00e3 s\u00f3ng b\u1ea3o m\u1eadt cao, kh\u00f3 b\u1ecb sao ch\u00e9p, \u0111\u1ea3m b\u1ea3o an to\u00e0n tuy\u1ec7t \u0111\u1ed1i cho ng\u01b0\u1eddi s\u1eed d\u1ee5ng.<\/li>\n<li><strong>T\u1ea7n s\u1ed1 310Mhz \u1ed5n \u0111\u1ecbnh:<\/strong> Remote s\u1eed d\u1ee5ng t\u1ea7n s\u1ed1 310Mhz, \u0111\u1ea3m b\u1ea3o t\u00edn hi\u1ec7u truy\u1ec1n t\u1ea3i \u1ed5n \u0111\u1ecbnh v\u00e0 kh\u00f4ng b\u1ecb nhi\u1ec5u. \u0110i\u1ec1u n\u00e0y r\u1ea5t quan tr\u1ecdng trong vi\u1ec7c \u0111\u1ea3m b\u1ea3o r\u1eb1ng motor ho\u1ea1t \u0111\u1ed9ng m\u1ed9t c\u00e1ch m\u01b0\u1ee3t m\u00e0 v\u00e0 kh\u00f4ng g\u1eb7p tr\u1ee5c tr\u1eb7c.<\/li>\n<li><strong>Thi\u1ebft k\u1ebf nh\u1ecf g\u1ecdn:<\/strong> V\u1edbi k\u00edch th\u01b0\u1edbc nh\u1ecf g\u1ecdn, remote d\u1ec5 d\u00e0ng mang theo v\u00e0 s\u1eed d\u1ee5ng. Ng\u01b0\u1eddi d\u00f9ng c\u00f3 th\u1ec3 b\u1ecf v\u00e0o t\u00fai ho\u1eb7c g\u1eafn v\u00e0o m\u00f3c ch\u00eca kh\u00f3a m\u00e0 kh\u00f4ng c\u1ea3m th\u1ea5y c\u1ed3ng k\u1ec1nh.<\/li>\n<li><strong>D\u1ec5 d\u00e0ng c\u00e0i \u0111\u1eb7t:<\/strong> Ng\u01b0\u1eddi d\u00f9ng c\u00f3 th\u1ec3 d\u1ec5 d\u00e0ng c\u00e0i \u0111\u1eb7t v\u00e0 s\u1eed d\u1ee5ng remote m\u00e0 kh\u00f4ng c\u1ea7n \u0111\u1ebfn s\u1ef1 h\u1ed7 tr\u1ee3 c\u1ee7a k\u1ef9 thu\u1eadt vi\u00ean. \u0110i\u1ec1u n\u00e0y gi\u00fap ti\u1ebft ki\u1ec7m th\u1eddi gian v\u00e0 chi ph\u00ed cho ng\u01b0\u1eddi s\u1eed d\u1ee5ng.<\/li>\n<li><strong>\u0110\u1ed9 b\u1ec1n cao:<\/strong> S\u1ea3n ph\u1ea9m \u0111\u01b0\u1ee3c l\u00e0m t\u1eeb ch\u1ea5t li\u1ec7u cao c\u1ea5p, \u0111\u1ea3m b\u1ea3o \u0111\u1ed9 b\u1ec1n v\u00e0 tu\u1ed5i th\u1ecd cao. Remote c\u00f3 th\u1ec3 ch\u1ecbu \u0111\u01b0\u1ee3c c\u00e1c \u0111i\u1ec1u ki\u1ec7n m\u00f4i tr\u01b0\u1eddng kh\u1eafc nghi\u1ec7t, t\u1eeb nhi\u1ec7t \u0111\u1ed9 cao \u0111\u1ebfn \u0111\u1ed9 \u1ea9m l\u1edbn.<\/li>\n<\/ul>\n<h2><strong><span style=\"font-size: 80%;\">3. L\u1ee3i \u00edch khi s\u1eed d\u1ee5ng Remote m\u00e3 s\u00f3ng 310Mhz c\u1ee7a Alumdoor<\/span><\/strong><\/h2>\n<ul>\n<li><strong>Ti\u1ec7n l\u1ee3i:<\/strong>\u00a0Remote m\u00e3 s\u00f3ng 310Mhz gi\u00fap ng\u01b0\u1eddi d\u00f9ng \u0111i\u1ec1u khi\u1ec3n motor t\u1eeb xa m\u1ed9t c\u00e1ch d\u1ec5 d\u00e0ng v\u00e0 nhanh ch\u00f3ng. B\u1ea1n kh\u00f4ng c\u1ea7n ph\u1ea3i \u0111\u1ebfn g\u1ea7n motor \u0111\u1ec3 \u0111i\u1ec1u khi\u1ec3n, ch\u1ec9 c\u1ea7n m\u1ed9t n\u00fat b\u1ea5m l\u00e0 c\u00f3 th\u1ec3 m\u1edf ho\u1eb7c \u0111\u00f3ng c\u1eeda cu\u1ed1n.<\/li>\n<li><strong>An to\u00e0n:<\/strong> S\u1ea3n ph\u1ea9m \u0111\u01b0\u1ee3c thi\u1ebft k\u1ebf v\u1edbi c\u00f4ng ngh\u1ec7 ti\u00ean ti\u1ebfn, \u0111\u1ea3m b\u1ea3o an to\u00e0n cho ng\u01b0\u1eddi s\u1eed d\u1ee5ng. Remote c\u00f3 kh\u1ea3 n\u0103ng ch\u1ed1ng nhi\u1ec5u, gi\u00fap tr\u00e1nh c\u00e1c t\u00ecnh hu\u1ed1ng kh\u00f4ng mong mu\u1ed1n do t\u00edn hi\u1ec7u b\u1ecb can thi\u1ec7p.<\/li>\n<li><strong>Ti\u1ebft ki\u1ec7m th\u1eddi gian:<\/strong>\u00a0V\u1edbi remote m\u00e3 s\u00f3ng 310Mhz, ng\u01b0\u1eddi d\u00f9ng kh\u00f4ng c\u1ea7n ph\u1ea3i \u0111\u1ebfn g\u1ea7n motor \u0111\u1ec3 \u0111i\u1ec1u khi\u1ec3n, gi\u00fap ti\u1ebft ki\u1ec7m th\u1eddi gian v\u00e0 c\u00f4ng s\u1ee9c. \u0110i\u1ec1u n\u00e0y \u0111\u1eb7c bi\u1ec7t h\u1eefu \u00edch trong c\u00e1c t\u00ecnh hu\u1ed1ng kh\u1ea9n c\u1ea5p ho\u1eb7c khi b\u1ea1n \u0111ang v\u1ed9i v\u00e0ng.<\/li>\n<\/ul>\n<h2><span style=\"font-size: 80%;\"><strong>4. So s\u00e1nh v\u1edbi <a href=\"https:\/\/alumdoor.com\/en\/product\/remote-ma-gat-433mhz\/\">Remote m\u00e3 g\u1ea1t 433Mhz<\/a><\/strong><\/span><\/h2>\n<p>Remote m\u00e3 s\u00f3ng 310Mhz c\u1ee7a Alumdoor c\u00f3 nhi\u1ec1u \u01b0u \u0111i\u1ec3m v\u01b0\u1ee3t tr\u1ed9i so v\u1edbi Remote m\u00e3 g\u1ea1t 433Mhz. V\u1edbi m\u00e3 s\u00f3ng b\u1ea3o m\u1eadt cao, remote m\u00e3 s\u00f3ng 310Mhz kh\u00f3 b\u1ecb sao ch\u00e9p v\u00e0 \u0111\u1eb7c bi\u1ec7t an to\u00e0n khi s\u1eed d\u1ee5ng. Trong khi \u0111\u00f3, Remote m\u00e3 g\u1ea1t 433Mhz c\u0169ng l\u00e0 m\u1ed9t l\u1ef1a ch\u1ecdn t\u1ed1t v\u1edbi t\u1ea7n s\u1ed1 433Mhz \u1ed5n \u0111\u1ecbnh v\u00e0 thi\u1ebft k\u1ebf nh\u1ecf g\u1ecdn, nh\u01b0ng kh\u00f4ng c\u00f3 t\u00ednh n\u0103ng b\u1ea3o m\u1eadt cao nh\u01b0 remote m\u00e3 s\u00f3ng 310Mhz.<\/p>\n<h2><strong><span style=\"font-size: 80%;\">5. K\u1ebft lu\u1eadn<\/span><\/strong><\/h2>\n<p>Remote m\u00e3 s\u00f3ng 310Mhz c\u1ee7a th\u01b0\u01a1ng hi\u1ec7u Alumdoor l\u00e0 s\u1ef1 l\u1ef1a ch\u1ecdn ho\u00e0n h\u1ea3o cho h\u1ec7 th\u1ed1ng motor hi\u1ec7n \u0111\u1ea1i. V\u1edbi nh\u1eefng t\u00ednh n\u0103ng v\u01b0\u1ee3t tr\u1ed9i v\u00e0 thi\u1ebft k\u1ebf ti\u1ec7n l\u1ee3i, s\u1ea3n ph\u1ea9m n\u00e0y ch\u1eafc ch\u1eafn s\u1ebd mang l\u1ea1i s\u1ef1 h\u00e0i l\u00f2ng cho ng\u01b0\u1eddi s\u1eed d\u1ee5ng. H\u00e3y li\u00ean h\u1ec7 ngay v\u1edbi Alumdoor \u0111\u1ec3 \u0111\u01b0\u1ee3c t\u01b0 v\u1ea5n v\u00e0 mua s\u1ea3n ph\u1ea9m ch\u1ea5t l\u01b0\u1ee3ng cao n\u00e0y.<\/p>\n<p>Remote m\u00e3 s\u00f3ng 310Mhz kh\u00f4ng ch\u1ec9 l\u00e0 m\u1ed9t thi\u1ebft b\u1ecb \u0111i\u1ec1u khi\u1ec3n t\u1eeb xa, m\u00e0 c\u00f2n l\u00e0 m\u1ed9t gi\u1ea3i ph\u00e1p to\u00e0n di\u1ec7n cho h\u1ec7 th\u1ed1ng motor c\u1ee7a b\u1ea1n. V\u1edbi kh\u1ea3 n\u0103ng t\u01b0\u01a1ng th\u00edch cao v\u00e0 t\u00ednh n\u0103ng \u01b0u vi\u1ec7t, remote m\u00e3 s\u00f3ng 310Mhz c\u1ee7a Alumdoor s\u1ebd gi\u00fap b\u1ea1n qu\u1ea3n l\u00fd v\u00e0 \u0111i\u1ec1u khi\u1ec3n c\u00e1c thi\u1ebft b\u1ecb motor m\u1ed9t c\u00e1ch hi\u1ec7u qu\u1ea3 v\u00e0 an to\u00e0n. <strong><a href=\"https:\/\/zalo.me\/0946484889\" target=\"_blank\" rel=\"noopener\">Li\u00ean h\u1ec7 \u0111\u1ec3 nh\u1eadn ngay b\u00e1o gi\u00e1<\/a><\/strong> remote c\u1eeda cu\u1ed1n.<\/p>","protected":false},"excerpt":{"rendered":"<p>Remote m\u00e3 s\u00f3ng 310Mhz c\u1ee7a th\u01b0\u01a1ng hi\u1ec7u Alumdoor l\u00e0 s\u1ea3n ph\u1ea9m kh\u00f4ng th\u1ec3 thi\u1ebfu cho h\u1ec7 th\u1ed1ng motor hi\u1ec7n \u0111\u1ea1i. V\u1edbi c\u00f4ng ngh\u1ec7 ti\u00ean ti\u1ebfn v\u00e0 thi\u1ebft k\u1ebf nh\u1ecf g\u1ecdn, remote m\u00e3 s\u00f3ng 310Mhz mang l\u1ea1i s\u1ef1 ti\u1ec7n l\u1ee3i v\u00e0 an to\u00e0n cho ng\u01b0\u1eddi s\u1eed d\u1ee5ng.<\/p>","protected":false},"featured_media":5384,"comment_status":"open","ping_status":"closed","template":"","meta":[],"product_brand":[304],"product_cat":[87],"product_tag":[321,323,320,130,322,319,324],"class_list":{"0":"post-2874","1":"product","2":"type-product","3":"status-publish","4":"has-post-thumbnail","6":"product_brand-jg","7":"product_cat-phu-kien-cua-cuon","8":"product_tag-remote-jg","9":"product_tag-remote-ma-song-tan-so-310","10":"product_tag-remote-ma-song-tan-so-310mhz","11":"product_tag-tay-dieu-khien-cua-cuon","12":"product_tag-tay-dieu-khien-jg","13":"product_tag-tay-dieu-khien-ma-nhay","14":"product_tag-tay-dieu-khien-ma-song-tan-so-310","16":"first","17":"instock","18":"shipping-taxable","19":"product-type-simple"},"blog_post_layout_featured_media_urls":{"thumbnail":["https:\/\/alumdoor.com\/wp-content\/uploads\/2025\/10\/Website-Product-74-280x280.png",280,280,true],"full":["https:\/\/alumdoor.com\/wp-content\/uploads\/2025\/10\/Website-Product-74.png",1182,1182,false]},"categories":["304"],"categories_names":{"304":{"name":"J&amp;G","link":"https:\/\/alumdoor.com\/en\/brand\/jg\/"}},"comments_number":"0","_links":{"self":[{"href":"https:\/\/alumdoor.com\/en\/wp-json\/wp\/v2\/product\/2874","targetHints":{"allow":["GET"]}}],"collection":[{"href":"https:\/\/alumdoor.com\/en\/wp-json\/wp\/v2\/product"}],"about":[{"href":"https:\/\/alumdoor.com\/en\/wp-json\/wp\/v2\/types\/product"}],"replies":[{"embeddable":true,"href":"https:\/\/alumdoor.com\/en\/wp-json\/wp\/v2\/comments?post=2874"}],"wp:featuredmedia":[{"embeddable":true,"href":"https:\/\/alumdoor.com\/en\/wp-json\/wp\/v2\/media\/5384"}],"wp:attachment":[{"href":"https:\/\/alumdoor.com\/en\/wp-json\/wp\/v2\/media?parent=2874"}],"wp:term":[{"taxonomy":"product_brand","embeddable":true,"href":"https:\/\/alumdoor.com\/en\/wp-json\/wp\/v2\/product_brand?post=2874"},{"taxonomy":"product_cat","embeddable":true,"href":"https:\/\/alumdoor.com\/en\/wp-json\/wp\/v2\/product_cat?post=2874"},{"taxonomy":"product_tag","embeddable":true,"href":"https:\/\/alumdoor.com\/en\/wp-json\/wp\/v2\/product_tag?post=2874"}],"curies":[{"name":"wp","href":"https:\/\/api.w.org\/{rel}","templated":true}]}}