{"id":2540,"date":"2023-07-14T08:46:16","date_gmt":"2023-07-14T01:46:16","guid":{"rendered":"http:\/\/alumdoor.com\/?post_type=product&#038;p=2540"},"modified":"2025-10-27T16:36:39","modified_gmt":"2025-10-27T09:36:39","slug":"ron-canh-ray","status":"publish","type":"product","link":"https:\/\/alumdoor.com\/en\/product\/ron-canh-ray\/","title":{"rendered":"Ron c\u1ea1nh ray"},"content":{"rendered":"","protected":false},"excerpt":{"rendered":"<h2><strong><span style=\"font-size: 80%;\">Ron c\u1ea1nh ray &#8211; Gi\u1ea3m ch\u1ea5n 95% cho h\u00e0nh tr\u00ecnh c\u1eeda \u00eam \u00e1i, m\u01b0\u1ee3t m\u00e0<\/span><\/strong><\/h2>\n<p>Ron c\u1ea1nh ray l\u00e0 ph\u1ee5 ki\u1ec7n \u0111i li\u1ec1n v\u1edbi ray nh\u00f4m c\u1eeda cu\u1ed1n khe tho\u00e1ng, gi\u00fap gi\u1ea3m ma s\u00e1t gi\u1eefa l\u00e1 v\u00e0 ray l\u00ean \u0111\u1ebfn 95%. L\u00e0 m\u1ed9t trong nh\u1eefng y\u1ebfu t\u1ed1 quan tr\u1ecdng c\u1ea5u th\u00e0nh n\u00ean s\u1ef1 \u00eam \u00e1i c\u1ee7a b\u1ed9 c\u1eeda cu\u1ed1n ho\u00e0n ch\u1ec9nh &amp; \u0111\u1ea3m b\u1ea3o an to\u00e0n cho ng\u00f4i nh\u00e0 c\u1ee7a b\u1ea1n\u2026 Ron n\u1eb1m c\u1ea1nh ray c\u1eeda cu\u1ed1n c\u1ee7a Alumdoor c\u00f3 th\u1ec3 \u0111\u01b0\u1ee3c c\u1ea5u t\u1ea1o b\u1eb1ng l\u00f4ng nheo ho\u1eb7c b\u1eb1ng nh\u1ef1a v\u00e0 l\u00e0 gi\u1ea3i ph\u00e1p ho\u00e0n h\u1ea3o \u0111\u1ec3 b\u1ea3o v\u1ec7 l\u00e1 c\u1eeda v\u00e0 t\u0103ng c\u01b0\u1eddng tu\u1ed5i th\u1ecd cho c\u1eeda cu\u1ed1n <a href=\"https:\/\/alumdoor.com\/en\/san-pham-cua-cuon\/cua-cuon-khe-thoang\/\">c\u1eeda cu\u1ed1n khe tho\u00e1ng<\/a> c\u1ee7a b\u1ea1n. <a href=\"https:\/\/zalo.me\/0946484889\">Li\u00ean h\u1ec7 \u0111\u1ec3 nh\u1eadn ngay b\u00e1o gi\u00e1<\/a>.<\/p>","protected":false},"featured_media":5388,"comment_status":"open","ping_status":"closed","template":"","meta":[],"product_brand":[292],"product_cat":[87],"product_tag":[236],"class_list":{"0":"post-2540","1":"product","2":"type-product","3":"status-publish","4":"has-post-thumbnail","6":"product_brand-alumdoor","7":"product_cat-phu-kien-cua-cuon","8":"product_tag-ron-canh-ray","10":"first","11":"instock","12":"shipping-taxable","13":"product-type-simple"},"blog_post_layout_featured_media_urls":{"thumbnail":["https:\/\/alumdoor.com\/wp-content\/uploads\/2025\/10\/Website-Product-78-280x280.png",280,280,true],"full":["https:\/\/alumdoor.com\/wp-content\/uploads\/2025\/10\/Website-Product-78.png",1182,1182,false]},"categories":["292"],"categories_names":{"292":{"name":"Alumdoor","link":"https:\/\/alumdoor.com\/en\/brand\/alumdoor\/"}},"comments_number":"0","_links":{"self":[{"href":"https:\/\/alumdoor.com\/en\/wp-json\/wp\/v2\/product\/2540","targetHints":{"allow":["GET"]}}],"collection":[{"href":"https:\/\/alumdoor.com\/en\/wp-json\/wp\/v2\/product"}],"about":[{"href":"https:\/\/alumdoor.com\/en\/wp-json\/wp\/v2\/types\/product"}],"replies":[{"embeddable":true,"href":"https:\/\/alumdoor.com\/en\/wp-json\/wp\/v2\/comments?post=2540"}],"wp:featuredmedia":[{"embeddable":true,"href":"https:\/\/alumdoor.com\/en\/wp-json\/wp\/v2\/media\/5388"}],"wp:attachment":[{"href":"https:\/\/alumdoor.com\/en\/wp-json\/wp\/v2\/media?parent=2540"}],"wp:term":[{"taxonomy":"product_brand","embeddable":true,"href":"https:\/\/alumdoor.com\/en\/wp-json\/wp\/v2\/product_brand?post=2540"},{"taxonomy":"product_cat","embeddable":true,"href":"https:\/\/alumdoor.com\/en\/wp-json\/wp\/v2\/product_cat?post=2540"},{"taxonomy":"product_tag","embeddable":true,"href":"https:\/\/alumdoor.com\/en\/wp-json\/wp\/v2\/product_tag?post=2540"}],"curies":[{"name":"wp","href":"https:\/\/api.w.org\/{rel}","templated":true}]}}