{"id":2532,"date":"2023-07-14T08:12:43","date_gmt":"2023-07-14T01:12:43","guid":{"rendered":"http:\/\/alumdoor.com\/?post_type=product&#038;p=2532"},"modified":"2025-10-28T14:11:46","modified_gmt":"2025-10-28T07:11:46","slug":"motor-jg-1500kg","status":"publish","type":"product","link":"https:\/\/alumdoor.com\/en\/product\/motor-jg-1500kg\/","title":{"rendered":"Motor JG 1500KG"},"content":{"rendered":"<h1><span style=\"font-size: 85%;\"><strong>Motor c\u1eeda cu\u1ed1n JG 1500kg &#8211; Gi\u1ea3i ph\u00e1p m\u1ea1nh m\u1ebd v\u00e0 b\u1ec1n b\u1ec9 cho c\u1eeda cu\u1ed1n l\u1edbn<\/strong><\/span><\/h1>\n<p>Motor c\u1eeda cu\u1ed1n JG 1500kg c\u1ee7a th\u01b0\u01a1ng hi\u1ec7u Alumdoor l\u00e0 s\u1ea3n ph\u1ea9m kh\u00f4ng th\u1ec3 thi\u1ebfu cho h\u1ec7 th\u1ed1ng c\u1eeda cu\u1ed1n l\u1edbn. V\u1edbi c\u00f4ng ngh\u1ec7 ti\u00ean ti\u1ebfn v\u00e0 thi\u1ebft k\u1ebf ch\u1eafc ch\u1eafn, motor JG 1500kg mang l\u1ea1i s\u1ef1 ti\u1ec7n l\u1ee3i v\u00e0 an to\u00e0n cho ng\u01b0\u1eddi s\u1eed d\u1ee5ng.<\/p>\n<h2><strong><span style=\"font-size: 85%;\">1. \u0110\u1eb7c \u0111i\u1ec3m n\u1ed5i b\u1eadt c\u1ee7a Motor JG 1500kg<\/span><\/strong><\/h2>\n<p>Motor JG 1500kg \u0111\u01b0\u1ee3c thi\u1ebft k\u1ebf \u0111\u1ec3 t\u01b0\u01a1ng th\u00edch v\u1edbi nhi\u1ec1u lo\u1ea1i c\u1eeda cu\u1ed1n kh\u00e1c nhau nh\u01b0 <a href=\"https:\/\/alumdoor.com\/en\/san-pham-cua-cuon\/cua-cuon-khe-thoang\/\">c\u1eeda cu\u1ed1n khe tho\u00e1ng<\/a>, <a href=\"https:\/\/alumdoor.com\/en\/san-pham-cua-cuon\/cua-cuon-tam-lien\/\">c\u1eeda cu\u1ed1n t\u1ea5m li\u1ec1n<\/a>, <a href=\"https:\/\/alumdoor.com\/en\/san-pham-cua-cuon\/cua-cuon-dai-loan\/\">c\u1eeda cu\u1ed1n \u0110\u00e0i Loan<\/a>,<a href=\"https:\/\/alumdoor.com\/en\/san-pham-cua-cuon\/cua-cuon-sieu-truong-sieu-trong\/\"> c\u1eeda cu\u1ed1n si\u00eau tr\u01b0\u1eddng si\u00eau tr\u1ecdng<\/a> v\u00e0 <a href=\"https:\/\/alumdoor.com\/en\/san-pham-cua-cuon\/cua-cuon-luoi-mat-cao-song-ngang\/\">c\u1eeda cu\u1ed1n l\u01b0\u1edbi m\u1eaft c\u00e1o song ngang<\/a>. \u0110i\u1ec1u n\u00e0y gi\u00fap ng\u01b0\u1eddi d\u00f9ng d\u1ec5 d\u00e0ng l\u1eafp \u0111\u1eb7t v\u00e0 s\u1eed d\u1ee5ng motor JG 1500kg m\u1ed9t c\u00e1ch hi\u1ec7u qu\u1ea3.<\/p>\n<h2><strong><span style=\"font-size: 80%;\">2. T\u00ednh n\u0103ng v\u01b0\u1ee3t tr\u1ed9i<\/span><\/strong><\/h2>\n<ul>\n<li><strong>L\u00f5i motor:<\/strong> Motor JG 1500kg s\u1eed d\u1ee5ng l\u00f5i d\u00e2y \u0111\u1ed3ng 100%, gi\u00fap t\u0103ng c\u01b0\u1eddng \u0111\u1ed9 b\u1ec1n v\u00e0 kh\u1ea3 n\u0103ng d\u1eabn \u0111i\u1ec7n t\u1ed1t h\u01a1n. L\u00f5i \u0111\u1ed3ng c\u0169ng gi\u00fap motor ho\u1ea1t \u0111\u1ed9ng \u1ed5n \u0111\u1ecbnh v\u00e0 b\u1ec1n b\u1ec9 theo th\u1eddi gian.<\/li>\n<li><strong>V\u1ecf motor:<\/strong>\u00a0V\u1ecf ngo\u00e0i c\u1ee7a motor \u0111\u01b0\u1ee3c l\u00e0m t\u1eeb nguy\u00ean li\u1ec7u cao c\u1ea5p, c\u1ee9ng c\u00e1p, b\u1ec1n \u0111\u1eb9p, ch\u1ed1ng r\u1ec9 s\u00e9t, c\u00e1ch nhi\u1ec7t v\u00e0 c\u00e1ch \u0111i\u1ec7n t\u1ed1t, \u0111\u1ea3m b\u1ea3o an to\u00e0n cho ng\u01b0\u1eddi s\u1eed d\u1ee5ng.<\/li>\n<li><strong>H\u1ec7 th\u1ed1ng x\u00edch k\u00e9o:<\/strong> Motor JG 1500kg \u0111\u01b0\u1ee3c trang b\u1ecb h\u1ec7 th\u1ed1ng x\u00edch k\u00e9o, gi\u00fap \u0111\u00f3ng m\u1edf c\u1eeda b\u1eb1ng l\u1ef1c k\u00e9o tay trong tr\u01b0\u1eddng h\u1ee3p m\u1ea5t \u0111i\u1ec7n.<\/li>\n<li><strong>B\u1ed9 \u0111i\u1ec1u khi\u1ec3n:<\/strong>\u00a0Motor \u0111i k\u00e8m v\u1edbi b\u1ed9 \u0111i\u1ec1u khi\u1ec3n t\u1eeb xa v\u00e0 n\u00fat b\u1ea5m \u00e2m t\u01b0\u1eddng, gi\u00fap ng\u01b0\u1eddi d\u00f9ng d\u1ec5 d\u00e0ng v\u1eadn h\u00e0nh c\u1eeda cu\u1ed1n t\u1eeb xa.<\/li>\n<li><strong>C\u00f4ng ngh\u1ec7 ARC:<\/strong> Motor JG 1500kg t\u00edch h\u1ee3p c\u00f4ng ngh\u1ec7 ARC ch\u1ed1ng sao ch\u00e9p m\u00e3 s\u1ed1 m\u1edf c\u1eeda, \u0111\u1ea3m b\u1ea3o an to\u00e0n v\u00e0 b\u1ea3o m\u1eadt cho h\u1ec7 th\u1ed1ng c\u1eeda cu\u1ed1n.<\/li>\n<li><strong>C\u00f4ng ngh\u1ec7 t\u1ef1 d\u1eebng v\u00e0 \u0111\u1ea3o chi\u1ec1u:<\/strong>\u00a0Motor c\u00f3 kh\u1ea3 n\u0103ng t\u1ef1 d\u1eebng v\u00e0 \u0111\u1ea3o chi\u1ec1u khi g\u1eb7p v\u1eadt c\u1ea3n, c\u00f9ng v\u1edbi c\u00f2i b\u00e1o \u0111\u1ed9ng ch\u1ed1ng n\u00e2ng c\u1eeda cu\u1ed1n, \u0111\u1ea3m b\u1ea3o an to\u00e0n v\u00e0 an ninh.<\/li>\n<\/ul>\n<h2><strong style=\"font-size: 80%;\">3. \u1ee8ng d\u1ee5ng th\u1ef1c t\u1ebf<\/strong><\/h2>\n<p>Motor JG 1500kg c\u1ee7a Alumdoor kh\u00f4ng ch\u1ec9 ph\u00f9 h\u1ee3p v\u1edbi c\u00e1c lo\u1ea1i c\u1eeda cu\u1ed1n khe tho\u00e1ng, c\u1eeda cu\u1ed1n t\u1ea5m li\u1ec1n, c\u1eeda cu\u1ed1n \u0110\u00e0i Loan, c\u1eeda cu\u1ed1n si\u00eau tr\u01b0\u1eddng si\u00eau tr\u1ecdng v\u00e0 c\u1eeda cu\u1ed1n l\u01b0\u1edbi m\u1eaft c\u00e1o song ngang, m\u00e0 c\u00f2n c\u00f3 th\u1ec3 s\u1eed d\u1ee5ng cho nhi\u1ec1u lo\u1ea1i ph\u1ee5 ki\u1ec7n kh\u00e1c. \u0110i\u1ec1u n\u00e0y gi\u00fap ng\u01b0\u1eddi d\u00f9ng c\u00f3 th\u1ec3 b\u1ea3o v\u1ec7 v\u00e0 v\u1eadn h\u00e0nh nhi\u1ec1u thi\u1ebft b\u1ecb kh\u00e1c nhau ch\u1ec9 v\u1edbi m\u1ed9t chi\u1ebfc motor JG 1500kg duy nh\u1ea5t.<\/p>\n<h2><span style=\"font-size: 80%;\"><strong>4. L\u1ee3i \u00edch khi s\u1eed d\u1ee5ng<\/strong><\/span><\/h2>\n<ul>\n<li><strong>Ti\u1ec7n l\u1ee3i:<\/strong> Motor JG 1500kg gi\u00fap ng\u01b0\u1eddi d\u00f9ng \u0111i\u1ec1u khi\u1ec3n c\u1eeda cu\u1ed1n t\u1eeb xa m\u1ed9t c\u00e1ch d\u1ec5 d\u00e0ng v\u00e0 nhanh ch\u00f3ng. B\u1ea1n kh\u00f4ng c\u1ea7n ph\u1ea3i \u0111\u1ebfn g\u1ea7n c\u1eeda cu\u1ed1n \u0111\u1ec3 \u0111i\u1ec1u khi\u1ec3n, ch\u1ec9 c\u1ea7n m\u1ed9t n\u00fat b\u1ea5m l\u00e0 c\u00f3 th\u1ec3 m\u1edf ho\u1eb7c \u0111\u00f3ng c\u1eeda cu\u1ed1n.<\/li>\n<li><strong>An to\u00e0n:<\/strong> S\u1ea3n ph\u1ea9m \u0111\u01b0\u1ee3c thi\u1ebft k\u1ebf v\u1edbi c\u00f4ng ngh\u1ec7 ti\u00ean ti\u1ebfn, \u0111\u1ea3m b\u1ea3o an to\u00e0n cho ng\u01b0\u1eddi s\u1eed d\u1ee5ng. Motor JG 1500kg c\u00f3 kh\u1ea3 n\u0103ng ch\u1ed1ng nhi\u1ec5u, gi\u00fap tr\u00e1nh c\u00e1c t\u00ecnh hu\u1ed1ng kh\u00f4ng mong mu\u1ed1n do t\u00edn hi\u1ec7u b\u1ecb can thi\u1ec7p.<\/li>\n<li><strong>Ti\u1ebft ki\u1ec7m th\u1eddi gian:<\/strong> V\u1edbi motor JG 1500kg, ng\u01b0\u1eddi d\u00f9ng kh\u00f4ng c\u1ea7n ph\u1ea3i lo l\u1eafng v\u1ec1 vi\u1ec7c m\u1edf v\u00e0 \u0111\u00f3ng c\u1eeda cu\u1ed1n m\u1ed9t c\u00e1ch th\u1ee7 c\u00f4ng, gi\u00fap ti\u1ebft ki\u1ec7m th\u1eddi gian v\u00e0 c\u00f4ng s\u1ee9c.<\/li>\n<\/ul>\n<h2><span style=\"font-size: 80%;\"><strong>5. So s\u00e1nh v\u1edbi c\u00e1c s\u1ea3n ph\u1ea9m kh\u00e1c<\/strong><\/span><\/h2>\n<p>Motor JG 1500kg c\u1ee7a Alumdoor c\u00f3 nhi\u1ec1u \u01b0u \u0111i\u1ec3m v\u01b0\u1ee3t tr\u1ed9i so v\u1edbi c\u00e1c s\u1ea3n ph\u1ea9m kh\u00e1c tr\u00ean th\u1ecb tr\u01b0\u1eddng. V\u1edbi c\u00f4ng su\u1ea5t m\u1ea1nh m\u1ebd v\u00e0 thi\u1ebft k\u1ebf b\u1ec1n b\u1ec9, motor JG 1500kg c\u1ee7a Alumdoor mang l\u1ea1i s\u1ef1 ti\u1ec7n l\u1ee3i v\u00e0 an to\u00e0n cho ng\u01b0\u1eddi s\u1eed d\u1ee5ng. Trong khi \u0111\u00f3, c\u00e1c s\u1ea3n ph\u1ea9m kh\u00e1c c\u00f3 th\u1ec3 kh\u00f4ng c\u00f3 t\u00ednh n\u0103ng ti\u1ec7n l\u1ee3i v\u00e0 an to\u00e0n nh\u01b0 motor JG 1500kg c\u1ee7a Alumdoor.<\/p>\n<h2><span style=\"font-size: 80%;\"><strong>6. K\u1ebft lu\u1eadn<\/strong><\/span><\/h2>\n<p>Motor c\u1eeda cu\u1ed1n JG 1500kg c\u1ee7a th\u01b0\u01a1ng hi\u1ec7u Alumdoor l\u00e0 s\u1ef1 l\u1ef1a ch\u1ecdn ho\u00e0n h\u1ea3o cho h\u1ec7 th\u1ed1ng c\u1eeda cu\u1ed1n l\u1edbn. V\u1edbi nh\u1eefng t\u00ednh n\u0103ng v\u01b0\u1ee3t tr\u1ed9i v\u00e0 thi\u1ebft k\u1ebf ti\u1ec7n l\u1ee3i, s\u1ea3n ph\u1ea9m n\u00e0y ch\u1eafc ch\u1eafn s\u1ebd mang l\u1ea1i s\u1ef1 h\u00e0i l\u00f2ng cho ng\u01b0\u1eddi s\u1eed d\u1ee5ng. H\u00e3y li\u00ean h\u1ec7 ngay v\u1edbi Alumdoor \u0111\u1ec3 \u0111\u01b0\u1ee3c t\u01b0 v\u1ea5n v\u00e0 mua s\u1ea3n ph\u1ea9m ch\u1ea5t l\u01b0\u1ee3ng cao n\u00e0y.<\/p>\n<p>Motor JG 1500kg kh\u00f4ng ch\u1ec9 l\u00e0 m\u1ed9t thi\u1ebft b\u1ecb h\u1ed7 tr\u1ee3, m\u00e0 c\u00f2n l\u00e0 m\u1ed9t gi\u1ea3i ph\u00e1p to\u00e0n di\u1ec7n cho h\u1ec7 th\u1ed1ng c\u1eeda cu\u1ed1n c\u1ee7a b\u1ea1n. V\u1edbi kh\u1ea3 n\u0103ng t\u01b0\u01a1ng th\u00edch cao v\u00e0 t\u00ednh n\u0103ng \u01b0u vi\u1ec7t, motor J&amp;G 1500kg c\u1ee7a Alumdoor s\u1ebd gi\u00fap b\u1ea1n qu\u1ea3n l\u00fd v\u00e0 v\u1eadn h\u00e0nh c\u00e1c thi\u1ebft b\u1ecb c\u1eeda cu\u1ed1n m\u1ed9t c\u00e1ch hi\u1ec7u qu\u1ea3 v\u00e0 an to\u00e0n.<\/p>","protected":false},"excerpt":{"rendered":"<p><strong style=\"font-size: 23.04px;\"><span style=\"font-size: 80%;\">C\u00f4ng su\u1ea5t c\u1ee7a Motor JG 1500kg<\/span><\/strong><\/p>\n<ul>\n<li><strong>T\u1ea3i tr\u1ecdng:<\/strong> Motor JG 1500kg c\u00f3 t\u1ea3i tr\u1ecdng l\u00ean \u0111\u1ebfn 1500kg, ph\u00f9 h\u1ee3p cho c\u00e1c lo\u1ea1i c\u1eeda cu\u1ed1n l\u1edbn c\u00f3 di\u1ec7n t\u00edch d\u01b0\u1edbi 55m\u00b2.<\/li>\n<li><strong>C\u00f4ng su\u1ea5t:<\/strong>\u00a0Motor c\u00f3 c\u00f4ng su\u1ea5t 750W, \u0111\u1ea3m b\u1ea3o kh\u1ea3 n\u0103ng v\u1eadn h\u00e0nh m\u1ea1nh m\u1ebd v\u00e0 \u1ed5n \u0111\u1ecbnh.<\/li>\n<li><strong>\u0110i\u1ec7n \u00e1p:<\/strong>\u00a0Motor ho\u1ea1t \u0111\u1ed9ng v\u1edbi \u0111i\u1ec7n \u00e1p 220V\/50Hz.<\/li>\n<li><strong>T\u1ed1c \u0111\u1ed9:<\/strong>\u00a0Motor c\u00f3 t\u1ed1c \u0111\u1ed9 28 v\u00f2ng\/ph\u00fat, gi\u00fap c\u1eeda cu\u1ed1n m\u1edf v\u00e0 \u0111\u00f3ng m\u1ed9t c\u00e1ch nhanh ch\u00f3ng v\u00e0 hi\u1ec7u qu\u1ea3.<\/li>\n<li><strong>Chi\u1ec1u cao n\u00e2ng t\u1ed1i \u0111a:<\/strong>\u00a0Motor c\u00f3 th\u1ec3 n\u00e2ng c\u1eeda cu\u1ed1n l\u00ean \u0111\u1ebfn chi\u1ec1u cao t\u1ed1i \u0111a 7 m\u00e9t.<\/li>\n<li><strong>Nhi\u1ec7t \u0111\u1ed9 l\u00e0m vi\u1ec7c:<\/strong> Motor ho\u1ea1t \u0111\u1ed9ng \u1ed5n \u0111\u1ecbnh trong kho\u1ea3ng nhi\u1ec7t \u0111\u1ed9 t\u1eeb 0 \u0111\u1ebfn 70 \u0111\u1ed9 C. <a href=\"https:\/\/zalo.me\/0946484889\">Li\u00ean h\u1ec7 \u0111\u1ec3 nh\u1eadn ngay b\u00e1o gi\u00e1<\/a>.<\/li>\n<\/ul>","protected":false},"featured_media":5379,"comment_status":"open","ping_status":"closed","template":"","meta":[],"product_brand":[304],"product_cat":[87],"product_tag":[307,135,237],"class_list":{"0":"post-2532","1":"product","2":"type-product","3":"status-publish","4":"has-post-thumbnail","6":"product_brand-jg","7":"product_cat-phu-kien-cua-cuon","8":"product_tag-bo-toi-jg","9":"product_tag-motor-cua-cuon","10":"product_tag-motor-jg-1500kg","12":"first","13":"instock","14":"shipping-taxable","15":"product-type-simple"},"blog_post_layout_featured_media_urls":{"thumbnail":["https:\/\/alumdoor.com\/wp-content\/uploads\/2025\/10\/Website-Product-69-280x280.png",280,280,true],"full":["https:\/\/alumdoor.com\/wp-content\/uploads\/2025\/10\/Website-Product-69.png",1182,1182,false]},"categories":["304"],"categories_names":{"304":{"name":"J&amp;G","link":"https:\/\/alumdoor.com\/en\/brand\/jg\/"}},"comments_number":"0","_links":{"self":[{"href":"https:\/\/alumdoor.com\/en\/wp-json\/wp\/v2\/product\/2532","targetHints":{"allow":["GET"]}}],"collection":[{"href":"https:\/\/alumdoor.com\/en\/wp-json\/wp\/v2\/product"}],"about":[{"href":"https:\/\/alumdoor.com\/en\/wp-json\/wp\/v2\/types\/product"}],"replies":[{"embeddable":true,"href":"https:\/\/alumdoor.com\/en\/wp-json\/wp\/v2\/comments?post=2532"}],"wp:featuredmedia":[{"embeddable":true,"href":"https:\/\/alumdoor.com\/en\/wp-json\/wp\/v2\/media\/5379"}],"wp:attachment":[{"href":"https:\/\/alumdoor.com\/en\/wp-json\/wp\/v2\/media?parent=2532"}],"wp:term":[{"taxonomy":"product_brand","embeddable":true,"href":"https:\/\/alumdoor.com\/en\/wp-json\/wp\/v2\/product_brand?post=2532"},{"taxonomy":"product_cat","embeddable":true,"href":"https:\/\/alumdoor.com\/en\/wp-json\/wp\/v2\/product_cat?post=2532"},{"taxonomy":"product_tag","embeddable":true,"href":"https:\/\/alumdoor.com\/en\/wp-json\/wp\/v2\/product_tag?post=2532"}],"curies":[{"name":"wp","href":"https:\/\/api.w.org\/{rel}","templated":true}]}}