{"id":1355,"date":"2023-01-20T08:23:44","date_gmt":"2023-01-20T01:23:44","guid":{"rendered":"http:\/\/alumdoor.com\/?post_type=product&#038;p=1355"},"modified":"2025-10-28T14:29:12","modified_gmt":"2025-10-28T07:29:12","slug":"cam-bien-tu-dung","status":"publish","type":"product","link":"https:\/\/alumdoor.com\/en\/product\/cam-bien-tu-dung\/","title":{"rendered":"C\u1ea3m Bi\u1ebfn T\u1ef1 D\u1eebng"},"content":{"rendered":"<h1><span style=\"font-size: 85%;\"><strong>C\u1ea3m bi\u1ebfn t\u1ef1 d\u1eebng &#8211; Gi\u1ea3i ph\u00e1p t\u1ef1 d\u1eebng cho c\u1eeda cu\u1ed1n khe tho\u00e1ng<\/strong><\/span><\/h1>\n<h2><strong><span style=\"font-size: 80%;\">1. \u0110\u1eb7c \u0111i\u1ec3m n\u1ed5i b\u1eadt c\u1ee7a C\u1ea3m bi\u1ebfn t\u1ef1 d\u1eebng<\/span><\/strong><\/h2>\n<p>C\u1ea3m bi\u1ebfn t\u1ef1 d\u1eebng \u0111\u01b0\u1ee3c thi\u1ebft k\u1ebf \u0111\u1ec3 t\u00edch h\u1ee3p v\u00e0o b\u1ed9 ba l\u00e1 \u0111\u00e1y c\u1ee7a d\u00f2ng s\u1ea3n ph\u1ea9m c\u1eeda cu\u1ed1n khe tho\u00e1ng. \u0110i\u1ec1u n\u00e0y gi\u00fap ng\u01b0\u1eddi d\u00f9ng d\u1ec5 d\u00e0ng l\u1eafp \u0111\u1eb7t v\u00e0 s\u1eed d\u1ee5ng h\u1ec7 th\u1ed1ng t\u1ef1 d\u1eebng m\u1ed9t c\u00e1ch hi\u1ec7u qu\u1ea3.<\/p>\n<h2><span style=\"font-size: 80%;\"><strong>2. T\u00ednh n\u0103ng v\u01b0\u1ee3t tr\u1ed9i c\u1ee7a C\u1ea3m bi\u1ebfn t\u1ef1 d\u1eebng<\/strong><\/span><\/h2>\n<ul>\n<li><strong>Ph\u00e1t hi\u1ec7n v\u1eadt c\u1ea3n ch\u00ednh x\u00e1c:<\/strong> H\u1ec7 th\u1ed1ng t\u1ef1 d\u1eebng c\u00f3 kh\u1ea3 n\u0103ng ph\u00e1t hi\u1ec7n v\u1eadt c\u1ea3n tr\u00ean h\u00e0nh tr\u00ecnh c\u1eeda cu\u1ed1n m\u1ed9t c\u00e1ch ch\u00ednh x\u00e1c, gi\u00fap ng\u0103n ch\u1eb7n c\u00e1c tai n\u1ea1n kh\u00f4ng mong mu\u1ed1n.<\/li>\n<li><strong>Thi\u1ebft k\u1ebf nh\u1ecf g\u1ecdn:<\/strong> V\u1edbi k\u00edch th\u01b0\u1edbc nh\u1ecf g\u1ecdn, t\u1ef1 d\u1eebng d\u1ec5 d\u00e0ng l\u1eafp \u0111\u1eb7t v\u00e0 s\u1eed d\u1ee5ng. Ng\u01b0\u1eddi d\u00f9ng c\u00f3 th\u1ec3 g\u1eafn v\u00e0o nhi\u1ec1u v\u1ecb tr\u00ed kh\u00e1c nhau m\u00e0 kh\u00f4ng c\u1ea3m th\u1ea5y c\u1ed3ng k\u1ec1nh.<\/li>\n<li><strong>D\u1ec5 d\u00e0ng c\u00e0i \u0111\u1eb7t:<\/strong> Ng\u01b0\u1eddi d\u00f9ng c\u00f3 th\u1ec3 d\u1ec5 d\u00e0ng c\u00e0i \u0111\u1eb7t v\u00e0 s\u1eed d\u1ee5ng t\u1ef1 d\u1eebng m\u00e0 kh\u00f4ng c\u1ea7n \u0111\u1ebfn s\u1ef1 h\u1ed7 tr\u1ee3 c\u1ee7a k\u1ef9 thu\u1eadt vi\u00ean. \u0110i\u1ec1u n\u00e0y gi\u00fap ti\u1ebft ki\u1ec7m th\u1eddi gian v\u00e0 chi ph\u00ed cho ng\u01b0\u1eddi s\u1eed d\u1ee5ng.<\/li>\n<li><strong>\u0110\u1ed9 b\u1ec1n cao:<\/strong>\u00a0S\u1ea3n ph\u1ea9m \u0111\u01b0\u1ee3c l\u00e0m t\u1eeb ch\u1ea5t li\u1ec7u cao c\u1ea5p, \u0111\u1ea3m b\u1ea3o \u0111\u1ed9 b\u1ec1n v\u00e0 tu\u1ed5i th\u1ecd cao. T\u1ef1 d\u1eebng c\u00f3 th\u1ec3 ch\u1ecbu \u0111\u01b0\u1ee3c c\u00e1c \u0111i\u1ec1u ki\u1ec7n m\u00f4i tr\u01b0\u1eddng kh\u1eafc nghi\u1ec7t, t\u1eeb nhi\u1ec7t \u0111\u1ed9 cao \u0111\u1ebfn \u0111\u1ed9 \u1ea9m l\u1edbn.<\/li>\n<\/ul>\n<h2><span style=\"font-size: 80%;\"><strong>3. \u1ee8ng d\u1ee5ng c\u1ee7a C\u1ea3m bi\u1ebfn t\u1ef1 d\u1eebng<\/strong><\/span><\/h2>\n<p>C\u1ea3m bi\u1ebfn t\u1ef1 d\u1eebng c\u1ee7a Alumdoor kh\u00f4ng ch\u1ec9 ph\u00f9 h\u1ee3p v\u1edbi c\u00e1c lo\u1ea1i c\u1eeda cu\u1ed1n khe tho\u00e1ng m\u00e0 c\u00f2n c\u00f3 th\u1ec3 s\u1eed d\u1ee5ng cho c\u00e1c d\u00f2ng c\u1eeda cu\u1ed1n kh\u00e1c nh\u01b0 c\u1eeda cu\u1ed1n t\u1ea5m li\u1ec1n, c\u1eeda cu\u1ed1n \u0110\u00e0i Loan, c\u1eeda cu\u1ed1n si\u00eau tr\u01b0\u1eddng si\u00eau tr\u1ecdng v\u00e0 c\u1eeda cu\u1ed1n l\u01b0\u1edbi m\u1eaft c\u00e1o song ngang th\u00f4ng qua vi\u1ec7c l\u1eafp \u0111\u1eb7t r\u1eddi b\u00ean ngo\u00e0i. \u0110i\u1ec1u n\u00e0y gi\u00fap ng\u01b0\u1eddi d\u00f9ng c\u00f3 th\u1ec3 b\u1ea3o v\u1ec7 nhi\u1ec1u thi\u1ebft b\u1ecb kh\u00e1c nhau ch\u1ec9 v\u1edbi m\u1ed9t h\u1ec7 th\u1ed1ng t\u1ef1 d\u1eebng duy nh\u1ea5t.<\/p>\n<h2><span style=\"font-size: 80%;\"><strong>4. L\u1ee3i \u00edch khi s\u1eed d\u1ee5ng C\u1ea3m bi\u1ebfn t\u1ef1 d\u1eebng c\u1ee7a Alumdoor<\/strong><\/span><\/h2>\n<ul>\n<li><strong>Ti\u1ec7n l\u1ee3i:<\/strong>\u00a0T\u1ef1 d\u1eebng gi\u00fap ng\u01b0\u1eddi d\u00f9ng ph\u00e1t hi\u1ec7n v\u00e0 ng\u0103n ch\u1eb7n k\u1ecbp th\u1eddi khi c\u00f3 v\u1eadt c\u1ea3n tr\u00ean h\u00e0nh tr\u00ecnh c\u1eeda cu\u1ed1n, \u0111\u1ea3m b\u1ea3o an to\u00e0n cho ng\u00f4i nh\u00e0 v\u00e0 t\u00e0i s\u1ea3n.<\/li>\n<li><strong>An to\u00e0n:<\/strong>\u00a0S\u1ea3n ph\u1ea9m \u0111\u01b0\u1ee3c thi\u1ebft k\u1ebf \u0111\u1ec3 k\u00edch ho\u1ea1t d\u1eebng c\u1eeda khi g\u1eb7p v\u1eadt c\u1ea3n tr\u00ean h\u00e0nh tr\u00ecnh c\u1eeda v\u1eadn h\u00e0nh, gi\u00fap tr\u00e1nh c\u00e1c t\u00ecnh hu\u1ed1ng kh\u00f4ng mong mu\u1ed1n.<\/li>\n<li><strong>Ti\u1ebft ki\u1ec7m th\u1eddi gian:<\/strong> V\u1edbi t\u1ef1 d\u1eebng, ng\u01b0\u1eddi d\u00f9ng kh\u00f4ng c\u1ea7n ph\u1ea3i lo l\u1eafng v\u1ec1 vi\u1ec7c ki\u1ec3m tra an ninh th\u01b0\u1eddng xuy\u00ean, gi\u00fap ti\u1ebft ki\u1ec7m th\u1eddi gian v\u00e0 c\u00f4ng s\u1ee9c. \u0110i\u1ec1u n\u00e0y \u0111\u1eb7c bi\u1ec7t h\u1eefu \u00edch trong c\u00e1c t\u00ecnh hu\u1ed1ng kh\u1ea9n c\u1ea5p ho\u1eb7c khi b\u1ea1n \u0111ang v\u1ed9i v\u00e0ng.<\/li>\n<\/ul>\n<h2><strong><span style=\"font-size: 80%;\">5. So s\u00e1nh v\u1edbi c\u00e1c s\u1ea3n ph\u1ea9m kh\u00e1c<\/span><\/strong><\/h2>\n<p>C\u1ea3m bi\u1ebfn t\u1ef1 d\u1eebng c\u1ee7a Alumdoor c\u00f3 nhi\u1ec1u \u01b0u \u0111i\u1ec3m v\u01b0\u1ee3t tr\u1ed9i so v\u1edbi c\u00e1c s\u1ea3n ph\u1ea9m kh\u00e1c tr\u00ean th\u1ecb tr\u01b0\u1eddng. V\u1edbi kh\u1ea3 n\u0103ng ph\u00e1t hi\u1ec7n v\u1eadt c\u1ea3n ch\u00ednh x\u00e1 v\u00e0 si\u00eau nhanh, t\u1ef1 d\u1eebng c\u1ee7a Alumdoor mang l\u1ea1i s\u1ef1 an to\u00e0n v\u00e0 an t\u00e2m cho ng\u01b0\u1eddi s\u1eed d\u1ee5ng. Trong khi \u0111\u00f3, c\u00e1c s\u1ea3n ph\u1ea9m kh\u00e1c c\u00f3 th\u1ec3 kh\u00f4ng c\u00f3 t\u00ednh n\u0103ng ph\u00e1t hi\u1ec7n v\u1eadt c\u1ea3n hi\u1ec7u qu\u1ea3 nh\u01b0 t\u1ef1 d\u1eebng c\u1ee7a Alumdoor.<\/p>\n<h2><span style=\"font-size: 80%;\"><strong>6. K\u1ebft lu\u1eadn<\/strong><\/span><\/h2>\n<p>C\u1ea3m bi\u1ebfn t\u1ef1 d\u1eebng c\u1ee7a th\u01b0\u01a1ng hi\u1ec7u Alumdoor l\u00e0 s\u1ef1 l\u1ef1a ch\u1ecdn ho\u00e0n h\u1ea3o cho h\u1ec7 th\u1ed1ng c\u1eeda cu\u1ed1n hi\u1ec7n \u0111\u1ea1i. V\u1edbi nh\u1eefng t\u00ednh n\u0103ng v\u01b0\u1ee3t tr\u1ed9i v\u00e0 thi\u1ebft k\u1ebf ti\u1ec7n l\u1ee3i, s\u1ea3n ph\u1ea9m n\u00e0y ch\u1eafc ch\u1eafn s\u1ebd mang l\u1ea1i s\u1ef1 h\u00e0i l\u00f2ng cho ng\u01b0\u1eddi s\u1eed d\u1ee5ng. H\u00e3y li\u00ean h\u1ec7 ngay v\u1edbi Alumdoor \u0111\u1ec3 \u0111\u01b0\u1ee3c t\u01b0 v\u1ea5n v\u00e0 mua s\u1ea3n ph\u1ea9m ch\u1ea5t l\u01b0\u1ee3ng cao n\u00e0y.<\/p>\n<p>C\u1ea3m bi\u1ebfn t\u1ef1 d\u1eebng kh\u00f4ng ch\u1ec9 l\u00e0 m\u1ed9t thi\u1ebft b\u1ecb an ninh, m\u00e0 c\u00f2n l\u00e0 m\u1ed9t gi\u1ea3i ph\u00e1p to\u00e0n di\u1ec7n cho h\u1ec7 th\u1ed1ng c\u1eeda cu\u1ed1n c\u1ee7a b\u1ea1n. V\u1edbi kh\u1ea3 n\u0103ng t\u01b0\u01a1ng th\u00edch cao v\u00e0 t\u00ednh n\u0103ng \u01b0u vi\u1ec7t, c\u1ea3m bi\u1ebfn t\u1ef1 d\u1eebng c\u1ee7a Alumdoor s\u1ebd gi\u00fap b\u1ea3o v\u1ec7 ng\u00f4i nh\u00e0 m\u1ed9t c\u00e1ch hi\u1ec7u qu\u1ea3 v\u00e0 an to\u00e0n.<\/p>","protected":false},"excerpt":{"rendered":"<p>C\u1ea3m bi\u1ebfn t\u1ef1 d\u1eebng c\u1ee7a th\u01b0\u01a1ng hi\u1ec7u Alumdoor l\u00e0 s\u1ea3n ph\u1ea9m kh\u00f4ng th\u1ec3 thi\u1ebfu cho h\u1ec7 th\u1ed1ng \u0111\u1ed3ng b\u1ed9 c\u1ee7a d\u00f2ng\u00a0<a href=\"https:\/\/alumdoor.com\/en\/san-pham-cua-cuon\/cua-cuon-khe-thoang\/\">c\u1eeda cu\u1ed1n khe tho\u00e1ng<\/a>. V\u1edbi thi\u1ebft k\u1ebf nh\u1ecf g\u1ecdn v\u00e0 ch\u1ee9c n\u0103ng k\u00edch ho\u1ea1t d\u1eebng c\u1eeda khi g\u1eb7p v\u1eadt c\u1ea3n, c\u1ea3m bi\u1ebfn t\u1ef1 d\u1eebng mang l\u1ea1i s\u1ef1 an to\u00e0n cho ng\u01b0\u1eddi s\u1eed d\u1ee5ng. <strong><a href=\"https:\/\/zalo.me\/0946484889\">Li\u00ean h\u1ec7 \u0111\u1ec3 nh\u1eadn ngay b\u00e1o gi\u00e1<\/a><\/strong> c\u1ea3m bi\u1ebfn t\u1ef1 d\u1eebng.<\/p>","protected":false},"featured_media":5385,"comment_status":"open","ping_status":"closed","template":"","meta":[],"product_brand":[292],"product_cat":[87],"product_tag":[158,341,108,340,339],"class_list":{"0":"post-1355","1":"product","2":"type-product","3":"status-publish","4":"has-post-thumbnail","6":"product_brand-alumdoor","7":"product_cat-phu-kien-cua-cuon","8":"product_tag-cam-bien-tu-dung","9":"product_tag-chong-xo-cua-cuon","10":"product_tag-he-thong-tu-dung","11":"product_tag-ti-dong-cua-cuon","12":"product_tag-tu-dung-cua-cuon","14":"first","15":"instock","16":"shipping-taxable","17":"product-type-simple"},"blog_post_layout_featured_media_urls":{"thumbnail":["https:\/\/alumdoor.com\/wp-content\/uploads\/2025\/10\/Website-Product-75-280x280.png",280,280,true],"full":["https:\/\/alumdoor.com\/wp-content\/uploads\/2025\/10\/Website-Product-75.png",1182,1182,false]},"categories":["292"],"categories_names":{"292":{"name":"Alumdoor","link":"https:\/\/alumdoor.com\/en\/brand\/alumdoor\/"}},"comments_number":"0","_links":{"self":[{"href":"https:\/\/alumdoor.com\/en\/wp-json\/wp\/v2\/product\/1355","targetHints":{"allow":["GET"]}}],"collection":[{"href":"https:\/\/alumdoor.com\/en\/wp-json\/wp\/v2\/product"}],"about":[{"href":"https:\/\/alumdoor.com\/en\/wp-json\/wp\/v2\/types\/product"}],"replies":[{"embeddable":true,"href":"https:\/\/alumdoor.com\/en\/wp-json\/wp\/v2\/comments?post=1355"}],"wp:featuredmedia":[{"embeddable":true,"href":"https:\/\/alumdoor.com\/en\/wp-json\/wp\/v2\/media\/5385"}],"wp:attachment":[{"href":"https:\/\/alumdoor.com\/en\/wp-json\/wp\/v2\/media?parent=1355"}],"wp:term":[{"taxonomy":"product_brand","embeddable":true,"href":"https:\/\/alumdoor.com\/en\/wp-json\/wp\/v2\/product_brand?post=1355"},{"taxonomy":"product_cat","embeddable":true,"href":"https:\/\/alumdoor.com\/en\/wp-json\/wp\/v2\/product_cat?post=1355"},{"taxonomy":"product_tag","embeddable":true,"href":"https:\/\/alumdoor.com\/en\/wp-json\/wp\/v2\/product_tag?post=1355"}],"curies":[{"name":"wp","href":"https:\/\/api.w.org\/{rel}","templated":true}]}}