{"id":1340,"date":"2023-01-20T08:21:39","date_gmt":"2023-01-20T01:21:39","guid":{"rendered":"http:\/\/alumdoor.com\/?post_type=product&#038;p=1340"},"modified":"2025-10-29T16:33:36","modified_gmt":"2025-10-29T09:33:36","slug":"vip-st500","status":"publish","type":"product","link":"https:\/\/alumdoor.com\/en\/product\/vip-st500\/","title":{"rendered":"VIP-ST500"},"content":{"rendered":"","protected":false},"excerpt":{"rendered":"<h2><span style=\"font-size: 85%; color: #000000;\"><strong>C\u1eecA NAN NH\u00d4M KHE THO\u00c1NG VIP-ST500<\/strong><\/span><\/h2>\n<p><span style=\"font-size: 95%; color: #000000;\"><strong>M\u00e3: <\/strong>VIP-ST500 (<strong>\u0110VT:<\/strong> m\u00b2)<\/span><br \/>\n<span style=\"font-size: 95%; color: #000000;\"><strong>K\u00edch th\u01b0\u1edbc t\u1ed1i \u0111a:<\/strong> Cao ph\u1ee7 b\u00ec 6m x Ngang ph\u1ee7 b\u00ec 7m6<\/span><br \/>\n<span style=\"font-size: 95%; color: #000000;\"><strong>\u0110\u1ed9 d\u00e0y (\u00b18%):<\/strong> 2.0 &#8211; 2.3mm <\/span><br \/>\n<span style=\"font-size: 95%; color: #000000;\">\u00a0 \u00a0&#8211; Ch\u00e2n l\u00e1: 2mm<\/span><br \/>\n<span style=\"font-size: 95%; color: #000000;\">\u00a0 \u00a0&#8211; Th\u00e2n l\u00e1 l\u00ean \u0111\u1ebfn: 2.2mm<\/span><br \/>\n<span style=\"font-size: 95%; color: #000000;\">\u00a0 \u00a0&#8211; M\u00f3c l\u00e1: 2.1mm<\/span><br \/>\n<span style=\"font-size: 95%; color: #000000;\"><strong>C\u1ea5u t\u1ea1o:<br \/>\n<\/strong>\u00a0 \u00a0&#8211; H\u1ee3p kim nh\u00f4m 6063, s\u01a1n t\u0129nh \u0111i\u1ec7n Akzo Nobel.<\/span><br \/>\n<span style=\"font-size: 95%; color: #000000;\">\u00a0 \u00a0&#8211; Nan khe tho\u00e1ng hi\u1ec7n \u0111\u1ea1i, 2 ch\u00e2n 2 v\u00edt.<strong><br \/>\n<\/strong>\u00a0 \u00a0&#8211; C\u00f3 1 gioong l\u00f4ng ch\u1ed1ng \u1ed3n.<strong><strong><br \/>\nM\u00e0u s\u1eafc: <\/strong><\/strong>Ghi s\u1ea7n\/ V\u00e0ng kem\/ C\u00e0 ph\u00ea\/ Tr\u1eafng\/ X\u00e1m Xingfa,&#8230;<\/span><\/p>\n<p><span style=\"color: #000000;\">VIP-ST500 l\u00e0 m\u00e3 c\u1eeda cu\u1ed1n khe tho\u00e1ng l\u00fd t\u01b0\u1edfng cho kh\u00f4ng gian s\u1ed1ng hi\u1ec7n \u0111\u1ea1i, gi\u00fap l\u01b0u th\u00f4ng kh\u00f4ng kh\u00ed v\u00e0 \u00e1nh s\u00e1ng t\u1ef1 nhi\u00ean. S\u1ea3n ph\u1ea9m n\u00e0y k\u1ebft h\u1ee3p ho\u00e0n h\u1ea3o v\u1edbi c\u00e1c d\u00f2ng motor nh\u01b0 <a style=\"color: #000000;\" href=\"https:\/\/alumdoor.com\/en\/product\/motor-tanker-400kg\/\">Motor Tanker 400kg<\/a>, <a style=\"color: #000000;\" href=\"https:\/\/alumdoor.com\/en\/product\/motor-tanker-600kg\/\">Motor Tanker 600kg<\/a>, <a style=\"color: #000000;\" href=\"https:\/\/alumdoor.com\/en\/product\/motor-alumax-400kg\/\">Motor Alumax 400kg<\/a>, <a style=\"color: #000000;\" href=\"https:\/\/alumdoor.com\/en\/product\/motor-alumax-600kg\/\">Motor Alumax 600kg<\/a> v\u00e0 <a style=\"color: #000000;\" href=\"https:\/\/alumdoor.com\/en\/product\/binh-tich-dien-alumax-e800i\/\">b\u00ecnh l\u01b0u \u0111i\u1ec7n Alumax E800i<\/a>, <a style=\"color: #000000;\" href=\"https:\/\/alumdoor.com\/en\/product\/binh-tich-dien-alumax-e1000i\/\">b\u00ecnh l\u01b0u \u0111i\u1ec7n Alumax E1000i<\/a>. V\u1edbi thi\u1ebft k\u1ebf th\u00f4ng minh, ch\u1ea5t li\u1ec7u cao c\u1ea5p v\u00e0 t\u00ednh n\u0103ng an to\u00e0n, c\u1eeda cu\u1ed1n khe tho\u00e1ng mang l\u1ea1i s\u1ef1 ti\u1ec7n l\u1ee3i v\u00e0 th\u1ea9m m\u1ef9 cho ng\u00f4i nh\u00e0 c\u1ee7a b\u1ea1n. <strong><a style=\"color: #000000;\" href=\"https:\/\/zalo.me\/0946484889\">Li\u00ean h\u1ec7 \u0111\u1ec3 nh\u1eadn ngay b\u00e1o gi\u00e1<\/a><\/strong>\u00a0c\u1eeda cu\u1ed1n khe tho\u00e1ng VIP-ST500.<\/span><\/p>","protected":false},"featured_media":5329,"comment_status":"open","ping_status":"closed","template":"","meta":[],"product_brand":[292],"product_cat":[93],"product_tag":[138,137,278],"class_list":{"0":"post-1340","1":"product","2":"type-product","3":"status-publish","4":"has-post-thumbnail","6":"product_brand-alumdoor","7":"product_cat-cua-cuon-khe-thoang","8":"product_tag-cua-cuon-duc","9":"product_tag-cua-cuon-khe-thoang","10":"product_tag-vip-st500","12":"first","13":"instock","14":"shipping-taxable","15":"product-type-simple"},"blog_post_layout_featured_media_urls":{"thumbnail":["https:\/\/alumdoor.com\/wp-content\/uploads\/2025\/10\/Website-Product-27-280x280.png",280,280,true],"full":["https:\/\/alumdoor.com\/wp-content\/uploads\/2025\/10\/Website-Product-27.png",1182,1182,false]},"categories":["292"],"categories_names":{"292":{"name":"Alumdoor","link":"https:\/\/alumdoor.com\/en\/brand\/alumdoor\/"}},"comments_number":"0","_links":{"self":[{"href":"https:\/\/alumdoor.com\/en\/wp-json\/wp\/v2\/product\/1340","targetHints":{"allow":["GET"]}}],"collection":[{"href":"https:\/\/alumdoor.com\/en\/wp-json\/wp\/v2\/product"}],"about":[{"href":"https:\/\/alumdoor.com\/en\/wp-json\/wp\/v2\/types\/product"}],"replies":[{"embeddable":true,"href":"https:\/\/alumdoor.com\/en\/wp-json\/wp\/v2\/comments?post=1340"}],"wp:featuredmedia":[{"embeddable":true,"href":"https:\/\/alumdoor.com\/en\/wp-json\/wp\/v2\/media\/5329"}],"wp:attachment":[{"href":"https:\/\/alumdoor.com\/en\/wp-json\/wp\/v2\/media?parent=1340"}],"wp:term":[{"taxonomy":"product_brand","embeddable":true,"href":"https:\/\/alumdoor.com\/en\/wp-json\/wp\/v2\/product_brand?post=1340"},{"taxonomy":"product_cat","embeddable":true,"href":"https:\/\/alumdoor.com\/en\/wp-json\/wp\/v2\/product_cat?post=1340"},{"taxonomy":"product_tag","embeddable":true,"href":"https:\/\/alumdoor.com\/en\/wp-json\/wp\/v2\/product_tag?post=1340"}],"curies":[{"name":"wp","href":"https:\/\/api.w.org\/{rel}","templated":true}]}}