{"id":471,"date":"2023-01-20T08:11:31","date_gmt":"2023-01-20T01:11:31","guid":{"rendered":"http:\/\/alumdoor.com\/?page_id=471"},"modified":"2025-11-01T16:30:41","modified_gmt":"2025-11-01T09:30:41","slug":"thong-tin-lien-he","status":"publish","type":"page","link":"https:\/\/alumdoor.com\/en\/thong-tin-lien-he\/","title":{"rendered":"Th\u00f4ng tin li\u00ean h\u00ea\u0323"},"content":{"rendered":"<div class=\"container section-title-container\" ><h1 class=\"section-title section-title-center\"><b aria-hidden=\"true\"><\/b><span class=\"section-title-main\" style=\"font-size:120%;\">Th\u00f4ng tin li\u00ean h\u1ec7<\/span><b aria-hidden=\"true\"><\/b><\/h1><\/div>\n\t<div id=\"gap-1793720204\" class=\"gap-element clearfix\" style=\"display:block; height:auto;\">\n\t\t\n<style>\n#gap-1793720204 {\n  padding-top: 30px;\n}\n<\/style>\n\t<\/div>\n\t\n<div class=\"row hide-for-medium\"  id=\"row-686693535\">\n\n\t<div id=\"col-449280164\" class=\"col medium-8 small-12 large-8\"  >\n\t\t\t\t<div class=\"col-inner text-center\"  >\n\t\t\t\n\t\t\t\n\t<div class=\"img has-hover x md-x lg-x y md-y lg-y\" id=\"image_1799797120\">\n\t\t\t\t\t\t\t\t<div class=\"img-inner dark\" >\n\t\t\t<img decoding=\"async\" width=\"1020\" height=\"573\" src=\"https:\/\/alumdoor.com\/wp-content\/uploads\/2025\/02\/IMG_6561-1400x786.jpg\" class=\"attachment-large size-large\" alt=\"Th\u00f4ng tin li\u00ean h\u1ec7\" srcset=\"https:\/\/alumdoor.com\/wp-content\/uploads\/2025\/02\/IMG_6561-1400x786.jpg 1400w, https:\/\/alumdoor.com\/wp-content\/uploads\/2025\/02\/IMG_6561-scaled-510x286.jpg 510w, https:\/\/alumdoor.com\/wp-content\/uploads\/2025\/02\/IMG_6561-713x400.jpg 713w, https:\/\/alumdoor.com\/wp-content\/uploads\/2025\/02\/IMG_6561-768x431.jpg 768w, https:\/\/alumdoor.com\/wp-content\/uploads\/2025\/02\/IMG_6561-1536x862.jpg 1536w, https:\/\/alumdoor.com\/wp-content\/uploads\/2025\/02\/IMG_6561-2048x1150.jpg 2048w\" sizes=\"(max-width: 1020px) 100vw, 1020px\" \/>\t\t\t\t\t\t\n\t\t\t\t\t<\/div>\n\t\t\t\t\t\t\t\t\n<style>\n#image_1799797120 {\n  width: 100%;\n}\n<\/style>\n\t<\/div>\n\t\n\t\t<\/div>\n\t\t\t\t\t<\/div>\n\n\t\n\n\t<div id=\"col-163935382\" class=\"col medium-4 small-12 large-4\"  >\n\t\t\t\t<div class=\"col-inner\"  >\n\t\t\t\n\t\t\t\n<div class=\"container section-title-container\" ><h2 class=\"section-title section-title-normal\"><b aria-hidden=\"true\"><\/b><span class=\"section-title-main\" >Th\u00f4ng tin li\u00ean h\u1ec7<\/span><b aria-hidden=\"true\"><\/b><\/h2><\/div>\n<p>N\u1ebfu b\u1ea1n c\u00f3 b\u1ea5t k\u1ef3 c\u00e2u h\u1ecfi n\u00e0o ho\u1eb7c c\u1ea7n h\u1ed7 tr\u1ee3 th\u00eam, vui l\u00f2ng th\u00f4ng tin\u00a0li\u00ean h\u1ec7 v\u1edbi <a href=\"https:\/\/alumdoor.com\/en\/ve-chung-toi\/\">ch\u00fang t\u00f4i<\/a> qua c\u00e1c k\u00eanh sau:<\/p>\n\t<div id=\"gap-1350724395\" class=\"gap-element clearfix\" style=\"display:block; height:auto;\">\n\t\t\n<style>\n#gap-1350724395 {\n  padding-top: 15px;\n}\n<\/style>\n\t<\/div>\n\t\n<ul style=\"text-align: justify;\">\n<li><strong>\u0110\u1ecba ch\u1ec9<\/strong>:\u00a0<a href=\"https:\/\/maps.app.goo.gl\/1dx7C1SXdiTd4ZZPA\" target=\"_blank\" rel=\"nofollow noopener\">C\u00f4ng ty TNHH International Aluminum Application (IAA)<\/a>, s\u1ed1 12B \u0111\u01b0\u1eddng s\u1ed1 2, Ph\u01b0\u1eddng B\u00ecnh H\u01b0ng H\u00f2a, TP.HCM.<\/li>\n<li><strong>\u0110i\u1ec7n tho\u1ea1i<\/strong>:\u00a0<a href=\"https:\/\/zalo.me\/0946484889\" target=\"_blank\" rel=\"nofollow noopener\">0946.48.48.89<\/a>\u00a0(Mr. \u0110\u00f4n)<\/li>\n<li><strong>Fanpage:<\/strong>\u00a0<a href=\"https:\/\/www.facebook.com\/cuacuonalumdoor\" target=\"_blank\" rel=\"nofollow noopener\">C\u1eeda cu\u1ed1n Alumdoor<\/a><\/li>\n<li><strong>Email<\/strong>: salescenter.alumdoor@gmail.com<\/li>\n<li><span style=\"color: #333333; font-size: 100%;\"><strong>Th\u1eddi gian ho\u1ea1t \u0111\u1ed9ng: <\/strong>Th\u1ee9 2 &#8211; Th\u1ee9 7 (T\u1eeb 7h30 &#8211; 11h30 v\u00e0 13h00 &#8211; 17h00)<\/span><\/li>\n<\/ul>\n<p>Th\u00f4ng tin li\u00ean h\u1ec7 ngay v\u1edbi ch\u00fang t\u00f4i \u0111\u1ec3 \u0111\u01b0\u1ee3c h\u1ed7 tr\u1ee3.<\/p>\n<div id=\"content\" class=\"content-area\" role=\"main\">\n<section id=\"section_1258636628\" class=\"section hide-for-medium\">\n<div class=\"section-content relative\">\n<div id=\"row-570965969\" class=\"row row-large align-middle\">\n<div id=\"col-374813782\" class=\"col small-12 large-12\">\u00a0<\/div>\n<\/div>\n<\/div>\n<\/section>\n<\/div>\n<p>\u00a0<\/p>\n\t\t<\/div>\n\t\t\t\t\t<\/div>\n\n\t\n<\/div>\n<div class=\"row show-for-medium hide-for-small\"  id=\"row-1045243063\">\n\n\t<div id=\"col-1154154467\" class=\"col medium-12 small-12 large-8\"  >\n\t\t\t\t<div class=\"col-inner text-center\"  >\n\t\t\t\n\t\t\t\n\t<div class=\"img has-hover x md-x lg-x y md-y lg-y\" id=\"image_789702703\">\n\t\t\t\t\t\t\t\t<div class=\"img-inner dark\" >\n\t\t\t<img decoding=\"async\" width=\"1020\" height=\"573\" src=\"https:\/\/alumdoor.com\/wp-content\/uploads\/2025\/02\/IMG_6561-1400x786.jpg\" class=\"attachment-large size-large\" alt=\"Th\u00f4ng tin li\u00ean h\u1ec7\" srcset=\"https:\/\/alumdoor.com\/wp-content\/uploads\/2025\/02\/IMG_6561-1400x786.jpg 1400w, https:\/\/alumdoor.com\/wp-content\/uploads\/2025\/02\/IMG_6561-scaled-510x286.jpg 510w, https:\/\/alumdoor.com\/wp-content\/uploads\/2025\/02\/IMG_6561-713x400.jpg 713w, https:\/\/alumdoor.com\/wp-content\/uploads\/2025\/02\/IMG_6561-768x431.jpg 768w, https:\/\/alumdoor.com\/wp-content\/uploads\/2025\/02\/IMG_6561-1536x862.jpg 1536w, https:\/\/alumdoor.com\/wp-content\/uploads\/2025\/02\/IMG_6561-2048x1150.jpg 2048w\" sizes=\"(max-width: 1020px) 100vw, 1020px\" \/>\t\t\t\t\t\t\n\t\t\t\t\t<\/div>\n\t\t\t\t\t\t\t\t\n<style>\n#image_789702703 {\n  width: 100%;\n}\n<\/style>\n\t<\/div>\n\t\n\t\t<\/div>\n\t\t\t\t\t<\/div>\n\n\t\n\n\t<div id=\"col-722317108\" class=\"col medium-12 small-12 large-4\"  >\n\t\t\t\t<div class=\"col-inner\"  >\n\t\t\t\n\t\t\t\n<div class=\"container section-title-container\" ><h2 class=\"section-title section-title-normal\"><b aria-hidden=\"true\"><\/b><span class=\"section-title-main\" >Th\u00f4ng tin li\u00ean h\u1ec7<\/span><b aria-hidden=\"true\"><\/b><\/h2><\/div>\n<p>N\u1ebfu b\u1ea1n c\u00f3 b\u1ea5t k\u1ef3 c\u00e2u h\u1ecfi n\u00e0o ho\u1eb7c c\u1ea7n h\u1ed7 tr\u1ee3 th\u00eam, vui l\u00f2ng th\u00f4ng tin\u00a0li\u00ean h\u1ec7 v\u1edbi <a href=\"https:\/\/alumdoor.com\/en\/ve-chung-toi\/\">ch\u00fang t\u00f4i<\/a> qua c\u00e1c k\u00eanh sau:<\/p>\n\t<div id=\"gap-730346365\" class=\"gap-element clearfix\" style=\"display:block; height:auto;\">\n\t\t\n<style>\n#gap-730346365 {\n  padding-top: 15px;\n}\n<\/style>\n\t<\/div>\n\t\n<ul style=\"text-align: justify;\">\n<li><strong>\u0110\u1ecba ch\u1ec9<\/strong>:\u00a0<a href=\"https:\/\/maps.app.goo.gl\/1dx7C1SXdiTd4ZZPA\" target=\"_blank\" rel=\"nofollow noopener\">C\u00f4ng ty TNHH International Aluminum Application (IAA)<\/a>, s\u1ed1 12B \u0111\u01b0\u1eddng s\u1ed1 2, Ph\u01b0\u1eddng B\u00ecnh H\u01b0ng H\u00f2a, TP.HCM.<\/li>\n<li><strong>\u0110i\u1ec7n tho\u1ea1i<\/strong>:\u00a0<a href=\"https:\/\/zalo.me\/0946484889\" target=\"_blank\" rel=\"nofollow noopener\">0946.48.48.89<\/a>\u00a0(Mr. \u0110\u00f4n)<\/li>\n<li><strong>Fanpage:<\/strong>\u00a0<a href=\"https:\/\/www.facebook.com\/cuacuonalumdoor\" target=\"_blank\" rel=\"nofollow noopener\">C\u1eeda cu\u1ed1n Alumdoor<\/a><\/li>\n<li><strong>Email<\/strong>: salescenter.alumdoor@gmail.com<\/li>\n<li><span style=\"color: #333333; font-size: 100%;\"><strong>Th\u1eddi gian ho\u1ea1t \u0111\u1ed9ng: <\/strong>Th\u1ee9 2 &#8211; Th\u1ee9 7 (T\u1eeb 7h30 &#8211; 11h30 v\u00e0 13h00 &#8211; 17h00)<\/span><\/li>\n<\/ul>\n<p>Th\u00f4ng tin li\u00ean h\u1ec7 ngay v\u1edbi ch\u00fang t\u00f4i \u0111\u1ec3 \u0111\u01b0\u1ee3c h\u1ed7 tr\u1ee3.<\/p>\n<div id=\"content\" class=\"content-area\" role=\"main\">\n<section id=\"section_1258636628\" class=\"section hide-for-medium\">\n<div class=\"section-content relative\">\n<div id=\"row-570965969\" class=\"row row-large align-middle\">\n<div id=\"col-374813782\" class=\"col small-12 large-12\">\u00a0<\/div>\n<\/div>\n<\/div>\n<\/section>\n<\/div>\n<p>\u00a0<\/p>\n\t\t<\/div>\n\t\t\t\t\t<\/div>\n\n\t\n<\/div>\n<div class=\"row show-for-small\"  id=\"row-668536740\">\n\n\t<div id=\"col-2023743010\" class=\"col medium-4 small-12 large-4\"  >\n\t\t\t\t<div class=\"col-inner text-left\"  >\n\t\t\t\n\t\t\t\n\t<div id=\"gap-957484011\" class=\"gap-element clearfix\" style=\"display:block; height:auto;\">\n\t\t\n<style>\n#gap-957484011 {\n  padding-top: 15px;\n}\n<\/style>\n\t<\/div>\n\t\n<p>N\u1ebfu b\u1ea1n c\u00f3 b\u1ea5t k\u1ef3 c\u00e2u h\u1ecfi n\u00e0o ho\u1eb7c c\u1ea7n h\u1ed7 tr\u1ee3 th\u00eam, vui l\u00f2ng th\u00f4ng tin\u00a0li\u00ean h\u1ec7 v\u1edbi <a href=\"https:\/\/alumdoor.com\/en\/ve-chung-toi\/\">ch\u00fang t\u00f4i<\/a> qua c\u00e1c k\u00eanh sau:<\/p>\n\t<div id=\"gap-1415101772\" class=\"gap-element clearfix\" style=\"display:block; height:auto;\">\n\t\t\n<style>\n#gap-1415101772 {\n  padding-top: 15px;\n}\n<\/style>\n\t<\/div>\n\t\n<ul style=\"text-align: justify;\">\n<li><strong>\u0110\u1ecba ch\u1ec9<\/strong>:\u00a0<a href=\"https:\/\/maps.app.goo.gl\/1dx7C1SXdiTd4ZZPA\" target=\"_blank\" rel=\"nofollow noopener\">C\u00f4ng ty TNHH International Aluminum Application (IAA)<\/a>, s\u1ed1 12B \u0111\u01b0\u1eddng s\u1ed1 2, Ph\u01b0\u1eddng B\u00ecnh H\u01b0ng H\u00f2a, TP.HCM.<\/li>\n<li><strong>\u0110i\u1ec7n tho\u1ea1i<\/strong>:\u00a0<a href=\"https:\/\/zalo.me\/0946484889\" target=\"_blank\" rel=\"nofollow noopener\">0946.48.48.89<\/a>\u00a0(Mr. \u0110\u00f4n)<\/li>\n<li><strong>Fanpage:<\/strong> <a href=\"https:\/\/www.facebook.com\/cuacuonalumdoor\" target=\"_blank\" rel=\"nofollow noopener\">C\u1eeda cu\u1ed1n Alumdoor<\/a><\/li>\n<li><strong>Email<\/strong>: salescenter.alumdoor@gmail.com<\/li>\n<li><span style=\"color: #333333; font-size: 100%;\"><strong>Th\u1eddi gian ho\u1ea1t \u0111\u1ed9ng: <\/strong>Th\u1ee9 2 &#8211; Th\u1ee9 7 (T\u1eeb 7h30 &#8211; 11h30 v\u00e0 13h00 &#8211; 17h00)<\/span><\/li>\n<\/ul>\n<p><span style=\"color: #000000;\">Th\u00f4ng tin li\u00ean h\u1ec7 ngay v\u1edbi ch\u00fang t\u00f4i \u0111\u1ec3 \u0111\u01b0\u1ee3c h\u1ed7 tr\u1ee3.<\/span><\/p>\n\t\t<\/div>\n\t\t\t\t\n<style>\n#col-2023743010 > .col-inner {\n  max-width: 315px;\n}\n<\/style>\n\t<\/div>\n\n\t\n\n\t<div id=\"col-918369418\" class=\"col medium-8 small-12 large-8\"  >\n\t\t\t\t<div class=\"col-inner text-center\"  >\n\t\t\t\n\t\t\t\n\t<div class=\"img has-hover x md-x lg-x y md-y lg-y\" id=\"image_1150972445\">\n\t\t\t\t\t\t\t\t<div class=\"img-inner dark\" >\n\t\t\t<img decoding=\"async\" width=\"1020\" height=\"573\" src=\"https:\/\/alumdoor.com\/wp-content\/uploads\/2025\/02\/IMG_6561-1400x786.jpg\" class=\"attachment-large size-large\" alt=\"Th\u00f4ng tin li\u00ean h\u1ec7\" srcset=\"https:\/\/alumdoor.com\/wp-content\/uploads\/2025\/02\/IMG_6561-1400x786.jpg 1400w, https:\/\/alumdoor.com\/wp-content\/uploads\/2025\/02\/IMG_6561-scaled-510x286.jpg 510w, https:\/\/alumdoor.com\/wp-content\/uploads\/2025\/02\/IMG_6561-713x400.jpg 713w, https:\/\/alumdoor.com\/wp-content\/uploads\/2025\/02\/IMG_6561-768x431.jpg 768w, https:\/\/alumdoor.com\/wp-content\/uploads\/2025\/02\/IMG_6561-1536x862.jpg 1536w, https:\/\/alumdoor.com\/wp-content\/uploads\/2025\/02\/IMG_6561-2048x1150.jpg 2048w\" sizes=\"(max-width: 1020px) 100vw, 1020px\" \/>\t\t\t\t\t\t\n\t\t\t\t\t<\/div>\n\t\t\t\t\t\t\t\t\n<style>\n#image_1150972445 {\n  width: 100%;\n}\n<\/style>\n\t<\/div>\n\t\n\t\t<\/div>\n\t\t\t\t\t<\/div>\n\n\t\n<\/div>\n<div class=\"row hide-for-small\"  id=\"row-1870655075\">\n\n\t<div id=\"col-817001167\" class=\"col small-12 large-12\"  >\n\t\t\t\t<div class=\"col-inner text-center\"  >\n\t\t\t\n\t\t\t\n<div class=\"container section-title-container\" ><h2 class=\"section-title section-title-normal\"><b aria-hidden=\"true\"><\/b><span class=\"section-title-main\" >B\u1ea2N \u0110\u1ed2 H\u01af\u1edaNG D\u1eaaN<\/span><b aria-hidden=\"true\"><\/b><\/h2><\/div>\n\t<div id=\"text-3309246647\" class=\"text\">\n\t\t\n<p><iframe src=\"https:\/\/www.google.com\/maps\/embed?pb=!1m18!1m12!1m3!1d4475.229033907376!2d106.5983614755575!3d10.810185158569082!2m3!1f0!2f0!3f0!3m2!1i1024!2i768!4f13.1!3m3!1m2!1s0x31752b42b94b7d15%3A0xf3904119a4ee5ff1!2sC%E1%BB%ACA%20CU%E1%BB%90N%20ALUMDOOR%20-%20C%C3%94NG%20TY%20TNHH%20INTERNATIONAL%20ALUMINUM%20APPLICATION%20(IAA)!5e1!3m2!1sen!2s!4v1739980537214!5m2!1sen!2s\" width=\"1250\" height=\"500\" style=\"border:0;\" allowfullscreen=\"\" loading=\"lazy\" referrerpolicy=\"no-referrer-when-downgrade\"><\/iframe><\/p>\n\t\t\n<style>\n#text-3309246647 {\n  font-size: 0.75rem;\n  line-height: 0.75;\n}\n<\/style>\n\t<\/div>\n\t\n\t\t<\/div>\n\t\t\t\t\t<\/div>\n\n\t\n<\/div>\n<div class=\"row show-for-small\"  id=\"row-1037536953\">\n\n\t<div id=\"col-1805272738\" class=\"col small-12 large-12\"  >\n\t\t\t\t<div class=\"col-inner text-center\"  >\n\t\t\t\n\t\t\t\n<div class=\"container section-title-container\" ><h2 class=\"section-title section-title-normal\"><b aria-hidden=\"true\"><\/b><span class=\"section-title-main\" >B\u1ea2N \u0110\u1ed2 H\u01af\u1edaNG D\u1eaaN<\/span><b aria-hidden=\"true\"><\/b><\/h2><\/div>\n\t<div id=\"text-229811578\" class=\"text\">\n\t\t\n<p><iframe src=\"https:\/\/www.google.com\/maps\/embed?pb=!1m18!1m12!1m3!1d4475.229033907376!2d106.5983614755575!3d10.810185158569082!2m3!1f0!2f0!3f0!3m2!1i1024!2i768!4f13.1!3m3!1m2!1s0x31752b42b94b7d15%3A0xf3904119a4ee5ff1!2sC%E1%BB%ACA%20CU%E1%BB%90N%20ALUMDOOR%20-%20C%C3%94NG%20TY%20TNHH%20INTERNATIONAL%20ALUMINUM%20APPLICATION%20(IAA)!5e1!3m2!1sen!2s!4v1739980537214!5m2!1sen!2s\" width=\"950\" height=\"500\" style=\"border:0;\" allowfullscreen=\"\" loading=\"lazy\" referrerpolicy=\"no-referrer-when-downgrade\"><\/iframe><\/p>\n\t\t\n<style>\n#text-229811578 {\n  font-size: 0.75rem;\n  line-height: 0.75;\n}\n<\/style>\n\t<\/div>\n\t\n\t\t<\/div>\n\t\t\t\t\t<\/div>\n\n\t\n<\/div>","protected":false},"excerpt":{"rendered":"","protected":false},"author":1,"featured_media":4687,"parent":0,"menu_order":0,"comment_status":"closed","ping_status":"closed","template":"","meta":{"footnotes":""},"class_list":["post-471","page","type-page","status-publish","has-post-thumbnail","hentry"],"blog_post_layout_featured_media_urls":{"thumbnail":["https:\/\/alumdoor.com\/wp-content\/uploads\/2025\/02\/IMG_6561-280x280.jpg",280,280,true],"full":["https:\/\/alumdoor.com\/wp-content\/uploads\/2025\/02\/IMG_6561-scaled.jpg",2560,1437,false]},"categories_names":null,"comments_number":"0","_links":{"self":[{"href":"https:\/\/alumdoor.com\/en\/wp-json\/wp\/v2\/pages\/471","targetHints":{"allow":["GET"]}}],"collection":[{"href":"https:\/\/alumdoor.com\/en\/wp-json\/wp\/v2\/pages"}],"about":[{"href":"https:\/\/alumdoor.com\/en\/wp-json\/wp\/v2\/types\/page"}],"author":[{"embeddable":true,"href":"https:\/\/alumdoor.com\/en\/wp-json\/wp\/v2\/users\/1"}],"replies":[{"embeddable":true,"href":"https:\/\/alumdoor.com\/en\/wp-json\/wp\/v2\/comments?post=471"}],"version-history":[{"count":0,"href":"https:\/\/alumdoor.com\/en\/wp-json\/wp\/v2\/pages\/471\/revisions"}],"wp:featuredmedia":[{"embeddable":true,"href":"https:\/\/alumdoor.com\/en\/wp-json\/wp\/v2\/media\/4687"}],"wp:attachment":[{"href":"https:\/\/alumdoor.com\/en\/wp-json\/wp\/v2\/media?parent=471"}],"curies":[{"name":"wp","href":"https:\/\/api.w.org\/{rel}","templated":true}]}}