{"id":2641,"date":"2025-02-23T15:02:47","date_gmt":"2025-02-23T08:02:47","guid":{"rendered":"http:\/\/alumdoor.com\/?page_id=2641"},"modified":"2025-02-23T16:08:30","modified_gmt":"2025-02-23T09:08:30","slug":"chinh-sach-bao-mat","status":"publish","type":"page","link":"https:\/\/alumdoor.com\/en\/chinh-sach-bao-mat\/","title":{"rendered":"Ch\u00ednh s\u00e1ch b\u1ea3o m\u1eadt"},"content":{"rendered":"<section class=\"section\" id=\"section_750249620\">\n\t\t<div class=\"section-bg fill\" >\n\t\t\t\t\t\t\t\t\t\n\t\t\t\n\n\t\t<\/div>\n\n\t\t\n\n\t\t<div class=\"section-content relative\">\n\t\t\t\n<div class=\"container section-title-container\" ><h1 class=\"section-title section-title-normal\"><b aria-hidden=\"true\"><\/b><span class=\"section-title-main\" >Ch\u00ednh s\u00e1ch b\u1ea3o m\u1eadt c\u1ee7a Alumdoor<\/span><b aria-hidden=\"true\"><\/b><\/h1><\/div>\n<p>Ch\u00ednh s\u00e1ch b\u1ea3o m\u1eadt l\u00e0 m\u1ed9t ph\u1ea7n quan tr\u1ecdng trong vi\u1ec7c b\u1ea3o v\u1ec7 th\u00f4ng tin c\u00e1 nh\u00e2n c\u1ee7a kh\u00e1ch h\u00e0ng. T\u1ea1i Alumdoor, ch\u00fang t\u00f4i cam k\u1ebft b\u1ea3o v\u1ec7 quy\u1ec1n ri\u00eang t\u01b0 c\u1ee7a b\u1ea1n v\u00e0 \u0111\u1ea3m b\u1ea3o r\u1eb1ng th\u00f4ng tin c\u00e1 nh\u00e2n c\u1ee7a b\u1ea1n \u0111\u01b0\u1ee3c x\u1eed l\u00fd m\u1ed9t c\u00e1ch an to\u00e0n v\u00e0 b\u1ea3o m\u1eadt. Ch\u00ednh s\u00e1ch b\u1ea3o m\u1eadt r\u00f5 r\u00e0ng v\u00e0 minh b\u1ea1ch gi\u00fap b\u1ea1n y\u00ean t\u00e2m khi s\u1eed d\u1ee5ng d\u1ecbch v\u1ee5 c\u1ee7a ch\u00fang t\u00f4i.<\/p>\n<h2><span style=\"font-size: 80%;\">1. TH\u00d4NG TIN CH\u00daNG T\u00d4I THU TH\u1eacP<\/span><\/h2>\n<p>Alumdoor thu th\u1eadp c\u00e1c lo\u1ea1i th\u00f4ng tin c\u00e1 nh\u00e2n nh\u01b0 t\u00ean, \u0111\u1ecba ch\u1ec9 email, s\u1ed1 \u0111i\u1ec7n tho\u1ea1i v\u00e0 \u0111\u1ecba ch\u1ec9 giao h\u00e0ng. Ch\u00fang t\u00f4i thu th\u1eadp th\u00f4ng tin n\u00e0y qua c\u00e1c bi\u1ec3u m\u1eabu \u0111\u0103ng k\u00fd tr\u00ean website, cookies v\u00e0 c\u00e1c t\u01b0\u01a1ng t\u00e1c tr\u1ef1c ti\u1ebfp v\u1edbi kh\u00e1ch h\u00e0ng. Ch\u00ednh s\u00e1ch b\u1ea3o m\u1eadt c\u1ee7a ch\u00fang t\u00f4i \u0111\u1ea3m b\u1ea3o r\u1eb1ng m\u1ecdi th\u00f4ng tin c\u00e1 nh\u00e2n \u0111\u01b0\u1ee3c thu th\u1eadp \u0111\u1ec1u \u0111\u01b0\u1ee3c x\u1eed l\u00fd m\u1ed9t c\u00e1ch an to\u00e0n v\u00e0 b\u1ea3o m\u1eadt.<\/p>\n<h2><span style=\"font-size: 80%;\">2. M\u1ee4C \u0110\u00cdCH THU TH\u1eacP TH\u00d4NG TIN<\/span><\/h2>\n<p>Ch\u00fang t\u00f4i thu th\u1eadp th\u00f4ng tin c\u00e1 nh\u00e2n \u0111\u1ec3 c\u1ea3i thi\u1ec7n d\u1ecbch v\u1ee5, g\u1eedi th\u00f4ng tin khuy\u1ebfn m\u00e3i v\u00e0 h\u1ed7 tr\u1ee3 kh\u00e1ch h\u00e0ng m\u1ed9t c\u00e1ch t\u1ed1t nh\u1ea5t. Th\u00f4ng tin c\u00e1 nh\u00e2n c\u1ee7a b\u1ea1n \u0111\u01b0\u1ee3c s\u1eed d\u1ee5ng \u0111\u1ec3 x\u1eed l\u00fd \u0111\u01a1n h\u00e0ng, cung c\u1ea5p d\u1ecbch v\u1ee5 v\u00e0 h\u1ed7 tr\u1ee3 k\u1ef9 thu\u1eadt. Ch\u00ednh s\u00e1ch b\u1ea3o m\u1eadt c\u1ee7a Alumdoor \u0111\u1ea3m b\u1ea3o r\u1eb1ng th\u00f4ng tin c\u1ee7a b\u1ea1n ch\u1ec9 \u0111\u01b0\u1ee3c s\u1eed d\u1ee5ng cho c\u00e1c m\u1ee5c \u0111\u00edch \u0111\u00e3 n\u00eau v\u00e0 kh\u00f4ng \u0111\u01b0\u1ee3c chia s\u1ebb tr\u00e1i ph\u00e9p.<\/p>\n<h2><span style=\"font-size: 80%;\">3. CHIA S\u1eba TH\u00d4NG TIN C\u00c1 NH\u00c2N<\/span><\/h2>\n<p>Alumdoor c\u00f3 th\u1ec3 chia s\u1ebb th\u00f4ng tin c\u00e1 nh\u00e2n c\u1ee7a b\u1ea1n v\u1edbi c\u00e1c b\u00ean th\u1ee9 ba nh\u01b0 \u0111\u1ed1i t\u00e1c kinh doanh v\u00e0 nh\u00e0 cung c\u1ea5p d\u1ecbch v\u1ee5 \u0111\u1ec3 th\u1ef1c hi\u1ec7n c\u00e1c ho\u1ea1t \u0111\u1ed9ng kinh doanh. Tuy nhi\u00ean, ch\u00ednh s\u00e1ch b\u1ea3o m\u1eadt c\u1ee7a ch\u00fang t\u00f4i \u0111\u1ea3m b\u1ea3o r\u1eb1ng th\u00f4ng tin c\u1ee7a b\u1ea1n ch\u1ec9 \u0111\u01b0\u1ee3c chia s\u1ebb trong c\u00e1c \u0111i\u1ec1u ki\u1ec7n v\u00e0 m\u1ee5c \u0111\u00edch c\u1ee5 th\u1ec3, v\u00e0 c\u00e1c b\u00ean th\u1ee9 ba n\u00e0y c\u0169ng ph\u1ea3i tu\u00e2n th\u1ee7 c\u00e1c quy \u0111\u1ecbnh b\u1ea3o m\u1eadt nghi\u00eam ng\u1eb7t.<\/p>\n<h2><span style=\"font-size: 80%;\">4. B\u1ea2O M\u1eacT TH\u00d4NG TIN C\u00c1 NH\u00c2N<\/span><\/h2>\n<p>Ch\u00fang t\u00f4i \u00e1p d\u1ee5ng c\u00e1c bi\u1ec7n ph\u00e1p b\u1ea3o m\u1eadt nh\u01b0 m\u00e3 h\u00f3a d\u1eef li\u1ec7u v\u00e0 t\u01b0\u1eddng l\u1eeda \u0111\u1ec3 b\u1ea3o v\u1ec7 th\u00f4ng tin c\u00e1 nh\u00e2n c\u1ee7a b\u1ea1n. Ch\u00ednh s\u00e1ch b\u1ea3o m\u1eadt c\u1ee7a Alumdoor bao g\u1ed3m c\u00e1c quy tr\u00ecnh x\u1eed l\u00fd khi c\u00f3 vi ph\u1ea1m b\u1ea3o m\u1eadt, \u0111\u1ea3m b\u1ea3o r\u1eb1ng m\u1ecdi s\u1ef1 c\u1ed1 \u0111\u1ec1u \u0111\u01b0\u1ee3c gi\u1ea3i quy\u1ebft k\u1ecbp th\u1eddi v\u00e0 hi\u1ec7u qu\u1ea3. Ch\u00fang t\u00f4i cam k\u1ebft b\u1ea3o v\u1ec7 th\u00f4ng tin c\u00e1 nh\u00e2n c\u1ee7a b\u1ea1n kh\u1ecfi c\u00e1c m\u1ed1i \u0111e d\u1ecda v\u00e0 r\u1ee7i ro.<\/p>\n<h2><span style=\"font-size: 80%;\">5. QUY\u1ec0N C\u1ee6A KH\u00c1CH H\u00c0NG<\/span><\/h2>\n<p>B\u1ea1n c\u00f3 quy\u1ec1n truy c\u1eadp, ch\u1ec9nh s\u1eeda v\u00e0 x\u00f3a th\u00f4ng tin c\u00e1 nh\u00e2n c\u1ee7a m\u00ecnh. Ch\u00ednh s\u00e1ch b\u1ea3o m\u1eadt c\u1ee7a Alumdoor cung c\u1ea5p c\u00e1c h\u01b0\u1edbng d\u1eabn chi ti\u1ebft v\u1ec1 c\u00e1ch th\u1ef1c hi\u1ec7n c\u00e1c quy\u1ec1n n\u00e0y. B\u1ea1n c\u00f3 th\u1ec3 li\u00ean h\u1ec7 v\u1edbi ch\u00fang t\u00f4i qua email ho\u1eb7c bi\u1ec3u m\u1eabu tr\u1ef1c tuy\u1ebfn \u0111\u1ec3 y\u00eau c\u1ea7u truy c\u1eadp, ch\u1ec9nh s\u1eeda ho\u1eb7c y\u00eau c\u1ea7u kh\u00f4ng cung c\u1ea5p th\u00f4ng tin c\u00e1 nh\u00e2n c\u1ee7a m\u00ecnh.<\/p>\n<h2><span style=\"font-size: 80%;\">6. TH\u1edcI GIAN L\u01afU TR\u1eee TH\u00d4NG TIN<\/span><\/h2>\n<p>Th\u00f4ng tin c\u00e1 nh\u00e2n c\u1ee7a b\u1ea1n s\u1ebd \u0111\u01b0\u1ee3c l\u01b0u tr\u1eef trong th\u1eddi gian c\u1ea7n thi\u1ebft \u0111\u1ec3 th\u1ef1c hi\u1ec7n c\u00e1c m\u1ee5c \u0111\u00edch \u0111\u00e3 n\u00eau trong ch\u00ednh s\u00e1ch b\u1ea3o m\u1eadt. Khi th\u00f4ng tin kh\u00f4ng c\u00f2n c\u1ea7n thi\u1ebft, ch\u00fang t\u00f4i s\u1ebd x\u00f3a ho\u1eb7c \u1ea9n danh th\u00f4ng tin \u0111\u00f3 theo quy tr\u00ecnh b\u1ea3o m\u1eadt c\u1ee7a Alumdoor. \u0110i\u1ec1u n\u00e0y \u0111\u1ea3m b\u1ea3o r\u1eb1ng th\u00f4ng tin c\u1ee7a b\u1ea1n kh\u00f4ng b\u1ecb l\u01b0u tr\u1eef l\u00e2u h\u01a1n th\u1eddi gian c\u1ea7n thi\u1ebft.<\/p>\n<h2><span style=\"font-size: 80%;\">7. TU\u00c2N TH\u1ee6 PH\u00c1P LU\u1eacT<\/span><\/h2>\n<p>Alumdoor cam k\u1ebft tu\u00e2n th\u1ee7 c\u00e1c quy \u0111\u1ecbnh ph\u00e1p lu\u1eadt li\u00ean quan \u0111\u1ebfn b\u1ea3o m\u1eadt th\u00f4ng tin c\u00e1 nh\u00e2n. Ch\u00ednh s\u00e1ch b\u1ea3o m\u1eadt c\u1ee7a ch\u00fang t\u00f4i \u0111\u01b0\u1ee3c thi\u1ebft k\u1ebf \u0111\u1ec3 \u0111\u1ea3m b\u1ea3o r\u1eb1ng m\u1ecdi ho\u1ea1t \u0111\u1ed9ng thu th\u1eadp, s\u1eed d\u1ee5ng v\u00e0 chia s\u1ebb th\u00f4ng tin c\u00e1 nh\u00e2n \u0111\u1ec1u tu\u00e2n th\u1ee7 c\u00e1c quy \u0111\u1ecbnh ph\u00e1p lu\u1eadt hi\u1ec7n h\u00e0nh. Ch\u00fang t\u00f4i lu\u00f4n c\u1eadp nh\u1eadt ch\u00ednh s\u00e1ch b\u1ea3o m\u1eadt \u0111\u1ec3 ph\u00f9 h\u1ee3p v\u1edbi c\u00e1c thay \u0111\u1ed5i trong quy \u0111\u1ecbnh ph\u00e1p lu\u1eadt.<\/p>\n<h2><span style=\"font-size: 80%;\">8. LI\u00caN H\u1ec6 V\u00c0 H\u1ed6 TR\u1ee2<\/span><\/h2>\n<p>N\u1ebfu b\u1ea1n c\u00f3 b\u1ea5t k\u1ef3 th\u1eafc m\u1eafc n\u00e0o v\u1ec1 ch\u00ednh s\u00e1ch b\u1ea3o m\u1eadt c\u1ee7a Alumdoor, vui l\u00f2ng li\u00ean h\u1ec7 v\u1edbi ch\u00fang t\u00f4i qua email ho\u1eb7c s\u1ed1 \u0111i\u1ec7n tho\u1ea1i h\u1ed7 tr\u1ee3 kh\u00e1ch h\u00e0ng. Ch\u00fang t\u00f4i lu\u00f4n s\u1eb5n s\u00e0ng gi\u1ea3i \u0111\u00e1p m\u1ecdi th\u1eafc m\u1eafc v\u00e0 h\u1ed7 tr\u1ee3 b\u1ea1n trong vi\u1ec7c b\u1ea3o v\u1ec7 th\u00f4ng tin c\u00e1 nh\u00e2n c\u1ee7a m\u00ecnh. Ch\u00ednh s\u00e1ch b\u1ea3o m\u1eadt c\u1ee7a ch\u00fang t\u00f4i \u0111\u1ea3m b\u1ea3o r\u1eb1ng m\u1ecdi y\u00eau c\u1ea7u c\u1ee7a b\u1ea1n s\u1ebd \u0111\u01b0\u1ee3c x\u1eed l\u00fd nhanh ch\u00f3ng v\u00e0 hi\u1ec7u qu\u1ea3.<\/p>\n<h2><span style=\"font-size: 80%;\">K\u1ebeT LU\u1eacN<\/span><\/h2>\n<p>Ch\u00ednh s\u00e1ch b\u1ea3o m\u1eadt l\u00e0 m\u1ed9t ph\u1ea7n kh\u00f4ng th\u1ec3 thi\u1ebfu trong vi\u1ec7c b\u1ea3o v\u1ec7 th\u00f4ng tin c\u00e1 nh\u00e2n c\u1ee7a kh\u00e1ch h\u00e0ng. T\u1ea1i Alumdoor, ch\u00fang t\u00f4i cam k\u1ebft b\u1ea3o v\u1ec7 quy\u1ec1n ri\u00eang t\u01b0 c\u1ee7a b\u1ea1n v\u00e0 \u0111\u1ea3m b\u1ea3o r\u1eb1ng th\u00f4ng tin c\u00e1 nh\u00e2n c\u1ee7a b\u1ea1n \u0111\u01b0\u1ee3c x\u1eed l\u00fd m\u1ed9t c\u00e1ch an to\u00e0n v\u00e0 b\u1ea3o m\u1eadt. H\u00e3y \u0111\u1ecdc k\u1ef9 v\u00e0 tu\u00e2n th\u1ee7 ch\u00ednh s\u00e1ch b\u1ea3o m\u1eadt c\u1ee7a ch\u00fang t\u00f4i \u0111\u1ec3 \u0111\u1ea3m b\u1ea3o r\u1eb1ng th\u00f4ng tin c\u1ee7a b\u1ea1n lu\u00f4n \u0111\u01b0\u1ee3c b\u1ea3o v\u1ec7.<\/p>\n\t\t<\/div>\n\n\t\t\n<style>\n#section_750249620 {\n  padding-top: 30px;\n  padding-bottom: 30px;\n}\n<\/style>\n\t<\/section>\n\t\n\n\t<section class=\"section\" id=\"section_790163026\">\n\t\t<div class=\"section-bg fill\" >\n\t\t\t\t\t\t\t\t\t<div class=\"section-bg-overlay absolute fill\"><\/div>\n\t\t\t\n\n\t\t<\/div>\n\n\t\t\n\n\t\t<div class=\"section-content relative\">\n\t\t\t\n<div class=\"container section-title-container\" ><h2 class=\"section-title section-title-normal\"><b aria-hidden=\"true\"><\/b><span class=\"section-title-main\" >LI\u00caN H\u1ec6 TR\u1ede TH\u00c0NH \u0110\u1ea0I L\u00dd NGAY!<\/span><b aria-hidden=\"true\"><\/b><\/h2><\/div>\n<p>N\u1ebfu b\u1ea1n c\u00f3 b\u1ea5t k\u1ef3 c\u00e2u h\u1ecfi n\u00e0o ho\u1eb7c c\u1ea7n h\u1ed7 tr\u1ee3 th\u00eam ho\u1eb7c c\u00f3 nhu c\u1ea7u ph\u00e2n ph\u1ed1i s\u1ea3n ph\u1ea9m. Vui l\u00f2ng <a href=\"https:\/\/alumdoor.com\/en\/lien-he\/\">li\u00ean h\u1ec7<\/a> v\u1ec1 ch\u00fang t\u00f4i qua c\u00e1c k\u00eanh sau:<\/p>\n<ul>\n<li><strong>\u0110\u1ecba ch\u1ec9<\/strong>: <a href=\"https:\/\/maps.app.goo.gl\/1dx7C1SXdiTd4ZZPA\" target=\"_blank\" rel=\"noopener\">C\u00f4ng ty TNHH International Aluminum Application (IAA)<\/a>, s\u1ed1 12B, \u0110\u01b0\u1eddng B\u00ecnh H\u01b0ng H\u00f2a, Qu\u1eadn B\u00ecnh T\u00e2n, TP.HCM.<\/li>\n<li><strong>\u0110i\u1ec7n tho\u1ea1i<\/strong>: <a href=\"https:\/\/zalo.me\/0946484889\" target=\"_blank\" rel=\"noopener\">0946.48.48.89<\/a> (Mr. \u0110\u00f4n)<\/li>\n<li><strong>Fanpage:<\/strong> <a href=\"https:\/\/www.facebook.com\/cuacuonalumdoor\" target=\"_blank\" rel=\"noopener\">C\u1eeda cu\u1ed1n Alumdoor<\/a><\/li>\n<li><strong>Website<\/strong>: www.alumdoor.com<\/li>\n<\/ul>\n<p>V\u1ec1 ch\u00fang t\u00f4i Alumdoor lu\u00f4n s\u1eb5n s\u00e0ng l\u1eafng nghe v\u00e0 h\u1ed7 tr\u1ee3 b\u1ea1n. C\u1ea3m \u01a1n b\u1ea1n \u0111\u00e3 tin t\u01b0\u1edfng v\u00e0 l\u1ef1a ch\u1ecdn Alumdoor!<\/p>\n\t\t<\/div>\n\n\t\t\n<style>\n#section_790163026 {\n  padding-top: 30px;\n  padding-bottom: 30px;\n  background-color: rgb(193, 193, 193);\n}\n#section_790163026 .section-bg-overlay {\n  background-color: rgba(255, 255, 255, 0.85);\n}\n<\/style>\n\t<\/section>","protected":false},"excerpt":{"rendered":"","protected":false},"author":5,"featured_media":4410,"parent":0,"menu_order":0,"comment_status":"closed","ping_status":"closed","template":"","meta":{"footnotes":""},"class_list":["post-2641","page","type-page","status-publish","has-post-thumbnail","hentry"],"blog_post_layout_featured_media_urls":{"thumbnail":["https:\/\/alumdoor.com\/wp-content\/uploads\/2025\/02\/2.-Alumdoor-Logo-05-1-280x280.png",280,280,true],"full":["https:\/\/alumdoor.com\/wp-content\/uploads\/2025\/02\/2.-Alumdoor-Logo-05-1.png",1182,1178,false]},"categories_names":null,"comments_number":"0","_links":{"self":[{"href":"https:\/\/alumdoor.com\/en\/wp-json\/wp\/v2\/pages\/2641","targetHints":{"allow":["GET"]}}],"collection":[{"href":"https:\/\/alumdoor.com\/en\/wp-json\/wp\/v2\/pages"}],"about":[{"href":"https:\/\/alumdoor.com\/en\/wp-json\/wp\/v2\/types\/page"}],"author":[{"embeddable":true,"href":"https:\/\/alumdoor.com\/en\/wp-json\/wp\/v2\/users\/5"}],"replies":[{"embeddable":true,"href":"https:\/\/alumdoor.com\/en\/wp-json\/wp\/v2\/comments?post=2641"}],"version-history":[{"count":0,"href":"https:\/\/alumdoor.com\/en\/wp-json\/wp\/v2\/pages\/2641\/revisions"}],"wp:featuredmedia":[{"embeddable":true,"href":"https:\/\/alumdoor.com\/en\/wp-json\/wp\/v2\/media\/4410"}],"wp:attachment":[{"href":"https:\/\/alumdoor.com\/en\/wp-json\/wp\/v2\/media?parent=2641"}],"curies":[{"name":"wp","href":"https:\/\/api.w.org\/{rel}","templated":true}]}}